{"id":4310,"date":"2020-03-05T15:38:04","date_gmt":"2020-03-05T15:38:04","guid":{"rendered":"http:\/\/patrimoine-laroque-des-alberes.fr\/?page_id=4310"},"modified":"2025-10-10T12:58:27","modified_gmt":"2025-10-10T12:58:27","slug":"chapelle-de-tanya","status":"publish","type":"page","link":"https:\/\/patrimoine-laroque-des-alberes.fr\/?page_id=4310","title":{"rendered":"Chapelle Notre Dame de   Tanya"},"content":{"rendered":"<div class=\"wp-block-image is-resized\">\n<figure class=\"aligncenter size-large\"><img loading=\"lazy\" decoding=\"async\" width=\"400\" height=\"300\" src=\"https:\/\/patrimoine-laroque-des-alberes.fr\/wp-content\/uploads\/2020\/04\/Tanya-termin\u00e9e-2014_opt.jpg\" alt=\"\" class=\"wp-image-4819\" srcset=\"https:\/\/patrimoine-laroque-des-alberes.fr\/wp-content\/uploads\/2020\/04\/Tanya-termin\u00e9e-2014_opt.jpg 400w, https:\/\/patrimoine-laroque-des-alberes.fr\/wp-content\/uploads\/2020\/04\/Tanya-termin\u00e9e-2014_opt-300x225.jpg 300w\" sizes=\"auto, (max-width: 400px) 100vw, 400px\" \/><figcaption class=\"wp-element-caption\"><strong> La chapelle de Tanya date du IXe si\u00e8cle et est d\u00e9di\u00e9e \u00e0 la Vierge Marie. La premi\u00e8re mention de Tanya appara\u00eet pour la premi\u00e8re fois en 875. Au cours des si\u00e8cles on la retrouve sous le nom de Tagnano en 972, Taniano en 1100, Tanyano en 1401 et Tanya \u00e0 partir de 1433. <\/strong><\/figcaption><\/figure>\n<\/div>\n\n\n<p style=\"font-size:1px\">L<\/p>\n\n\n\n<p style=\"text-align: center;\"><strong>La restauration de la Chapelle de Tanya a d\u00e9but\u00e9 en 2011 et s&rsquo;est poursuivie jusqu&rsquo;en 2017.<\/strong><\/p>\n<p><\/p>\n\n\n<div class=\"wp-block-image\">\n<figure class=\"aligncenter size-large\"><img loading=\"lazy\" decoding=\"async\" width=\"400\" height=\"300\" src=\"https:\/\/patrimoine-laroque-des-alberes.fr\/wp-content\/uploads\/2020\/04\/Tanya-2011-09-avant_opt.jpg\" alt=\"\" class=\"wp-image-4822\" srcset=\"https:\/\/patrimoine-laroque-des-alberes.fr\/wp-content\/uploads\/2020\/04\/Tanya-2011-09-avant_opt.jpg 400w, https:\/\/patrimoine-laroque-des-alberes.fr\/wp-content\/uploads\/2020\/04\/Tanya-2011-09-avant_opt-300x225.jpg 300w\" sizes=\"auto, (max-width: 400px) 100vw, 400px\" \/><figcaption class=\"wp-element-caption\">  <strong>CHAPELLE EN 2011<\/strong><br><\/figcaption><\/figure>\n<\/div>\n\n\n<hr class=\"wp-block-separator has-css-opacity\"\/>\n\n\n<div class=\"wp-block-image\">\n<figure class=\"aligncenter size-large\"><img loading=\"lazy\" decoding=\"async\" width=\"400\" height=\"533\" src=\"https:\/\/patrimoine-laroque-des-alberes.fr\/wp-content\/uploads\/2020\/04\/Tanya-2014-06-echafaudage_opt-1.jpg\" alt=\"\" class=\"wp-image-4826\" srcset=\"https:\/\/patrimoine-laroque-des-alberes.fr\/wp-content\/uploads\/2020\/04\/Tanya-2014-06-echafaudage_opt-1.jpg 400w, https:\/\/patrimoine-laroque-des-alberes.fr\/wp-content\/uploads\/2020\/04\/Tanya-2014-06-echafaudage_opt-1-225x300.jpg 225w\" sizes=\"auto, (max-width: 400px) 100vw, 400px\" \/><figcaption class=\"wp-element-caption\"><strong>DEBUT DES TRAVAUX<\/strong> <strong>EXTERIEURS<\/strong><br><br><\/figcaption><\/figure>\n<\/div>\n\n\n<h5 style=\"text-align: center;\"><strong>D\u00e9shumidification des murs et nettoyage des murs et des statues<\/strong><\/h5>\n\n\n\n<figure class=\"wp-block-gallery has-nested-images columns-3 is-cropped wp-block-gallery-2 is-layout-flex wp-block-gallery-is-layout-flex\">\n<figure class=\"wp-block-image size-large\"><a href=\"https:\/\/patrimoine-laroque-des-alberes.fr\/wp-content\/uploads\/2020\/04\/Tanya-2013-04-mur-interieur_opt.jpg\"><img loading=\"lazy\" decoding=\"async\" width=\"400\" height=\"300\" data-id=\"4828\" src=\"https:\/\/patrimoine-laroque-des-alberes.fr\/wp-content\/uploads\/2020\/04\/Tanya-2013-04-mur-interieur_opt.jpg\" alt=\"\" class=\"wp-image-4828\" srcset=\"https:\/\/patrimoine-laroque-des-alberes.fr\/wp-content\/uploads\/2020\/04\/Tanya-2013-04-mur-interieur_opt.jpg 400w, https:\/\/patrimoine-laroque-des-alberes.fr\/wp-content\/uploads\/2020\/04\/Tanya-2013-04-mur-interieur_opt-300x225.jpg 300w\" sizes=\"auto, (max-width: 400px) 100vw, 400px\" \/><\/a><\/figure>\n\n\n\n<figure class=\"wp-block-image size-large\"><a href=\"https:\/\/patrimoine-laroque-des-alberes.fr\/wp-content\/uploads\/2020\/04\/Tanya-2013-05-interieur_opt.jpg\"><img loading=\"lazy\" decoding=\"async\" width=\"400\" height=\"535\" data-id=\"4830\" src=\"https:\/\/patrimoine-laroque-des-alberes.fr\/wp-content\/uploads\/2020\/04\/Tanya-2013-05-interieur_opt.jpg\" alt=\"\" class=\"wp-image-4830\" srcset=\"https:\/\/patrimoine-laroque-des-alberes.fr\/wp-content\/uploads\/2020\/04\/Tanya-2013-05-interieur_opt.jpg 400w, https:\/\/patrimoine-laroque-des-alberes.fr\/wp-content\/uploads\/2020\/04\/Tanya-2013-05-interieur_opt-224x300.jpg 224w\" sizes=\"auto, (max-width: 400px) 100vw, 400px\" \/><\/a><\/figure>\n\n\n\n<figure class=\"wp-block-image size-large\"><a href=\"https:\/\/patrimoine-laroque-des-alberes.fr\/wp-content\/uploads\/2020\/04\/Tanya-2015-mur-craqual\u00e9_opt.jpg\"><img loading=\"lazy\" decoding=\"async\" width=\"400\" height=\"300\" data-id=\"4831\" src=\"https:\/\/patrimoine-laroque-des-alberes.fr\/wp-content\/uploads\/2020\/04\/Tanya-2015-mur-craqual\u00e9_opt.jpg\" alt=\"\" class=\"wp-image-4831\" srcset=\"https:\/\/patrimoine-laroque-des-alberes.fr\/wp-content\/uploads\/2020\/04\/Tanya-2015-mur-craqual\u00e9_opt.jpg 400w, https:\/\/patrimoine-laroque-des-alberes.fr\/wp-content\/uploads\/2020\/04\/Tanya-2015-mur-craqual\u00e9_opt-300x225.jpg 300w\" sizes=\"auto, (max-width: 400px) 100vw, 400px\" \/><\/a><\/figure>\n<\/figure>\n\n\n\n<figure class=\"wp-block-gallery has-nested-images columns-default is-cropped wp-block-gallery-3 is-layout-flex wp-block-gallery-is-layout-flex\">\n<figure class=\"wp-block-image size-large\"><img loading=\"lazy\" decoding=\"async\" width=\"400\" height=\"300\" data-id=\"4833\" src=\"https:\/\/patrimoine-laroque-des-alberes.fr\/wp-content\/uploads\/2020\/04\/Tanya-2013-07-restau-statues_opt.jpg\" alt=\"\" class=\"wp-image-4833\" srcset=\"https:\/\/patrimoine-laroque-des-alberes.fr\/wp-content\/uploads\/2020\/04\/Tanya-2013-07-restau-statues_opt.jpg 400w, https:\/\/patrimoine-laroque-des-alberes.fr\/wp-content\/uploads\/2020\/04\/Tanya-2013-07-restau-statues_opt-300x225.jpg 300w\" sizes=\"auto, (max-width: 400px) 100vw, 400px\" \/><\/figure>\n\n\n\n<figure class=\"wp-block-image size-large\"><img loading=\"lazy\" decoding=\"async\" width=\"400\" height=\"298\" data-id=\"4835\" src=\"https:\/\/patrimoine-laroque-des-alberes.fr\/wp-content\/uploads\/2020\/04\/Tanya-2013-int\u00e9rieur-fini_opt.jpg\" alt=\"\" class=\"wp-image-4835\" srcset=\"https:\/\/patrimoine-laroque-des-alberes.fr\/wp-content\/uploads\/2020\/04\/Tanya-2013-int\u00e9rieur-fini_opt.jpg 400w, https:\/\/patrimoine-laroque-des-alberes.fr\/wp-content\/uploads\/2020\/04\/Tanya-2013-int\u00e9rieur-fini_opt-300x224.jpg 300w\" sizes=\"auto, (max-width: 400px) 100vw, 400px\" \/><\/figure>\n<\/figure>\n\n\n<div class=\"wp-block-image\">\n<figure class=\"aligncenter size-large\"><img loading=\"lazy\" decoding=\"async\" width=\"400\" height=\"300\" src=\"https:\/\/patrimoine-laroque-des-alberes.fr\/wp-content\/uploads\/2020\/04\/Tanya-Maire_opt.jpg\" alt=\"\" class=\"wp-image-4837\" srcset=\"https:\/\/patrimoine-laroque-des-alberes.fr\/wp-content\/uploads\/2020\/04\/Tanya-Maire_opt.jpg 400w, https:\/\/patrimoine-laroque-des-alberes.fr\/wp-content\/uploads\/2020\/04\/Tanya-Maire_opt-300x225.jpg 300w\" sizes=\"auto, (max-width: 400px) 100vw, 400px\" \/><\/figure>\n<\/div>\n\n\n<hr class=\"wp-block-separator has-css-opacity\"\/>\n\n\n\n<h5 class=\"wp-block-heading has-text-align-center\"><strong>Bapt\u00eame \u00e0 la Chapelle de la cloche offerte par l&rsquo;Association<\/strong><\/h5>\n\n\n\n<figure class=\"wp-block-gallery aligncenter has-nested-images columns-default is-cropped wp-block-gallery-4 is-layout-flex wp-block-gallery-is-layout-flex\">\n<figure class=\"wp-block-image size-large\"><img loading=\"lazy\" decoding=\"async\" width=\"400\" height=\"225\" data-id=\"4839\" src=\"https:\/\/patrimoine-laroque-des-alberes.fr\/wp-content\/uploads\/2020\/04\/tanya-2016-cloche_opt-3.jpg\" alt=\"\" class=\"wp-image-4839\" srcset=\"https:\/\/patrimoine-laroque-des-alberes.fr\/wp-content\/uploads\/2020\/04\/tanya-2016-cloche_opt-3.jpg 400w, https:\/\/patrimoine-laroque-des-alberes.fr\/wp-content\/uploads\/2020\/04\/tanya-2016-cloche_opt-3-300x169.jpg 300w\" sizes=\"auto, (max-width: 400px) 100vw, 400px\" \/><\/figure>\n<\/figure>\n\n\n\n<hr class=\"wp-block-separator has-css-opacity\"\/>\n\n\n\n<h5 class=\"wp-block-heading has-text-align-center\"><strong>R\u00e9fection du mur d&rsquo;enceinte de la Chapelle<\/strong><\/h5>\n\n\n\n<figure class=\"wp-block-gallery has-nested-images columns-default is-cropped wp-block-gallery-5 is-layout-flex wp-block-gallery-is-layout-flex\">\n<figure class=\"wp-block-image size-large\"><img loading=\"lazy\" decoding=\"async\" width=\"400\" height=\"225\" data-id=\"4841\" src=\"https:\/\/patrimoine-laroque-des-alberes.fr\/wp-content\/uploads\/2020\/04\/Tanya-D\u00e9but-mur-enceinte_opt.jpg\" alt=\"\" class=\"wp-image-4841\" srcset=\"https:\/\/patrimoine-laroque-des-alberes.fr\/wp-content\/uploads\/2020\/04\/Tanya-D\u00e9but-mur-enceinte_opt.jpg 400w, https:\/\/patrimoine-laroque-des-alberes.fr\/wp-content\/uploads\/2020\/04\/Tanya-D\u00e9but-mur-enceinte_opt-300x169.jpg 300w\" sizes=\"auto, (max-width: 400px) 100vw, 400px\" \/><figcaption class=\"wp-element-caption\">Jpeg<\/figcaption><\/figure>\n\n\n\n<figure class=\"wp-block-image size-large\"><img loading=\"lazy\" decoding=\"async\" width=\"400\" height=\"225\" data-id=\"4842\" src=\"https:\/\/patrimoine-laroque-des-alberes.fr\/wp-content\/uploads\/2020\/04\/Tanya-trou-mur-enceinte_opt.jpg\" alt=\"\" class=\"wp-image-4842\" srcset=\"https:\/\/patrimoine-laroque-des-alberes.fr\/wp-content\/uploads\/2020\/04\/Tanya-trou-mur-enceinte_opt.jpg 400w, https:\/\/patrimoine-laroque-des-alberes.fr\/wp-content\/uploads\/2020\/04\/Tanya-trou-mur-enceinte_opt-300x169.jpg 300w\" sizes=\"auto, (max-width: 400px) 100vw, 400px\" \/><figcaption class=\"wp-element-caption\">Jpeg<\/figcaption><\/figure>\n<\/figure>\n\n\n\n<figure class=\"wp-block-gallery has-nested-images columns-default is-cropped wp-block-gallery-6 is-layout-flex wp-block-gallery-is-layout-flex\">\n<figure class=\"wp-block-image size-large\"><img loading=\"lazy\" decoding=\"async\" width=\"400\" height=\"225\" data-id=\"4843\" src=\"https:\/\/patrimoine-laroque-des-alberes.fr\/wp-content\/uploads\/2020\/04\/Tanya-milieu-mur-enceinte_opt.jpg\" alt=\"\" class=\"wp-image-4843\" srcset=\"https:\/\/patrimoine-laroque-des-alberes.fr\/wp-content\/uploads\/2020\/04\/Tanya-milieu-mur-enceinte_opt.jpg 400w, https:\/\/patrimoine-laroque-des-alberes.fr\/wp-content\/uploads\/2020\/04\/Tanya-milieu-mur-enceinte_opt-300x169.jpg 300w\" sizes=\"auto, (max-width: 400px) 100vw, 400px\" \/><\/figure>\n\n\n\n<figure class=\"wp-block-image size-large\"><img loading=\"lazy\" decoding=\"async\" width=\"400\" height=\"225\" data-id=\"4846\" src=\"https:\/\/patrimoine-laroque-des-alberes.fr\/wp-content\/uploads\/2020\/04\/Tanya-Mur-enceinte-termin\u00e9_opt.jpg\" alt=\"\" class=\"wp-image-4846\" srcset=\"https:\/\/patrimoine-laroque-des-alberes.fr\/wp-content\/uploads\/2020\/04\/Tanya-Mur-enceinte-termin\u00e9_opt.jpg 400w, https:\/\/patrimoine-laroque-des-alberes.fr\/wp-content\/uploads\/2020\/04\/Tanya-Mur-enceinte-termin\u00e9_opt-300x169.jpg 300w\" sizes=\"auto, (max-width: 400px) 100vw, 400px\" \/><\/figure>\n<\/figure>\n\n\n\n<h5 class=\"wp-block-heading has-text-align-center\">R\u00e9fection du mur arri\u00e8re de la Chapelle<\/h5>\n\n\n\n<figure class=\"wp-block-gallery has-nested-images columns-default is-cropped wp-block-gallery-7 is-layout-flex wp-block-gallery-is-layout-flex\">\n<figure class=\"wp-block-image size-large\"><img loading=\"lazy\" decoding=\"async\" width=\"400\" height=\"225\" data-id=\"4848\" src=\"https:\/\/patrimoine-laroque-des-alberes.fr\/wp-content\/uploads\/2020\/04\/Tanya-mur-ari\u00e8re-1_opt.jpg\" alt=\"\" class=\"wp-image-4848\" srcset=\"https:\/\/patrimoine-laroque-des-alberes.fr\/wp-content\/uploads\/2020\/04\/Tanya-mur-ari\u00e8re-1_opt.jpg 400w, https:\/\/patrimoine-laroque-des-alberes.fr\/wp-content\/uploads\/2020\/04\/Tanya-mur-ari\u00e8re-1_opt-300x169.jpg 300w\" sizes=\"auto, (max-width: 400px) 100vw, 400px\" \/><\/figure>\n\n\n\n<figure class=\"wp-block-image size-large\"><img loading=\"lazy\" decoding=\"async\" width=\"400\" height=\"225\" data-id=\"4849\" src=\"https:\/\/patrimoine-laroque-des-alberes.fr\/wp-content\/uploads\/2020\/04\/Tanya-2017-10-mur-arri\u00e8re-2_opt.jpg\" alt=\"\" class=\"wp-image-4849\" srcset=\"https:\/\/patrimoine-laroque-des-alberes.fr\/wp-content\/uploads\/2020\/04\/Tanya-2017-10-mur-arri\u00e8re-2_opt.jpg 400w, https:\/\/patrimoine-laroque-des-alberes.fr\/wp-content\/uploads\/2020\/04\/Tanya-2017-10-mur-arri\u00e8re-2_opt-300x169.jpg 300w\" sizes=\"auto, (max-width: 400px) 100vw, 400px\" \/><\/figure>\n<\/figure>\n\n\n\n<figure class=\"wp-block-gallery has-nested-images columns-default is-cropped wp-block-gallery-8 is-layout-flex wp-block-gallery-is-layout-flex\">\n<figure class=\"wp-block-image size-large\"><img loading=\"lazy\" decoding=\"async\" width=\"400\" height=\"225\" data-id=\"4851\" src=\"https:\/\/patrimoine-laroque-des-alberes.fr\/wp-content\/uploads\/2020\/04\/Tanya-mur-arri\u00e8re-3_opt.jpg\" alt=\"\" class=\"wp-image-4851\" srcset=\"https:\/\/patrimoine-laroque-des-alberes.fr\/wp-content\/uploads\/2020\/04\/Tanya-mur-arri\u00e8re-3_opt.jpg 400w, https:\/\/patrimoine-laroque-des-alberes.fr\/wp-content\/uploads\/2020\/04\/Tanya-mur-arri\u00e8re-3_opt-300x169.jpg 300w\" sizes=\"auto, (max-width: 400px) 100vw, 400px\" \/><\/figure>\n\n\n\n<figure class=\"wp-block-image size-large\"><img loading=\"lazy\" decoding=\"async\" width=\"400\" height=\"225\" data-id=\"4853\" src=\"https:\/\/patrimoine-laroque-des-alberes.fr\/wp-content\/uploads\/2020\/04\/Tanya-Mur-arri\u00e8re-termin\u00e9_opt.jpg\" alt=\"\" class=\"wp-image-4853\" srcset=\"https:\/\/patrimoine-laroque-des-alberes.fr\/wp-content\/uploads\/2020\/04\/Tanya-Mur-arri\u00e8re-termin\u00e9_opt.jpg 400w, https:\/\/patrimoine-laroque-des-alberes.fr\/wp-content\/uploads\/2020\/04\/Tanya-Mur-arri\u00e8re-termin\u00e9_opt-300x169.jpg 300w\" sizes=\"auto, (max-width: 400px) 100vw, 400px\" \/><\/figure>\n<\/figure>\n\n\n\n<hr class=\"wp-block-separator has-alpha-channel-opacity\"\/>\n\n\n\n<h4 class=\"wp-block-heading has-text-align-center\">                                    2023 Suite de la r\u00e9fection du mur arri\u00e8re <\/h4>\n\n\n<div class=\"wp-block-image is-resized\">\n<figure class=\"aligncenter size-full\"><img loading=\"lazy\" decoding=\"async\" width=\"450\" height=\"599\" src=\"https:\/\/patrimoine-laroque-des-alberes.fr\/wp-content\/uploads\/2023\/02\/Tanya-2023-02-mur-arriere.jpg\" alt=\"\" class=\"wp-image-7693\" srcset=\"https:\/\/patrimoine-laroque-des-alberes.fr\/wp-content\/uploads\/2023\/02\/Tanya-2023-02-mur-arriere.jpg 450w, https:\/\/patrimoine-laroque-des-alberes.fr\/wp-content\/uploads\/2023\/02\/Tanya-2023-02-mur-arriere-225x300.jpg 225w\" sizes=\"auto, (max-width: 450px) 100vw, 450px\" \/><\/figure>\n<\/div>\n\n\n<h4 class=\"wp-block-heading has-text-align-center\">                                  Quel travail et toujours dans la bonne humeur<\/h4>\n\n\n\n<figure class=\"wp-block-gallery has-nested-images columns-default is-cropped wp-block-gallery-9 is-layout-flex wp-block-gallery-is-layout-flex\">\n<figure class=\"wp-block-image size-large\"><img loading=\"lazy\" decoding=\"async\" width=\"505\" height=\"291\" data-id=\"7735\" src=\"https:\/\/patrimoine-laroque-des-alberes.fr\/wp-content\/uploads\/2023\/03\/2023-03-18-Tanya-2.jpg\" alt=\"\" class=\"wp-image-7735\" srcset=\"https:\/\/patrimoine-laroque-des-alberes.fr\/wp-content\/uploads\/2023\/03\/2023-03-18-Tanya-2.jpg 505w, https:\/\/patrimoine-laroque-des-alberes.fr\/wp-content\/uploads\/2023\/03\/2023-03-18-Tanya-2-300x173.jpg 300w\" sizes=\"auto, (max-width: 505px) 100vw, 505px\" \/><\/figure>\n\n\n\n<figure class=\"wp-block-image size-large\"><img loading=\"lazy\" decoding=\"async\" width=\"448\" height=\"289\" data-id=\"7733\" src=\"https:\/\/patrimoine-laroque-des-alberes.fr\/wp-content\/uploads\/2023\/03\/2023-03-18-Tanya-1.jpg\" alt=\"\" class=\"wp-image-7733\" srcset=\"https:\/\/patrimoine-laroque-des-alberes.fr\/wp-content\/uploads\/2023\/03\/2023-03-18-Tanya-1.jpg 448w, https:\/\/patrimoine-laroque-des-alberes.fr\/wp-content\/uploads\/2023\/03\/2023-03-18-Tanya-1-300x194.jpg 300w\" sizes=\"auto, (max-width: 448px) 100vw, 448px\" \/><\/figure>\n<\/figure>\n\n\n\n<hr class=\"wp-block-separator has-alpha-channel-opacity\"\/>\n\n\n\n<h3 class=\"wp-block-heading has-text-align-center\">Et voil\u00e0 le travail de nos travailleurs : un mur tout neuf et pour des ann\u00e9es<\/h3>\n\n\n\n<figure class=\"wp-block-image size-full\"><img loading=\"lazy\" decoding=\"async\" width=\"900\" height=\"432\" src=\"https:\/\/patrimoine-laroque-des-alberes.fr\/wp-content\/uploads\/2023\/08\/2023-06-16-Fin-du-mur-arriere-riviere-2.jpg\" alt=\"\" class=\"wp-image-7842\" srcset=\"https:\/\/patrimoine-laroque-des-alberes.fr\/wp-content\/uploads\/2023\/08\/2023-06-16-Fin-du-mur-arriere-riviere-2.jpg 900w, https:\/\/patrimoine-laroque-des-alberes.fr\/wp-content\/uploads\/2023\/08\/2023-06-16-Fin-du-mur-arriere-riviere-2-300x144.jpg 300w, https:\/\/patrimoine-laroque-des-alberes.fr\/wp-content\/uploads\/2023\/08\/2023-06-16-Fin-du-mur-arriere-riviere-2-768x369.jpg 768w\" sizes=\"auto, (max-width: 900px) 100vw, 900px\" \/><\/figure>\n\n\n\n<hr class=\"wp-block-separator has-alpha-channel-opacity\"\/>\n\n\n\n<h3 class=\"wp-block-heading has-text-align-center\"><strong>Partis sur leur lanc\u00e9e nos travailleurs prolongent le mur vers la rivi\u00e8re<\/strong><\/h3>\n\n\n\n<figure class=\"wp-block-image size-full\"><img loading=\"lazy\" decoding=\"async\" width=\"900\" height=\"432\" src=\"https:\/\/patrimoine-laroque-des-alberes.fr\/wp-content\/uploads\/2023\/11\/Tanya-mur-phase-2.jpg\" alt=\"\" class=\"wp-image-7898\" srcset=\"https:\/\/patrimoine-laroque-des-alberes.fr\/wp-content\/uploads\/2023\/11\/Tanya-mur-phase-2.jpg 900w, https:\/\/patrimoine-laroque-des-alberes.fr\/wp-content\/uploads\/2023\/11\/Tanya-mur-phase-2-300x144.jpg 300w, https:\/\/patrimoine-laroque-des-alberes.fr\/wp-content\/uploads\/2023\/11\/Tanya-mur-phase-2-768x369.jpg 768w\" sizes=\"auto, (max-width: 900px) 100vw, 900px\" \/><\/figure>\n\n\n<div class=\"wp-block-image\">\n<figure class=\"aligncenter size-large\"><img loading=\"lazy\" decoding=\"async\" width=\"769\" height=\"1024\" src=\"https:\/\/patrimoine-laroque-des-alberes.fr\/wp-content\/uploads\/2023\/11\/Tanya-mur-phase-2-1-769x1024.jpg\" alt=\"\" class=\"wp-image-7900\" srcset=\"https:\/\/patrimoine-laroque-des-alberes.fr\/wp-content\/uploads\/2023\/11\/Tanya-mur-phase-2-1-769x1024.jpg 769w, https:\/\/patrimoine-laroque-des-alberes.fr\/wp-content\/uploads\/2023\/11\/Tanya-mur-phase-2-1-225x300.jpg 225w, https:\/\/patrimoine-laroque-des-alberes.fr\/wp-content\/uploads\/2023\/11\/Tanya-mur-phase-2-1-768x1022.jpg 768w, https:\/\/patrimoine-laroque-des-alberes.fr\/wp-content\/uploads\/2023\/11\/Tanya-mur-phase-2-1.jpg 800w\" sizes=\"auto, (max-width: 769px) 100vw, 769px\" \/><\/figure>\n<\/div>\n\n\n<hr class=\"wp-block-separator has-alpha-channel-opacity\"\/>\n\n\n\n<h2 class=\"wp-block-heading has-text-align-center\"><strong>2024 On ne les arr\u00eate plus<\/strong><\/h2>\n\n\n\n<h3 class=\"wp-block-heading\">Apr\u00e8s le prolongement du mur, l&rsquo;\u00e9quipe va cr\u00e9er un escalier menant du chemin au plateau de la Chapelle.<\/h3>\n\n\n<div class=\"wp-block-image\">\n<figure class=\"aligncenter size-full is-resized\"><img loading=\"lazy\" decoding=\"async\" width=\"800\" height=\"600\" src=\"https:\/\/patrimoine-laroque-des-alberes.fr\/wp-content\/uploads\/2024\/03\/2024-02-escalier-chapelle.jpg\" alt=\"\" class=\"wp-image-8009\" style=\"width:736px;height:auto\" srcset=\"https:\/\/patrimoine-laroque-des-alberes.fr\/wp-content\/uploads\/2024\/03\/2024-02-escalier-chapelle.jpg 800w, https:\/\/patrimoine-laroque-des-alberes.fr\/wp-content\/uploads\/2024\/03\/2024-02-escalier-chapelle-300x225.jpg 300w, https:\/\/patrimoine-laroque-des-alberes.fr\/wp-content\/uploads\/2024\/03\/2024-02-escalier-chapelle-768x576.jpg 768w\" sizes=\"auto, (max-width: 800px) 100vw, 800px\" \/><\/figure>\n<\/div>\n\n\n<hr class=\"wp-block-separator has-alpha-channel-opacity\"\/>\n\n\n\n<h3 class=\"wp-block-heading\">Pr\u00e9paration de l&rsquo;escalier<\/h3>\n\n\n\n<figure class=\"wp-block-gallery aligncenter has-nested-images columns-default is-cropped wp-block-gallery-10 is-layout-flex wp-block-gallery-is-layout-flex\">\n<figure class=\"wp-block-image size-full\"><img loading=\"lazy\" decoding=\"async\" width=\"800\" height=\"600\" data-id=\"8151\" src=\"https:\/\/patrimoine-laroque-des-alberes.fr\/wp-content\/uploads\/2024\/05\/2024-04-preparation-escalier.jpg\" alt=\"\" class=\"wp-image-8151\" srcset=\"https:\/\/patrimoine-laroque-des-alberes.fr\/wp-content\/uploads\/2024\/05\/2024-04-preparation-escalier.jpg 800w, https:\/\/patrimoine-laroque-des-alberes.fr\/wp-content\/uploads\/2024\/05\/2024-04-preparation-escalier-300x225.jpg 300w, https:\/\/patrimoine-laroque-des-alberes.fr\/wp-content\/uploads\/2024\/05\/2024-04-preparation-escalier-768x576.jpg 768w\" sizes=\"auto, (max-width: 800px) 100vw, 800px\" \/><\/figure>\n\n\n\n<figure class=\"wp-block-image size-full\"><img loading=\"lazy\" decoding=\"async\" width=\"800\" height=\"600\" data-id=\"8154\" src=\"https:\/\/patrimoine-laroque-des-alberes.fr\/wp-content\/uploads\/2024\/05\/2024-05-marches.jpg\" alt=\"\" class=\"wp-image-8154\" srcset=\"https:\/\/patrimoine-laroque-des-alberes.fr\/wp-content\/uploads\/2024\/05\/2024-05-marches.jpg 800w, https:\/\/patrimoine-laroque-des-alberes.fr\/wp-content\/uploads\/2024\/05\/2024-05-marches-300x225.jpg 300w, https:\/\/patrimoine-laroque-des-alberes.fr\/wp-content\/uploads\/2024\/05\/2024-05-marches-768x576.jpg 768w\" sizes=\"auto, (max-width: 800px) 100vw, 800px\" \/><\/figure>\n<\/figure>\n\n\n\n<h3 class=\"wp-block-heading\">En juin l&rsquo;escalier est quasiment termin\u00e9.<\/h3>\n\n\n<div class=\"wp-block-image\">\n<figure class=\"aligncenter size-full\"><img loading=\"lazy\" decoding=\"async\" width=\"449\" height=\"600\" src=\"https:\/\/patrimoine-laroque-des-alberes.fr\/wp-content\/uploads\/2024\/09\/2024-06-Escalier-presque-termine.jpg\" alt=\"\" class=\"wp-image-8210\" srcset=\"https:\/\/patrimoine-laroque-des-alberes.fr\/wp-content\/uploads\/2024\/09\/2024-06-Escalier-presque-termine.jpg 449w, https:\/\/patrimoine-laroque-des-alberes.fr\/wp-content\/uploads\/2024\/09\/2024-06-Escalier-presque-termine-225x300.jpg 225w\" sizes=\"auto, (max-width: 449px) 100vw, 449px\" \/><\/figure>\n<\/div>\n\n<div class=\"wp-block-image\">\n<figure class=\"aligncenter size-full\"><img loading=\"lazy\" decoding=\"async\" width=\"600\" height=\"449\" src=\"https:\/\/patrimoine-laroque-des-alberes.fr\/wp-content\/uploads\/2025\/01\/2024-12-mur.jpg\" alt=\"\" class=\"wp-image-8351\" srcset=\"https:\/\/patrimoine-laroque-des-alberes.fr\/wp-content\/uploads\/2025\/01\/2024-12-mur.jpg 600w, https:\/\/patrimoine-laroque-des-alberes.fr\/wp-content\/uploads\/2025\/01\/2024-12-mur-300x225.jpg 300w\" sizes=\"auto, (max-width: 600px) 100vw, 600px\" \/><figcaption class=\"wp-element-caption\"><strong>Mais jusqu&rsquo;o\u00f9 vont ils ?<\/strong><\/figcaption><\/figure>\n<\/div>\n\n\n<hr class=\"wp-block-separator has-alpha-channel-opacity\"\/>\n\n\n\n<h2 class=\"wp-block-heading\">       <strong>2025 ABOUTISSEMENT DE NOMBREUSES ANNEES DE TRAVAIL<\/strong><\/h2>\n\n\n<div class=\"wp-block-image\">\n<figure class=\"aligncenter size-full\"><img loading=\"lazy\" decoding=\"async\" width=\"1024\" height=\"618\" src=\"https:\/\/patrimoine-laroque-des-alberes.fr\/wp-content\/uploads\/2025\/09\/2025-09-07-Tanya-2.jpg\" alt=\"\" class=\"wp-image-8444\" srcset=\"https:\/\/patrimoine-laroque-des-alberes.fr\/wp-content\/uploads\/2025\/09\/2025-09-07-Tanya-2.jpg 1024w, https:\/\/patrimoine-laroque-des-alberes.fr\/wp-content\/uploads\/2025\/09\/2025-09-07-Tanya-2-300x181.jpg 300w, https:\/\/patrimoine-laroque-des-alberes.fr\/wp-content\/uploads\/2025\/09\/2025-09-07-Tanya-2-768x464.jpg 768w\" sizes=\"auto, (max-width: 1024px) 100vw, 1024px\" \/><figcaption class=\"wp-element-caption\">7 SEPTEMBRE INAUGURATION PAR M. NAUTE, MAIRE DE LAROQUE                                                       JEAN CLAUDE LECLERC PRESIDENT DE L&rsquo;ASSOCIATION DU PATRIMOINE<br> DU MUR D&rsquo;ENCEINTE ET DE L&rsquo;ESCALIER DE LA CHAPELLE DE TANYA.<\/figcaption><\/figure>\n<\/div>\n\n\n<p><\/p>\n","protected":false},"excerpt":{"rendered":"<p>L La restauration de la Chapelle de Tanya a d\u00e9but\u00e9 en 2011 et s&rsquo;est poursuivie jusqu&rsquo;en 2017. D\u00e9shumidification des murs et nettoyage des murs et des statues Bapt\u00eame \u00e0 la Chapelle de la cloche offerte par l&rsquo;Association R\u00e9fection du mur d&rsquo;enceinte de la Chapelle R\u00e9fection du mur arri\u00e8re de la [&hellip;]<\/p>\n","protected":false},"author":1,"featured_media":5997,"parent":0,"menu_order":0,"comment_status":"closed","ping_status":"closed","template":"","meta":{"_monsterinsights_skip_tracking":false,"_monsterinsights_sitenote_active":false,"_monsterinsights_sitenote_note":"","_monsterinsights_sitenote_category":0,"footnotes":""},"class_list":["post-4310","page","type-page","status-publish","has-post-thumbnail","hentry"],"_links":{"self":[{"href":"https:\/\/patrimoine-laroque-des-alberes.fr\/index.php?rest_route=\/wp\/v2\/pages\/4310","targetHints":{"allow":["GET"]}}],"collection":[{"href":"https:\/\/patrimoine-laroque-des-alberes.fr\/index.php?rest_route=\/wp\/v2\/pages"}],"about":[{"href":"https:\/\/patrimoine-laroque-des-alberes.fr\/index.php?rest_route=\/wp\/v2\/types\/page"}],"author":[{"embeddable":true,"href":"https:\/\/patrimoine-laroque-des-alberes.fr\/index.php?rest_route=\/wp\/v2\/users\/1"}],"replies":[{"embeddable":true,"href":"https:\/\/patrimoine-laroque-des-alberes.fr\/index.php?rest_route=%2Fwp%2Fv2%2Fcomments&post=4310"}],"version-history":[{"count":71,"href":"https:\/\/patrimoine-laroque-des-alberes.fr\/index.php?rest_route=\/wp\/v2\/pages\/4310\/revisions"}],"predecessor-version":[{"id":8453,"href":"https:\/\/patrimoine-laroque-des-alberes.fr\/index.php?rest_route=\/wp\/v2\/pages\/4310\/revisions\/8453"}],"wp:featuredmedia":[{"embeddable":true,"href":"https:\/\/patrimoine-laroque-des-alberes.fr\/index.php?rest_route=\/wp\/v2\/media\/5997"}],"wp:attachment":[{"href":"https:\/\/patrimoine-laroque-des-alberes.fr\/index.php?rest_route=%2Fwp%2Fv2%2Fmedia&parent=4310"}],"curies":[{"name":"wp","href":"https:\/\/api.w.org\/{rel}","templated":true}]}}