{"id":4639,"date":"2020-04-12T14:56:14","date_gmt":"2020-04-12T14:56:14","guid":{"rendered":"http:\/\/patrimoine-laroque-des-alberes.fr\/?page_id=4639"},"modified":"2021-02-28T14:32:28","modified_gmt":"2021-02-28T14:32:28","slug":"parc-communal-muscat","status":"publish","type":"page","link":"https:\/\/patrimoine-laroque-des-alberes.fr\/?page_id=4639","title":{"rendered":"Parc communal \u00ab\u00a0Les Muscats\u00a0\u00bb"},"content":{"rendered":"\n<p>Ce parc est situ\u00e9 \u00e0 l&rsquo;angle de la rue de Roca Vella et de l&rsquo;avenue des Mas Catalans. Il est d\u00e9di\u00e9 \u00e0 la d\u00e9tente et est pourvu d&rsquo;une table de pique-nique. L&rsquo;Association du Patrimoine en a assur\u00e9 le d\u00e9sherbage, la taille des arbres, la plantation de certaines esp\u00e8ces et la restauration des murs d&rsquo;enceinte en pierres s\u00e8ches.<\/p>\n\n\n\n<div class=\"wp-block-media-text alignwide is-stacked-on-mobile\"><figure class=\"wp-block-media-text__media\"><img loading=\"lazy\" decoding=\"async\" width=\"400\" height=\"300\" src=\"https:\/\/patrimoine-laroque-des-alberes.fr\/wp-content\/uploads\/2020\/04\/Muscat-2011-d\u00e9ffrichage_opt.jpg\" alt=\"\" class=\"wp-image-4921 size-full\" srcset=\"https:\/\/patrimoine-laroque-des-alberes.fr\/wp-content\/uploads\/2020\/04\/Muscat-2011-d\u00e9ffrichage_opt.jpg 400w, https:\/\/patrimoine-laroque-des-alberes.fr\/wp-content\/uploads\/2020\/04\/Muscat-2011-d\u00e9ffrichage_opt-300x225.jpg 300w\" sizes=\"auto, (max-width: 400px) 100vw, 400px\" \/><\/figure><div class=\"wp-block-media-text__content\">\n<p class=\"has-text-align-center\" style=\"font-size:19px\"><strong>2011<\/strong><\/p>\n\n\n\n<p class=\"has-text-align-center\"><strong>D\u00e9frichage du site<\/strong><\/p>\n<\/div><\/div>\n\n\n\n<hr class=\"wp-block-separator\"\/>\n\n\n\n<h3 class=\"has-text-align-center wp-block-heading\">Entretien permanent du site<\/h3>\n\n\n\n<figure class=\"wp-block-gallery columns-2 is-cropped wp-block-gallery-2 is-layout-flex wp-block-gallery-is-layout-flex\"><ul class=\"blocks-gallery-grid\"><li class=\"blocks-gallery-item\"><figure><img loading=\"lazy\" decoding=\"async\" width=\"1024\" height=\"576\" src=\"https:\/\/patrimoine-laroque-des-alberes.fr\/wp-content\/uploads\/2020\/05\/Muscat-2018-refection-mur-1024x576.jpg\" alt=\"\" data-id=\"5003\" data-link=\"https:\/\/patrimoine-laroque-des-alberes.fr\/parc-communal-muscat\/muscat-2018-refection-mur\" class=\"wp-image-5003\" srcset=\"https:\/\/patrimoine-laroque-des-alberes.fr\/wp-content\/uploads\/2020\/05\/Muscat-2018-refection-mur-1024x576.jpg 1024w, https:\/\/patrimoine-laroque-des-alberes.fr\/wp-content\/uploads\/2020\/05\/Muscat-2018-refection-mur-300x169.jpg 300w, https:\/\/patrimoine-laroque-des-alberes.fr\/wp-content\/uploads\/2020\/05\/Muscat-2018-refection-mur-768x432.jpg 768w, https:\/\/patrimoine-laroque-des-alberes.fr\/wp-content\/uploads\/2020\/05\/Muscat-2018-refection-mur.jpg 1469w\" sizes=\"auto, (max-width: 1024px) 100vw, 1024px\" \/><\/figure><\/li><li class=\"blocks-gallery-item\"><figure><img loading=\"lazy\" decoding=\"async\" width=\"1024\" height=\"768\" src=\"https:\/\/patrimoine-laroque-des-alberes.fr\/wp-content\/uploads\/2020\/05\/Muscat-2020-entretien-1-1024x768.jpg\" alt=\"\" data-id=\"5004\" data-link=\"https:\/\/patrimoine-laroque-des-alberes.fr\/parc-communal-muscat\/muscat-2020-entretien-1\" class=\"wp-image-5004\" srcset=\"https:\/\/patrimoine-laroque-des-alberes.fr\/wp-content\/uploads\/2020\/05\/Muscat-2020-entretien-1-1024x768.jpg 1024w, https:\/\/patrimoine-laroque-des-alberes.fr\/wp-content\/uploads\/2020\/05\/Muscat-2020-entretien-1-300x225.jpg 300w, https:\/\/patrimoine-laroque-des-alberes.fr\/wp-content\/uploads\/2020\/05\/Muscat-2020-entretien-1-768x576.jpg 768w, https:\/\/patrimoine-laroque-des-alberes.fr\/wp-content\/uploads\/2020\/05\/Muscat-2020-entretien-1.jpg 1101w\" sizes=\"auto, (max-width: 1024px) 100vw, 1024px\" \/><\/figure><\/li><\/ul><\/figure>\n\n\n\n<figure class=\"wp-block-gallery columns-2 is-cropped wp-block-gallery-3 is-layout-flex wp-block-gallery-is-layout-flex\"><ul class=\"blocks-gallery-grid\"><li class=\"blocks-gallery-item\"><figure><img loading=\"lazy\" decoding=\"async\" width=\"400\" height=\"225\" src=\"https:\/\/patrimoine-laroque-des-alberes.fr\/wp-content\/uploads\/2020\/05\/Muscat-2019-Avant_opt.jpg\" alt=\"\" data-id=\"5007\" data-link=\"https:\/\/patrimoine-laroque-des-alberes.fr\/parc-communal-muscat\/muscat-2019-avant_opt\" class=\"wp-image-5007\" srcset=\"https:\/\/patrimoine-laroque-des-alberes.fr\/wp-content\/uploads\/2020\/05\/Muscat-2019-Avant_opt.jpg 400w, https:\/\/patrimoine-laroque-des-alberes.fr\/wp-content\/uploads\/2020\/05\/Muscat-2019-Avant_opt-300x169.jpg 300w\" sizes=\"auto, (max-width: 400px) 100vw, 400px\" \/><figcaption class=\"blocks-gallery-item__caption\"><strong>Avant<\/strong><\/figcaption><\/figure><\/li><li class=\"blocks-gallery-item\"><figure><img loading=\"lazy\" decoding=\"async\" width=\"400\" height=\"225\" src=\"https:\/\/patrimoine-laroque-des-alberes.fr\/wp-content\/uploads\/2020\/05\/Muscat-2019-desherbage_opt.jpg\" alt=\"\" data-id=\"5008\" data-link=\"https:\/\/patrimoine-laroque-des-alberes.fr\/parc-communal-muscat\/muscat-2019-desherbage_opt\" class=\"wp-image-5008\" srcset=\"https:\/\/patrimoine-laroque-des-alberes.fr\/wp-content\/uploads\/2020\/05\/Muscat-2019-desherbage_opt.jpg 400w, https:\/\/patrimoine-laroque-des-alberes.fr\/wp-content\/uploads\/2020\/05\/Muscat-2019-desherbage_opt-300x169.jpg 300w\" sizes=\"auto, (max-width: 400px) 100vw, 400px\" \/><figcaption class=\"blocks-gallery-item__caption\">Pendant<\/figcaption><\/figure><\/li><li class=\"blocks-gallery-item\"><figure><img loading=\"lazy\" decoding=\"async\" width=\"400\" height=\"300\" src=\"https:\/\/patrimoine-laroque-des-alberes.fr\/wp-content\/uploads\/2020\/05\/Muscat-2019-desherbage-apr\u00e8s_opt.jpg\" alt=\"\" data-id=\"5009\" data-full-url=\"https:\/\/patrimoine-laroque-des-alberes.fr\/wp-content\/uploads\/2020\/05\/Muscat-2019-desherbage-apr\u00e8s_opt.jpg\" data-link=\"https:\/\/patrimoine-laroque-des-alberes.fr\/parc-communal-muscat\/muscat-2019-desherbage-apres_opt\" class=\"wp-image-5009\" srcset=\"https:\/\/patrimoine-laroque-des-alberes.fr\/wp-content\/uploads\/2020\/05\/Muscat-2019-desherbage-apr\u00e8s_opt.jpg 400w, https:\/\/patrimoine-laroque-des-alberes.fr\/wp-content\/uploads\/2020\/05\/Muscat-2019-desherbage-apr\u00e8s_opt-300x225.jpg 300w\" sizes=\"auto, (max-width: 400px) 100vw, 400px\" \/><figcaption class=\"blocks-gallery-item__caption\">Apr\u00e8s<\/figcaption><\/figure><\/li><\/ul><\/figure>\n","protected":false},"excerpt":{"rendered":"<p>Ce parc est situ\u00e9 \u00e0 l&rsquo;angle de la rue de Roca Vella et de l&rsquo;avenue des Mas Catalans. Il est d\u00e9di\u00e9 \u00e0 la d\u00e9tente et est pourvu d&rsquo;une table de pique-nique. L&rsquo;Association du Patrimoine en a assur\u00e9 le d\u00e9sherbage, la taille des arbres, la plantation de certaines esp\u00e8ces et la [&hellip;]<\/p>\n","protected":false},"author":1,"featured_media":4920,"parent":0,"menu_order":0,"comment_status":"closed","ping_status":"closed","template":"","meta":{"_monsterinsights_skip_tracking":false,"_monsterinsights_sitenote_active":false,"_monsterinsights_sitenote_note":"","_monsterinsights_sitenote_category":0,"footnotes":""},"class_list":["post-4639","page","type-page","status-publish","has-post-thumbnail","hentry"],"_links":{"self":[{"href":"https:\/\/patrimoine-laroque-des-alberes.fr\/index.php?rest_route=\/wp\/v2\/pages\/4639","targetHints":{"allow":["GET"]}}],"collection":[{"href":"https:\/\/patrimoine-laroque-des-alberes.fr\/index.php?rest_route=\/wp\/v2\/pages"}],"about":[{"href":"https:\/\/patrimoine-laroque-des-alberes.fr\/index.php?rest_route=\/wp\/v2\/types\/page"}],"author":[{"embeddable":true,"href":"https:\/\/patrimoine-laroque-des-alberes.fr\/index.php?rest_route=\/wp\/v2\/users\/1"}],"replies":[{"embeddable":true,"href":"https:\/\/patrimoine-laroque-des-alberes.fr\/index.php?rest_route=%2Fwp%2Fv2%2Fcomments&post=4639"}],"version-history":[{"count":12,"href":"https:\/\/patrimoine-laroque-des-alberes.fr\/index.php?rest_route=\/wp\/v2\/pages\/4639\/revisions"}],"predecessor-version":[{"id":6619,"href":"https:\/\/patrimoine-laroque-des-alberes.fr\/index.php?rest_route=\/wp\/v2\/pages\/4639\/revisions\/6619"}],"wp:featuredmedia":[{"embeddable":true,"href":"https:\/\/patrimoine-laroque-des-alberes.fr\/index.php?rest_route=\/wp\/v2\/media\/4920"}],"wp:attachment":[{"href":"https:\/\/patrimoine-laroque-des-alberes.fr\/index.php?rest_route=%2Fwp%2Fv2%2Fmedia&parent=4639"}],"curies":[{"name":"wp","href":"https:\/\/api.w.org\/{rel}","templated":true}]}}