{"id":4706,"date":"2020-04-17T16:02:49","date_gmt":"2020-04-17T16:02:49","guid":{"rendered":"http:\/\/patrimoine-laroque-des-alberes.fr\/?page_id=4706"},"modified":"2023-02-03T19:47:00","modified_gmt":"2023-02-03T19:47:00","slug":"presentation-de-lassociation","status":"publish","type":"page","link":"https:\/\/patrimoine-laroque-des-alberes.fr\/?page_id=4706","title":{"rendered":"Pr\u00e9sentation de l&rsquo;Association"},"content":{"rendered":"\n<p class=\"has-text-align-center\"><strong>Association de Type \u00ab\u00a0Loi 1901\u00a0\u00bb<\/strong><\/p>\n\n\n\n<p>Le <em><strong>24 Avril 1987<\/strong><\/em>, la Municipalit\u00e9 a organis\u00e9 une r\u00e9union au Foyer d\u2019Animation Communal&nbsp; (FAC) qui a eu pour th\u00e8me \u00ab&nbsp;Pr\u00e9servation et animation du Patrimoine de Laroque&nbsp;\u00bb. Mr Martinez S\u00e9bastien, Maire, apr\u00e8s avoir expos\u00e9, combien de nos jours il est important de prot\u00e9ger notre environnement et de le r\u00e9nover, a demand\u00e9 des personnes volontaires en vue de cr\u00e9er une Association qui aurait pour but de g\u00e9rer le Patrimoine de Laroque.<\/p>\n\n\n\n<p>Les personnes pr\u00e9sentes (22 au total hors conseil municipal) ont r\u00e9pondu favorablement \u00e0 cette demande en provoquant une r\u00e9union pour le <em><strong>29 avril<\/strong><\/em> <em><strong>1987<\/strong><\/em> afin de cr\u00e9er cette Association et d\u2019en r\u00e9diger les statuts. Ce 29 avril, Mr et Mme Romengas Pierre, Mr et Mme Coste Roger, Mr et Mme Serrarols Phil\u00e9mon, Mrs Lucien Llense, Narcisse Pujol, Ren\u00e9 Pujol, Jean Lya, Roger Surjus, Marius Robert, Henri Vauzelle, Mich\u00e4el Cotteril, Jean-Marie Pierre, Mmes Denise Huillet, Maguy Ferrer ont d\u00e9cid\u00e9 \u00e0 l\u2019unanimit\u00e9&nbsp;:<\/p>\n\n\n\n<ul class=\"wp-block-list\">\n<li>La cr\u00e9ation d\u2019une Association type loi 1901<\/li>\n\n\n\n<li>L\u2019Association s\u2019appellera \u00ab&nbsp;Le Patrimoine de Laroque des Alb\u00e8res&nbsp;\u00bb<\/li>\n\n\n\n<li>Son but&nbsp;: la d\u00e9fense, la conservation et l\u2019am\u00e9lioration du Patrimoine de Laroque<\/li>\n\n\n\n<li>Son Si\u00e8ge social&nbsp;: Mairie de Laroque des Alb\u00e8res<\/li>\n\n\n\n<li>La r\u00e9daction des statuts qui devront \u00eatre d\u00e9pos\u00e9s \u00e0 la sous-pr\u00e9fecture de C\u00e9ret<\/li>\n<\/ul>\n\n\n\n<p>Les personnes pr\u00e9sentes d\u00e9clarent \u00eatre membres de cette Association et se r\u00e9unissent en Assembl\u00e9e G\u00e9n\u00e9rale Extraordinaire en vue d\u2019\u00e9lire les membres du bureau. Ont \u00e9t\u00e9 \u00e9lus \u00e0 l\u2019unanimit\u00e9<\/p>\n\n\n\n<ul class=\"wp-block-list\">\n<li><em>Pr\u00e9sident<\/em>&nbsp;: &nbsp;&nbsp;&nbsp;&nbsp;&nbsp;&nbsp;&nbsp;&nbsp;&nbsp;&nbsp;&nbsp;&nbsp;&nbsp; &nbsp;&nbsp;&nbsp; Pierre Romengas<\/li>\n\n\n\n<li><em>Vice-Pr\u00e9sident<\/em> :          Jean Marie Pierre<\/li>\n\n\n\n<li><em>Secr\u00e9taire <\/em>:                 Odette Serrarols<\/li>\n\n\n\n<li><em>Secr\u00e9taire adjointe<\/em> :  Maguy Ferrer<\/li>\n\n\n\n<li><em>Tr\u00e9sorier<\/em> :                   Roger coste<\/li>\n\n\n\n<li><em>Tr\u00e9sorier adjoint<\/em> :     Gilbert Philippides<\/li>\n<\/ul>\n\n\n\n<p>Le montant de la cotisation est fix\u00e9 \u00e0 30Francs, l\u2019Association comptant d\u00e9j\u00e0 27 personnes.<\/p>\n\n\n\n<p>La d\u00e9claration de l\u2019Association a \u00e9t\u00e9 faite \u00e0 la sous-pr\u00e9fecture de C\u00e9ret le 11\/05\/1987 accompagn\u00e9e de ses statuts. Le r\u00e9c\u00e9piss\u00e9 de d\u00e9claration dat\u00e9e du 18\/05\/1987 (loi du 1<sup>er<\/sup> juillet 1901- titre premier et du d\u00e9cret du 16 ao\u00fbt 1901) sous le num\u00e9ro 1534 (aujourd\u2019hui W661000145) permet son insertion au journal officiel le <strong><em>10 juin 1987<\/em><\/strong>.<\/p>\n\n\n\n<h2 class=\"wp-block-heading\"><em>Fonctionnement de l&rsquo;Association<\/em><\/h2>\n\n\n\n<p>Depuis la cr\u00e9ation de l\u2019Association sont enregistr\u00e9es dans le cahier \u00ab&nbsp;registre des d\u00e9lib\u00e9rations&nbsp;\u00bb tous les compte-rendu des Assembl\u00e9es G\u00e9n\u00e9rales et Conseils d\u2019Administration.<\/p>\n\n\n\n<p>Il a \u00e9t\u00e9 d\u00e9cid\u00e9 de r\u00e9aliser 2 Conseils d\u2019Administration et 1 Assembl\u00e9e G\u00e9n\u00e9rale par an, ainsi qu\u2019une r\u00e9union de bureau par mois \u00e0 l\u2019exception des deux mois d\u2019\u00e9t\u00e9 (juillet et ao\u00fbt).<\/p>\n\n\n\n<p>Six Pr\u00e9sidents se sont succ\u00e9d\u00e9s depuis 1987&nbsp;:<\/p>\n\n\n\n<ul class=\"wp-block-list\">\n<li>Pierre Romengas &nbsp;&nbsp;&nbsp;&nbsp;&nbsp;&nbsp;&nbsp;&nbsp;&nbsp;&nbsp;&nbsp; 1987 &#8211; 1990<\/li>\n\n\n\n<li>Francis Baretge &nbsp;&nbsp;&nbsp;&nbsp;&nbsp;&nbsp;&nbsp;&nbsp;&nbsp;&nbsp;&nbsp;&nbsp;&nbsp;&nbsp; 1990 &#8211; 1993<\/li>\n\n\n\n<li>Albert Royer&nbsp;&nbsp;&nbsp;&nbsp;&nbsp;&nbsp;&nbsp;&nbsp;&nbsp;&nbsp;&nbsp;&nbsp;&nbsp;&nbsp;&nbsp;&nbsp;&nbsp;&nbsp; &nbsp; 1993 \u2013 1997<\/li>\n\n\n\n<li>Maurice Lohard&nbsp;&nbsp;&nbsp;&nbsp;&nbsp;&nbsp;&nbsp;&nbsp;&nbsp;&nbsp;&nbsp;&nbsp;&nbsp;&nbsp; 1997 \u2013 2003<\/li>\n\n\n\n<li>Daniel Chaban&nbsp;&nbsp;&nbsp;&nbsp;&nbsp;&nbsp;&nbsp;&nbsp;&nbsp;&nbsp;&nbsp;&nbsp;&nbsp;&nbsp;&nbsp; &nbsp; 2003 \u2013 2017<\/li>\n\n\n\n<li>Jean-Claude Leclerc&nbsp;&nbsp;&nbsp;&nbsp;&nbsp;&nbsp;&nbsp; 2017\u2026..<\/li>\n<\/ul>\n\n\n\n<p>Deux vendredis matin par mois (sauf juillet et ao\u00fbt) les \u00ab&nbsp;travailleurs&nbsp;\u00bb se retrouvent pour r\u00e9aliser les travaux d\u2019entretien, de mise en valeur et de conservation du patrimoine de la commune.<\/p>\n\n\n\n<p>Il est \u00e0 noter l\u2019implication de chacun pour r\u00e9aliser ces travaux d\u00e9finis en A.G et en r\u00e9union de bureau. Ils seront illustr\u00e9s dans la rubrique \u00ab&nbsp;travaux r\u00e9alis\u00e9s&nbsp;\u00bb sur ce site.<\/p>\n\n\n\n<p>Pour conclure cette premi\u00e8re partie, nous adressons nos plus sinc\u00e8res remerciements \u00e0 toutes et tous qui ont contribu\u00e9 depuis sa cr\u00e9ation \u00e0 la vie de notre Association&nbsp;: les diff\u00e9rents bureaux, conseils d\u2019administration, travailleurs et adh\u00e9rents. Nous ne pouvons pas passer sous silence nos contributeurs, qui par leurs subventions annuelles, facilitent la r\u00e9alisation du but premier de l\u2019existence de notre Association (Merci \u00e0 la Mairie de Laroque, Canton, CDC et D\u00e9partement)<\/p>\n\n\n\n<p>Bureau actuel&nbsp;:<\/p>\n\n\n\n<ul class=\"wp-block-list\">\n<li><em>Pr\u00e9sident<\/em>&nbsp;: &nbsp; &nbsp;&nbsp; &nbsp;&nbsp;                Jean Claude Leclerc     T\u00e9l : 06.08.96.67.58<\/li>\n\n\n\n<li><em>Vice Pr\u00e9sident <\/em>:                G\u00e9rard Didier<\/li>\n\n\n\n<li><em>Secr\u00e9taire<\/em> :                       Jocelyne Leclerc<\/li>\n\n\n\n<li><em>Secr\u00e9taire adjointe<\/em> :         Monique Fabarez<\/li>\n\n\n\n<li><em>Tr\u00e9sori\u00e8re<\/em> :                       Nathalie Bella<\/li>\n\n\n\n<li><em>Tr\u00e9sorier adjoint<\/em> :             S\u00e9bastien Bella<\/li>\n\n\n\n<li><em>Pr\u00e9sident d&rsquo;honneur<\/em> :       Daniel Chaban<\/li>\n\n\n\n<li><strong>Mail de l&rsquo;Association<\/strong> :    association.lepatrimoine@orange.fr<\/li>\n\n\n\n<li><strong>Site Internet<\/strong> :                  patrimoine-laroque-des-alberes.fr <\/li>\n<\/ul>\n","protected":false},"excerpt":{"rendered":"<p>Association de Type \u00ab\u00a0Loi 1901\u00a0\u00bb Le 24 Avril 1987, la Municipalit\u00e9 a organis\u00e9 une r\u00e9union au Foyer d\u2019Animation Communal&nbsp; (FAC) qui a eu pour th\u00e8me \u00ab&nbsp;Pr\u00e9servation et animation du Patrimoine de Laroque&nbsp;\u00bb. Mr Martinez S\u00e9bastien, Maire, apr\u00e8s avoir expos\u00e9, combien de nos jours il est important de prot\u00e9ger notre environnement [&hellip;]<\/p>\n","protected":false},"author":1,"featured_media":5990,"parent":0,"menu_order":0,"comment_status":"closed","ping_status":"closed","template":"","meta":{"_monsterinsights_skip_tracking":false,"_monsterinsights_sitenote_active":false,"_monsterinsights_sitenote_note":"","_monsterinsights_sitenote_category":0,"footnotes":""},"class_list":["post-4706","page","type-page","status-publish","has-post-thumbnail","hentry"],"_links":{"self":[{"href":"https:\/\/patrimoine-laroque-des-alberes.fr\/index.php?rest_route=\/wp\/v2\/pages\/4706","targetHints":{"allow":["GET"]}}],"collection":[{"href":"https:\/\/patrimoine-laroque-des-alberes.fr\/index.php?rest_route=\/wp\/v2\/pages"}],"about":[{"href":"https:\/\/patrimoine-laroque-des-alberes.fr\/index.php?rest_route=\/wp\/v2\/types\/page"}],"author":[{"embeddable":true,"href":"https:\/\/patrimoine-laroque-des-alberes.fr\/index.php?rest_route=\/wp\/v2\/users\/1"}],"replies":[{"embeddable":true,"href":"https:\/\/patrimoine-laroque-des-alberes.fr\/index.php?rest_route=%2Fwp%2Fv2%2Fcomments&post=4706"}],"version-history":[{"count":16,"href":"https:\/\/patrimoine-laroque-des-alberes.fr\/index.php?rest_route=\/wp\/v2\/pages\/4706\/revisions"}],"predecessor-version":[{"id":7590,"href":"https:\/\/patrimoine-laroque-des-alberes.fr\/index.php?rest_route=\/wp\/v2\/pages\/4706\/revisions\/7590"}],"wp:featuredmedia":[{"embeddable":true,"href":"https:\/\/patrimoine-laroque-des-alberes.fr\/index.php?rest_route=\/wp\/v2\/media\/5990"}],"wp:attachment":[{"href":"https:\/\/patrimoine-laroque-des-alberes.fr\/index.php?rest_route=%2Fwp%2Fv2%2Fmedia&parent=4706"}],"curies":[{"name":"wp","href":"https:\/\/api.w.org\/{rel}","templated":true}]}}