{"id":5030,"date":"2020-05-06T19:54:29","date_gmt":"2020-05-06T19:54:29","guid":{"rendered":"http:\/\/patrimoine-laroque-des-alberes.fr\/?page_id=5030"},"modified":"2021-12-28T17:31:53","modified_gmt":"2021-12-28T17:31:53","slug":"les-chemins-de-randonnees-2","status":"publish","type":"page","link":"https:\/\/patrimoine-laroque-des-alberes.fr\/?page_id=5030","title":{"rendered":"Chemins de randonn\u00e9es"},"content":{"rendered":"\n<p class=\"has-text-align-center\"><strong>Depuis sa cr\u00e9ation en 1987, l&rsquo;Association cr\u00e9e, entretien et balise l&rsquo;ensemble des sentiers de randonn\u00e9es sur la commune de Laroque des Alb\u00e8res.<\/strong><\/p>\n\n\n\n<hr class=\"wp-block-separator\"\/>\n\n\n\n<p style=\"font-size:19px\">Avant de partir quelques rappels de connaissances :<\/p>\n\n\n\n<figure class=\"wp-block-gallery alignfull columns-2 is-cropped wp-block-gallery-2 is-layout-flex wp-block-gallery-is-layout-flex\"><ul class=\"blocks-gallery-grid\"><li class=\"blocks-gallery-item\"><figure><img loading=\"lazy\" decoding=\"async\" width=\"300\" height=\"400\" src=\"https:\/\/patrimoine-laroque-des-alberes.fr\/wp-content\/uploads\/2021\/03\/20210302_132213_opt-rotated.jpg\" alt=\"\" data-id=\"6665\" data-link=\"https:\/\/patrimoine-laroque-des-alberes.fr\/les-chemins-de-randonnees-2\/20210302_132213_opt\" class=\"wp-image-6665\" srcset=\"https:\/\/patrimoine-laroque-des-alberes.fr\/wp-content\/uploads\/2021\/03\/20210302_132213_opt-rotated.jpg 300w, https:\/\/patrimoine-laroque-des-alberes.fr\/wp-content\/uploads\/2021\/03\/20210302_132213_opt-225x300.jpg 225w\" sizes=\"auto, (max-width: 300px) 100vw, 300px\" \/><\/figure><\/li><li class=\"blocks-gallery-item\"><figure><img loading=\"lazy\" decoding=\"async\" width=\"300\" height=\"400\" src=\"https:\/\/patrimoine-laroque-des-alberes.fr\/wp-content\/uploads\/2021\/03\/20210302_132226_opt-rotated.jpg\" alt=\"\" data-id=\"6666\" data-full-url=\"https:\/\/patrimoine-laroque-des-alberes.fr\/wp-content\/uploads\/2021\/03\/20210302_132226_opt-rotated.jpg\" data-link=\"https:\/\/patrimoine-laroque-des-alberes.fr\/les-chemins-de-randonnees-2\/20210302_132226_opt\" class=\"wp-image-6666\" srcset=\"https:\/\/patrimoine-laroque-des-alberes.fr\/wp-content\/uploads\/2021\/03\/20210302_132226_opt-rotated.jpg 300w, https:\/\/patrimoine-laroque-des-alberes.fr\/wp-content\/uploads\/2021\/03\/20210302_132226_opt-225x300.jpg 225w\" sizes=\"auto, (max-width: 300px) 100vw, 300px\" \/><\/figure><\/li><\/ul><\/figure>\n\n\n\n<hr class=\"wp-block-separator\"\/>\n\n\n\n<hr class=\"wp-block-separator\"\/>\n\n\n\n<h2 class=\"has-text-align-center wp-block-heading\">Carte des sentiers de randonn\u00e9es<\/h2>\n\n\n\n<figure class=\"wp-block-image alignwide size-large\"><img loading=\"lazy\" decoding=\"async\" width=\"400\" height=\"605\" src=\"https:\/\/patrimoine-laroque-des-alberes.fr\/wp-content\/uploads\/2020\/06\/Carte-sentiers-randonn\u00e9es_opt.png\" alt=\"\" class=\"wp-image-5720\" srcset=\"https:\/\/patrimoine-laroque-des-alberes.fr\/wp-content\/uploads\/2020\/06\/Carte-sentiers-randonn\u00e9es_opt.png 400w, https:\/\/patrimoine-laroque-des-alberes.fr\/wp-content\/uploads\/2020\/06\/Carte-sentiers-randonn\u00e9es_opt-198x300.png 198w\" sizes=\"auto, (max-width: 400px) 100vw, 400px\" \/><\/figure>\n\n\n\n<hr class=\"wp-block-separator\"\/>\n\n\n\n<p class=\"has-text-align-center\">Les chemins de randonn\u00e9es d\u00e9butent tous au bout de la rue de l&rsquo;Eglise, puis passent devant le \u00ab\u00a0Moulin de La Pave\u00a0\u00bb et arrivent devant un tableau d&rsquo;orientation pr\u00e8s du bassin.<\/p>\n\n\n\n<hr class=\"wp-block-separator\"\/>\n\n\n\n<h2 class=\"has-text-align-center wp-block-heading\"><strong>Le Casot d&rsquo;En Lic, sentier n\u00b01<\/strong><\/h2>\n\n\n\n<div class=\"wp-block-image\"><figure class=\"aligncenter size-large is-resized\"><img loading=\"lazy\" decoding=\"async\" src=\"https:\/\/patrimoine-laroque-des-alberes.fr\/wp-content\/uploads\/2020\/06\/Casot-den-Lic-Joc.png\" alt=\"\" class=\"wp-image-5721\" width=\"548\" height=\"411\" srcset=\"https:\/\/patrimoine-laroque-des-alberes.fr\/wp-content\/uploads\/2020\/06\/Casot-den-Lic-Joc.png 571w, https:\/\/patrimoine-laroque-des-alberes.fr\/wp-content\/uploads\/2020\/06\/Casot-den-Lic-Joc-300x225.png 300w\" sizes=\"auto, (max-width: 548px) 100vw, 548px\" \/><figcaption><strong><span style=\"color:#e91e63\" class=\"tadv-color\">Dur\u00e9e : 2H30     D\u00e9nivel\u00e9 : 250m     Longueur : 5,1Km<\/span><\/strong><\/figcaption><\/figure><\/div>\n\n\n\n<p class=\"has-text-align-center\">Le casot se trouve sur le parcours de l&rsquo;ancien sentier botanique.<\/p>\n\n\n\n<hr class=\"wp-block-separator\"\/>\n\n\n\n<h2 class=\"has-text-align-center wp-block-heading\"><strong>Patrimoine ancien de Laroque, sentier n\u00b02<\/strong><\/h2>\n\n\n\n<div class=\"wp-block-image\"><figure class=\"aligncenter size-large is-resized\"><img loading=\"lazy\" decoding=\"async\" src=\"https:\/\/patrimoine-laroque-des-alberes.fr\/wp-content\/uploads\/2021\/05\/Laroque-randonnee_opt.jpg\" alt=\"\" class=\"wp-image-6863\" width=\"535\" height=\"357\" srcset=\"https:\/\/patrimoine-laroque-des-alberes.fr\/wp-content\/uploads\/2021\/05\/Laroque-randonnee_opt.jpg 400w, https:\/\/patrimoine-laroque-des-alberes.fr\/wp-content\/uploads\/2021\/05\/Laroque-randonnee_opt-300x200.jpg 300w, https:\/\/patrimoine-laroque-des-alberes.fr\/wp-content\/uploads\/2021\/05\/Laroque-randonnee_opt-360x240.jpg 360w\" sizes=\"auto, (max-width: 535px) 100vw, 535px\" \/><figcaption><span style=\"color:#e91e63\" class=\"tadv-color\"><strong>Dur\u00e9e : 3H     D\u00e9nivel\u00e9 : 150m     Longueur<\/strong> :<strong> 7km (en cours de finalisation)<\/strong><\/span><\/figcaption><\/figure><\/div>\n\n\n\n<hr class=\"wp-block-separator\"\/>\n\n\n\n<h2 class=\"has-text-align-center wp-block-heading\"><strong>Source Min\u00e9rale<\/strong> <strong>\u00ab\u00a0Font d&rsquo;Aram\u00a0\u00bb<\/strong><\/h2>\n\n\n\n<div class=\"wp-block-image\"><figure class=\"aligncenter size-large is-resized\"><img loading=\"lazy\" decoding=\"async\" src=\"https:\/\/patrimoine-laroque-des-alberes.fr\/wp-content\/uploads\/2020\/06\/Source-min\u00e9rale-Joc-opt-2.png\" alt=\"\" class=\"wp-image-5723\" width=\"547\" height=\"409\" srcset=\"https:\/\/patrimoine-laroque-des-alberes.fr\/wp-content\/uploads\/2020\/06\/Source-min\u00e9rale-Joc-opt-2.png 357w, https:\/\/patrimoine-laroque-des-alberes.fr\/wp-content\/uploads\/2020\/06\/Source-min\u00e9rale-Joc-opt-2-300x224.png 300w\" sizes=\"auto, (max-width: 547px) 100vw, 547px\" \/><\/figure><\/div>\n\n\n\n<hr class=\"wp-block-separator\"\/>\n\n\n\n<h2 class=\"has-text-align-center wp-block-heading\"><strong>Les Cabanes de Mataporcs par Laroque, sentier n\u00b04<\/strong><\/h2>\n\n\n\n<div class=\"wp-block-image\"><figure class=\"aligncenter size-large is-resized\"><img loading=\"lazy\" decoding=\"async\" src=\"https:\/\/patrimoine-laroque-des-alberes.fr\/wp-content\/uploads\/2020\/11\/cabanes-mata-porcs-2014-reconstruc_opt.jpg\" alt=\"\" class=\"wp-image-5960\" width=\"421\" height=\"328\"\/><figcaption><span style=\"color:#e91e63\" class=\"tadv-color\"><strong>Dur\u00e9e : 3H     D\u00e9nivel\u00e9 : 317m     Longueur : 7,7Km<\/strong><\/span><\/figcaption><\/figure><\/div>\n\n\n\n<hr class=\"wp-block-separator\"\/>\n\n\n\n<h2 class=\"has-text-align-center wp-block-heading\"><strong>Les 2 Fontaines, sentier n\u00b05<\/strong><\/h2>\n\n\n\n<div class=\"wp-block-image\"><figure class=\"aligncenter size-large is-resized\"><img decoding=\"async\" src=\"https:\/\/patrimoine-laroque-des-alberes.fr\/wp-content\/uploads\/2020\/11\/Sentier-2-fontaines_opt.jpg\" alt=\"\" class=\"wp-image-5962\" width=\"472\" srcset=\"https:\/\/patrimoine-laroque-des-alberes.fr\/wp-content\/uploads\/2020\/11\/Sentier-2-fontaines_opt.jpg 370w, https:\/\/patrimoine-laroque-des-alberes.fr\/wp-content\/uploads\/2020\/11\/Sentier-2-fontaines_opt-300x225.jpg 300w\" sizes=\"(max-width: 370px) 100vw, 370px\" \/><figcaption><strong><span style=\"color:#e91e63\" class=\"tadv-color\">Dur\u00e9e : 4H15     D\u00e9nivel\u00e9 : 428m     Longueur : 9,9Km<\/span><\/strong><\/figcaption><\/figure><\/div>\n\n\n\n<hr class=\"wp-block-separator\"\/>\n\n\n\n<h2 class=\"alignfull has-text-align-center wp-block-heading\"><strong>Puits \u00e0 glace &#8211; Casot del Guard, sentiers 6 et 7<\/strong><\/h2>\n\n\n\n<figure class=\"wp-block-gallery aligncenter columns-2 is-cropped wp-block-gallery-3 is-layout-flex wp-block-gallery-is-layout-flex\"><ul class=\"blocks-gallery-grid\"><li class=\"blocks-gallery-item\"><figure><img loading=\"lazy\" decoding=\"async\" width=\"370\" height=\"277\" src=\"https:\/\/patrimoine-laroque-des-alberes.fr\/wp-content\/uploads\/2020\/11\/Sentier-puits-a-glace_opt.jpg\" alt=\"\" data-id=\"5963\" class=\"wp-image-5963\" srcset=\"https:\/\/patrimoine-laroque-des-alberes.fr\/wp-content\/uploads\/2020\/11\/Sentier-puits-a-glace_opt.jpg 370w, https:\/\/patrimoine-laroque-des-alberes.fr\/wp-content\/uploads\/2020\/11\/Sentier-puits-a-glace_opt-300x225.jpg 300w\" sizes=\"auto, (max-width: 370px) 100vw, 370px\" \/><figcaption class=\"blocks-gallery-item__caption\"><strong><span style=\"color:#e91e63\" class=\"tadv-color\"><\/span><\/strong><\/figcaption><\/figure><\/li><li class=\"blocks-gallery-item\"><figure><img loading=\"lazy\" decoding=\"async\" width=\"301\" height=\"226\" src=\"https:\/\/patrimoine-laroque-des-alberes.fr\/wp-content\/uploads\/2020\/11\/Casot-del-Guard-Joc.png\" alt=\"\" data-id=\"6023\" data-full-url=\"https:\/\/patrimoine-laroque-des-alberes.fr\/wp-content\/uploads\/2020\/11\/Casot-del-Guard-Joc.png\" data-link=\"https:\/\/patrimoine-laroque-des-alberes.fr\/les-chemins-de-randonnees-2\/casot-del-guard-joc-3\" class=\"wp-image-6023\"\/><\/figure><\/li><\/ul><figcaption class=\"blocks-gallery-caption\"><strong><em><span style=\"color:#e91e63\" class=\"tadv-color\">Dur\u00e9e : 2H30 D\u00e9nivel\u00e9 : 400M Longueur : 8,5Km<\/span><\/em><\/strong><\/figcaption><\/figure>\n\n\n\n<hr class=\"wp-block-separator\"\/>\n\n\n\n<h2 class=\"has-text-align-center wp-block-heading\"><strong>Le Dolmen de la balma del Moro, sentier n\u00b08<\/strong><\/h2>\n\n\n\n<div class=\"wp-block-image\"><figure class=\"aligncenter size-large is-resized\"><img decoding=\"async\" src=\"https:\/\/patrimoine-laroque-des-alberes.fr\/wp-content\/uploads\/2020\/11\/La-Balma-del-Moro-opt.jpg\" alt=\"\" class=\"wp-image-5953\" width=\"481\"\/><figcaption><strong><span style=\"color:#e91e63\" class=\"tadv-color\">Dur\u00e9e : 4H     D\u00e9nivel\u00e9 : 500m     Longueur : 10,1Km<\/span><\/strong><\/figcaption><\/figure><\/div>\n\n\n\n<hr class=\"wp-block-separator\"\/>\n\n\n\n<h2 class=\"has-text-align-center wp-block-heading\"><strong>Col de l&rsquo;Ouillat, sentier n\u00b09<\/strong><\/h2>\n\n\n\n<div class=\"wp-block-image\"><figure class=\"aligncenter size-large is-resized\"><img decoding=\"async\" src=\"https:\/\/patrimoine-laroque-des-alberes.fr\/wp-content\/uploads\/2020\/11\/Sentier-Col-de-lOuillat_opt.jpg\" alt=\"\" class=\"wp-image-5957\" width=\"481\"\/><figcaption><strong><span style=\"color:#e91e63\" class=\"tadv-color\">Dur\u00e9e : 6H     D\u00e9nivel\u00e9 : 865m     Longueur : 16,5Km<\/span><\/strong><\/figcaption><\/figure><\/div>\n\n\n\n<hr class=\"wp-block-separator\"\/>\n\n\n\n<h2 class=\"has-text-align-center wp-block-heading\"><strong>Le Roc Gr\u00e9vol et puig de Orella, sentier n\u00b011<\/strong><\/h2>\n\n\n\n<div class=\"wp-block-image\"><figure class=\"aligncenter size-large is-resized\"><img loading=\"lazy\" decoding=\"async\" src=\"https:\/\/patrimoine-laroque-des-alberes.fr\/wp-content\/uploads\/2020\/06\/Roc-grevol-Joc.png\" alt=\"\" class=\"wp-image-5727\" width=\"512\" height=\"385\" srcset=\"https:\/\/patrimoine-laroque-des-alberes.fr\/wp-content\/uploads\/2020\/06\/Roc-grevol-Joc.png 519w, https:\/\/patrimoine-laroque-des-alberes.fr\/wp-content\/uploads\/2020\/06\/Roc-grevol-Joc-300x225.png 300w\" sizes=\"auto, (max-width: 512px) 100vw, 512px\" \/><figcaption><strong><span style=\"color:#e91e63\" class=\"tadv-color\">Dur\u00e9e : 5H     D\u00e9nivel\u00e9 : 975m     Longueur : 15Km<\/span><\/strong><\/figcaption><\/figure><\/div>\n\n\n\n<hr class=\"wp-block-separator\"\/>\n\n\n\n<h2 class=\"has-text-align-center wp-block-heading\"><strong>Puig N\u00e9oulous &#8211; Col de l&rsquo;Ouillat, sentier n\u00b012<\/strong><\/h2>\n\n\n\n<div class=\"wp-block-image\"><figure class=\"aligncenter size-large is-resized\"><img decoding=\"async\" src=\"https:\/\/patrimoine-laroque-des-alberes.fr\/wp-content\/uploads\/2020\/11\/Sentier-Neulos_opt.jpg\" alt=\"\" class=\"wp-image-5958\" width=\"481\" srcset=\"https:\/\/patrimoine-laroque-des-alberes.fr\/wp-content\/uploads\/2020\/11\/Sentier-Neulos_opt.jpg 370w, https:\/\/patrimoine-laroque-des-alberes.fr\/wp-content\/uploads\/2020\/11\/Sentier-Neulos_opt-300x225.jpg 300w\" sizes=\"(max-width: 370px) 100vw, 370px\" \/><figcaption><strong><span style=\"color:#e91e63\" class=\"tadv-color\">Dur\u00e9e : 8H     D\u00e9nivel\u00e9 : 1155M     Longueur : 17Km<\/span><\/strong><\/figcaption><\/figure><\/div>\n\n\n\n<hr class=\"wp-block-separator\"\/>\n\n\n\n<p class=\"has-text-align-center\" style=\"font-size:23px\"><strong>Pour en savoir plus, consulter l&rsquo;application G\u00e9otrek PyMed<\/strong><\/p>\n","protected":false},"excerpt":{"rendered":"<p>Depuis sa cr\u00e9ation en 1987, l&rsquo;Association cr\u00e9e, entretien et balise l&rsquo;ensemble des sentiers de randonn\u00e9es sur la commune de Laroque des Alb\u00e8res. Avant de partir quelques rappels de connaissances : Carte des sentiers de randonn\u00e9es Les chemins de randonn\u00e9es d\u00e9butent tous au bout de la rue de l&rsquo;Eglise, puis passent [&hellip;]<\/p>\n","protected":false},"author":1,"featured_media":4791,"parent":0,"menu_order":0,"comment_status":"closed","ping_status":"closed","template":"","meta":{"_monsterinsights_skip_tracking":false,"_monsterinsights_sitenote_active":false,"_monsterinsights_sitenote_note":"","_monsterinsights_sitenote_category":0,"footnotes":""},"class_list":["post-5030","page","type-page","status-publish","has-post-thumbnail","hentry"],"_links":{"self":[{"href":"https:\/\/patrimoine-laroque-des-alberes.fr\/index.php?rest_route=\/wp\/v2\/pages\/5030","targetHints":{"allow":["GET"]}}],"collection":[{"href":"https:\/\/patrimoine-laroque-des-alberes.fr\/index.php?rest_route=\/wp\/v2\/pages"}],"about":[{"href":"https:\/\/patrimoine-laroque-des-alberes.fr\/index.php?rest_route=\/wp\/v2\/types\/page"}],"author":[{"embeddable":true,"href":"https:\/\/patrimoine-laroque-des-alberes.fr\/index.php?rest_route=\/wp\/v2\/users\/1"}],"replies":[{"embeddable":true,"href":"https:\/\/patrimoine-laroque-des-alberes.fr\/index.php?rest_route=%2Fwp%2Fv2%2Fcomments&post=5030"}],"version-history":[{"count":45,"href":"https:\/\/patrimoine-laroque-des-alberes.fr\/index.php?rest_route=\/wp\/v2\/pages\/5030\/revisions"}],"predecessor-version":[{"id":7186,"href":"https:\/\/patrimoine-laroque-des-alberes.fr\/index.php?rest_route=\/wp\/v2\/pages\/5030\/revisions\/7186"}],"wp:featuredmedia":[{"embeddable":true,"href":"https:\/\/patrimoine-laroque-des-alberes.fr\/index.php?rest_route=\/wp\/v2\/media\/4791"}],"wp:attachment":[{"href":"https:\/\/patrimoine-laroque-des-alberes.fr\/index.php?rest_route=%2Fwp%2Fv2%2Fmedia&parent=5030"}],"curies":[{"name":"wp","href":"https:\/\/api.w.org\/{rel}","templated":true}]}}