{"id":5037,"date":"2020-05-06T20:23:49","date_gmt":"2020-05-06T20:23:49","guid":{"rendered":"http:\/\/patrimoine-laroque-des-alberes.fr\/?page_id=5037"},"modified":"2023-01-02T15:46:09","modified_gmt":"2023-01-02T15:46:09","slug":"chapelles-et-eglises","status":"publish","type":"page","link":"https:\/\/patrimoine-laroque-des-alberes.fr\/?page_id=5037","title":{"rendered":"Chapelles et Eglise"},"content":{"rendered":"\n<h2 class=\"has-text-align-center wp-block-heading\"><strong>Chapelle Notre Dame de Tanya<\/strong><\/h2>\n\n\n<div class=\"wp-block-image\">\n<figure class=\"alignright size-large is-resized\"><img loading=\"lazy\" decoding=\"async\" src=\"https:\/\/patrimoine-laroque-des-alberes.fr\/wp-content\/uploads\/2021\/03\/Tanya1_opt.jpg\" alt=\"\" class=\"wp-image-6712\" width=\"208\" height=\"167\" srcset=\"https:\/\/patrimoine-laroque-des-alberes.fr\/wp-content\/uploads\/2021\/03\/Tanya1_opt.jpg 400w, https:\/\/patrimoine-laroque-des-alberes.fr\/wp-content\/uploads\/2021\/03\/Tanya1_opt-300x240.jpg 300w\" sizes=\"auto, (max-width: 208px) 100vw, 208px\" \/><\/figure>\n<\/div>\n\n\n<figure class=\"wp-block-image size-large is-resized\"><a href=\"http:\/\/www.laroque-des-alberes.fr\/fr\/office-de-tourisme\/decouvrir\/laroque\/l-ermitage-de-tanya.html\"><img loading=\"lazy\" decoding=\"async\" src=\"https:\/\/patrimoine-laroque-des-alberes.fr\/wp-content\/uploads\/2020\/09\/2014_Laroque_Tanya003_opt.jpg\" alt=\"\" class=\"wp-image-5819\" width=\"443\" height=\"591\" srcset=\"https:\/\/patrimoine-laroque-des-alberes.fr\/wp-content\/uploads\/2020\/09\/2014_Laroque_Tanya003_opt.jpg 400w, https:\/\/patrimoine-laroque-des-alberes.fr\/wp-content\/uploads\/2020\/09\/2014_Laroque_Tanya003_opt-225x300.jpg 225w\" sizes=\"auto, (max-width: 443px) 100vw, 443px\" \/><\/a><figcaption class=\"wp-element-caption\">Cliquez sur l&rsquo;image pour plus d&rsquo;informations<\/figcaption><\/figure>\n\n\n\n<p>Edifice pr\u00e9roman \u00e0 roman, dat\u00e9 du <strong><em>IXe si\u00e8cle<\/em><\/strong> d\u00e9di\u00e9 \u00e0 la Vierge Marie. La premi\u00e8re mention remonte \u00e0 <strong><em>875<\/em><\/strong> sous le toponyme \u00ab\u00a0Villa Tagnane\u00a0\u00bb. Le nom de Tanya d\u00e9rive du gallo romain Tany (Tannus = ch\u00eane). Voir la rubrique \u00ab\u00a0Travaux\u00a0\u00bb pour suivre les \u00e9tapes de restauration.<\/p>\n\n\n\n<hr class=\"wp-block-separator has-css-opacity\"\/>\n\n\n\n<h2 class=\"has-text-align-center wp-block-heading\"><strong>Chapelle Saint S\u00e9bastien (Sant S\u00e9bastia)<\/strong><\/h2>\n\n\n<div class=\"wp-block-image\">\n<figure class=\"aligncenter size-large is-resized\"><img loading=\"lazy\" decoding=\"async\" src=\"https:\/\/patrimoine-laroque-des-alberes.fr\/wp-content\/uploads\/2020\/06\/San-Sebastia_opt.jpg\" alt=\"\" class=\"wp-image-5708\" width=\"525\" height=\"395\" srcset=\"https:\/\/patrimoine-laroque-des-alberes.fr\/wp-content\/uploads\/2020\/06\/San-Sebastia_opt.jpg 400w, https:\/\/patrimoine-laroque-des-alberes.fr\/wp-content\/uploads\/2020\/06\/San-Sebastia_opt-300x225.jpg 300w\" sizes=\"auto, (max-width: 525px) 100vw, 525px\" \/><\/figure>\n<\/div>\n\n\n<p class=\"has-text-align-center\">Edifice \u00e0 une seule nef, une abside trap\u00e9zo\u00efdale couverte par une voute en plein cintre et dont l&rsquo;origine remonterait au <strong><em>XIIIe\/XIVe si\u00e8cle<\/em><\/strong>. Le premier document faisant r\u00e9f\u00e9rence \u00e0 cette chapelle date de <strong><em>1571<\/em><\/strong>. (Catalunya Romanica n\u00b0XIV, et Rosselo p331\/332)<\/p>\n\n\n\n<hr class=\"wp-block-separator has-css-opacity\"\/>\n\n\n\n<h2 class=\"has-text-align-center wp-block-heading\"><strong>Chapelle Saint Laurent d&rsquo;Amont \u00ab\u00a0dite  de Galici<\/strong>\u00a0\u00bb <strong>(Sant Lloren\u00e7)<\/strong><\/h2>\n\n\n<div class=\"wp-block-image\">\n<figure class=\"aligncenter size-large is-resized\"><img loading=\"lazy\" decoding=\"async\" src=\"https:\/\/patrimoine-laroque-des-alberes.fr\/wp-content\/uploads\/2020\/06\/San-Llorenc-Joc.png\" alt=\"\" class=\"wp-image-5710\" width=\"524\" height=\"393\" srcset=\"https:\/\/patrimoine-laroque-des-alberes.fr\/wp-content\/uploads\/2020\/06\/San-Llorenc-Joc.png 571w, https:\/\/patrimoine-laroque-des-alberes.fr\/wp-content\/uploads\/2020\/06\/San-Llorenc-Joc-300x225.png 300w\" sizes=\"auto, (max-width: 524px) 100vw, 524px\" \/><\/figure>\n<\/div>\n\n\n<p class=\"has-text-align-center\">Un pr\u00e9cepte de Lothaire de 981 est le premier document faisant r\u00e9f\u00e9rence \u00e0 cette chapelle pour lequel le roi des Francs confirme au monast\u00e8re de Saint Genis des Fontaines ses nombreuses possessions. Cette chapelle est d\u00e9di\u00e9e \u00e0 Saint Laurent mort en martyr sur un gril \u00e0 Rome en 258. D\u00e9j\u00e0 en ruine au d\u00e9but du XVII\u00e8me si\u00e8cle, c&rsquo;est vers le milieu du XVIII\u00e8me si\u00e8cle qu&rsquo;elle est c\u00e9d\u00e9e \u00e0 la famille Pardineille, toujours propri\u00e9taire \u00e0 ce jour. <\/p>\n\n\n\n<hr class=\"wp-block-separator has-css-opacity\"\/>\n\n\n\n<h2 class=\"has-text-align-center wp-block-heading\"><strong>Chapelle Saint Fructueux de Roca Vella<\/strong><\/h2>\n\n\n<div class=\"wp-block-image\">\n<figure class=\"aligncenter size-large is-resized\"><img loading=\"lazy\" decoding=\"async\" src=\"https:\/\/patrimoine-laroque-des-alberes.fr\/wp-content\/uploads\/2020\/09\/2008_Laroque_Rocca_Vella_002_opt.jpg\" alt=\"\" class=\"wp-image-5813\" width=\"508\" height=\"382\" srcset=\"https:\/\/patrimoine-laroque-des-alberes.fr\/wp-content\/uploads\/2020\/09\/2008_Laroque_Rocca_Vella_002_opt.jpg 400w, https:\/\/patrimoine-laroque-des-alberes.fr\/wp-content\/uploads\/2020\/09\/2008_Laroque_Rocca_Vella_002_opt-300x225.jpg 300w\" sizes=\"auto, (max-width: 508px) 100vw, 508px\" \/><\/figure>\n<\/div>\n\n\n<p class=\"has-text-align-center\">Eglise remarquable par son architecture et par sa situation, \u00e0 l&rsquo;entr\u00e9e de la vall\u00e9e profonde et encaiss\u00e9e de la rivi\u00e8re de Laroque. B\u00e2timent \u00e0 une nef achev\u00e9e \u00e0 l&rsquo;est par une abside semi-circulaire. Cet \u00e9difice atteignait certainement 9 m\u00e8tres de haut.<\/p>\n\n\n\n<hr class=\"wp-block-separator has-css-opacity\"\/>\n\n\n\n<h2 class=\"has-text-align-center wp-block-heading\"><strong>Eglise Saint F\u00e9lix<\/strong><\/h2>\n\n\n<div class=\"wp-block-image\">\n<figure class=\"aligncenter size-large\"><a href=\"http:\/\/www.laroque-des-alberes.fr\/fr\/office-de-tourisme\/decouvrir\/laroque\/l-eglise-saint-felix.html\" target=\"_blank\" rel=\"Eglise noopener noreferrer\"><img loading=\"lazy\" decoding=\"async\" width=\"400\" height=\"267\" src=\"https:\/\/patrimoine-laroque-des-alberes.fr\/wp-content\/uploads\/2020\/09\/2015_Laroque_St-Felix_011_opt.jpg\" alt=\"\" class=\"wp-image-5816\" srcset=\"https:\/\/patrimoine-laroque-des-alberes.fr\/wp-content\/uploads\/2020\/09\/2015_Laroque_St-Felix_011_opt.jpg 400w, https:\/\/patrimoine-laroque-des-alberes.fr\/wp-content\/uploads\/2020\/09\/2015_Laroque_St-Felix_011_opt-300x200.jpg 300w, https:\/\/patrimoine-laroque-des-alberes.fr\/wp-content\/uploads\/2020\/09\/2015_Laroque_St-Felix_011_opt-360x240.jpg 360w\" sizes=\"auto, (max-width: 400px) 100vw, 400px\" \/><\/a><figcaption class=\"wp-element-caption\"><strong>Cliquez sur l&rsquo;image pour plus d&rsquo;informations<\/strong><\/figcaption><\/figure>\n<\/div>\n\n\n<p class=\"has-text-align-center\">Ce b\u00e2timent aurait \u00e9t\u00e9 construit au milieu du XIII\u00e8me si\u00e8cle, int\u00e9gr\u00e9 \u00e0 la muraille m\u00e9ridionale du ch\u00e2teau. Il \u00e9tait utilis\u00e9 comme salle d&rsquo;armes. A partir de 1371 l&rsquo;extension du village hors des remparts a amen\u00e9 sa conversion en \u00e9glise paroissiale. Une voute en berceau bris\u00e9 lisse a \u00e9t\u00e9 ajout\u00e9.<\/p>\n\n\n<div class=\"wp-block-image\">\n<figure class=\"alignright size-large is-resized\"><img loading=\"lazy\" decoding=\"async\" src=\"https:\/\/patrimoine-laroque-des-alberes.fr\/wp-content\/uploads\/2023\/01\/St-Felix.jpg\" alt=\"\" class=\"wp-image-7543\" width=\"512\" height=\"384\" srcset=\"https:\/\/patrimoine-laroque-des-alberes.fr\/wp-content\/uploads\/2023\/01\/St-Felix.jpg 500w, https:\/\/patrimoine-laroque-des-alberes.fr\/wp-content\/uploads\/2023\/01\/St-Felix-300x225.jpg 300w\" sizes=\"auto, (max-width: 512px) 100vw, 512px\" \/><\/figure>\n<\/div>\n\n\n<figure class=\"wp-block-gallery has-nested-images columns-default is-cropped wp-block-gallery-2 is-layout-flex wp-block-gallery-is-layout-flex\">\n<figure class=\"wp-block-image size-full\"><img loading=\"lazy\" decoding=\"async\" width=\"550\" height=\"412\" data-id=\"7545\" src=\"https:\/\/patrimoine-laroque-des-alberes.fr\/wp-content\/uploads\/2023\/01\/St-Felix-creche.jpg\" alt=\"\" class=\"wp-image-7545\" srcset=\"https:\/\/patrimoine-laroque-des-alberes.fr\/wp-content\/uploads\/2023\/01\/St-Felix-creche.jpg 550w, https:\/\/patrimoine-laroque-des-alberes.fr\/wp-content\/uploads\/2023\/01\/St-Felix-creche-300x225.jpg 300w\" sizes=\"auto, (max-width: 550px) 100vw, 550px\" \/><\/figure>\n<\/figure>\n","protected":false},"excerpt":{"rendered":"<p>Chapelle Notre Dame de Tanya Edifice pr\u00e9roman \u00e0 roman, dat\u00e9 du IXe si\u00e8cle d\u00e9di\u00e9 \u00e0 la Vierge Marie. La premi\u00e8re mention remonte \u00e0 875 sous le toponyme \u00ab\u00a0Villa Tagnane\u00a0\u00bb. Le nom de Tanya d\u00e9rive du gallo romain Tany (Tannus = ch\u00eane). Voir la rubrique \u00ab\u00a0Travaux\u00a0\u00bb pour suivre les \u00e9tapes de [&hellip;]<\/p>\n","protected":false},"author":1,"featured_media":5713,"parent":0,"menu_order":0,"comment_status":"closed","ping_status":"closed","template":"","meta":{"_monsterinsights_skip_tracking":false,"_monsterinsights_sitenote_active":false,"_monsterinsights_sitenote_note":"","_monsterinsights_sitenote_category":0,"footnotes":""},"class_list":["post-5037","page","type-page","status-publish","has-post-thumbnail","hentry"],"_links":{"self":[{"href":"https:\/\/patrimoine-laroque-des-alberes.fr\/index.php?rest_route=\/wp\/v2\/pages\/5037","targetHints":{"allow":["GET"]}}],"collection":[{"href":"https:\/\/patrimoine-laroque-des-alberes.fr\/index.php?rest_route=\/wp\/v2\/pages"}],"about":[{"href":"https:\/\/patrimoine-laroque-des-alberes.fr\/index.php?rest_route=\/wp\/v2\/types\/page"}],"author":[{"embeddable":true,"href":"https:\/\/patrimoine-laroque-des-alberes.fr\/index.php?rest_route=\/wp\/v2\/users\/1"}],"replies":[{"embeddable":true,"href":"https:\/\/patrimoine-laroque-des-alberes.fr\/index.php?rest_route=%2Fwp%2Fv2%2Fcomments&post=5037"}],"version-history":[{"count":75,"href":"https:\/\/patrimoine-laroque-des-alberes.fr\/index.php?rest_route=\/wp\/v2\/pages\/5037\/revisions"}],"predecessor-version":[{"id":7546,"href":"https:\/\/patrimoine-laroque-des-alberes.fr\/index.php?rest_route=\/wp\/v2\/pages\/5037\/revisions\/7546"}],"wp:featuredmedia":[{"embeddable":true,"href":"https:\/\/patrimoine-laroque-des-alberes.fr\/index.php?rest_route=\/wp\/v2\/media\/5713"}],"wp:attachment":[{"href":"https:\/\/patrimoine-laroque-des-alberes.fr\/index.php?rest_route=%2Fwp%2Fv2%2Fmedia&parent=5037"}],"curies":[{"name":"wp","href":"https:\/\/api.w.org\/{rel}","templated":true}]}}