{"id":5056,"date":"2020-05-07T15:59:09","date_gmt":"2020-05-07T15:59:09","guid":{"rendered":"http:\/\/patrimoine-laroque-des-alberes.fr\/?page_id=5056"},"modified":"2021-03-20T16:37:48","modified_gmt":"2021-03-20T16:37:48","slug":"economiques","status":"publish","type":"page","link":"https:\/\/patrimoine-laroque-des-alberes.fr\/?page_id=5056","title":{"rendered":"Economiques"},"content":{"rendered":"\n<h2 class=\"has-text-align-center wp-block-heading\"><strong>Moulin de la Pave<\/strong><\/h2>\n\n\n\n<div class=\"wp-block-image\"><figure class=\"alignright size-large is-resized\"><img loading=\"lazy\" decoding=\"async\" src=\"https:\/\/patrimoine-laroque-des-alberes.fr\/wp-content\/uploads\/2020\/11\/Plaque-Moulin1_opt.jpg\" alt=\"\" class=\"wp-image-5919\" width=\"207\" height=\"165\" srcset=\"https:\/\/patrimoine-laroque-des-alberes.fr\/wp-content\/uploads\/2020\/11\/Plaque-Moulin1_opt.jpg 400w, https:\/\/patrimoine-laroque-des-alberes.fr\/wp-content\/uploads\/2020\/11\/Plaque-Moulin1_opt-300x240.jpg 300w\" sizes=\"auto, (max-width: 207px) 100vw, 207px\" \/><\/figure><\/div>\n\n\n\n<figure class=\"wp-block-image size-large is-resized\"><a href=\"http:\/\/www.laroque-des-alberes.fr\/fr\/office-de-tourisme\/decouvrir\/laroque\/le-moulin-de-la-pave.html\"><img loading=\"lazy\" decoding=\"async\" src=\"https:\/\/patrimoine-laroque-des-alberes.fr\/wp-content\/uploads\/2020\/06\/Moulin-Pave-economique-Joc.png\" alt=\"\" class=\"wp-image-5744\" width=\"434\" height=\"578\" srcset=\"https:\/\/patrimoine-laroque-des-alberes.fr\/wp-content\/uploads\/2020\/06\/Moulin-Pave-economique-Joc.png 268w, https:\/\/patrimoine-laroque-des-alberes.fr\/wp-content\/uploads\/2020\/06\/Moulin-Pave-economique-Joc-225x300.png 225w\" sizes=\"auto, (max-width: 434px) 100vw, 434px\" \/><\/a><figcaption>Cliquez sur l&rsquo;image pour plus d&rsquo;informations<\/figcaption><\/figure>\n\n\n\n<p class=\"has-text-align-center\"><strong>Le moulin de la pave est un ancien moulin \u00e0 farine pourvu en eau par le canal du village (rech). L&rsquo;origine de ce moulin remonte au XIV\u00e8me si\u00e8cle. Son nom actuel d\u00e9coule du nom de famille du 1er occupant : famille Paua. Le moulin poss\u00e9dait une roue \u00e0 la base, qui \u00e9tait actionn\u00e9e par l&rsquo;eau qui remontait gr\u00e2ce \u00e0 un axe qui faisait tourner une autre roue qui broyait les c\u00e9r\u00e9ales.L&rsquo;activit\u00e9 du moulin de la Pave s&rsquo;est poursuivie jusqu&rsquo;\u00e0 la fin du XIX\u00e8me si\u00e8cle. Il a \u00e9t\u00e9 habit\u00e9 jusqu&rsquo;en 1942 et est ensuite tomb\u00e9 en ruines. Il est devenu propri\u00e9t\u00e9 communale et a \u00e9t\u00e9 remis en \u00e9tat d\u00e8s 2005 par l&rsquo;Association. Voir la rubrique \u00ab\u00a0Travaux\u00a0\u00bb pour suivre les \u00e9tapes de restauration.<\/strong><\/p>\n\n\n\n<hr class=\"wp-block-separator\"\/>\n\n\n\n<h2 class=\"has-text-align-center wp-block-heading\"><strong>Cabanes de Mataporcs<\/strong><\/h2>\n\n\n\n<div class=\"wp-block-image\"><figure class=\"alignright size-large is-resized\"><img loading=\"lazy\" decoding=\"async\" src=\"https:\/\/patrimoine-laroque-des-alberes.fr\/wp-content\/uploads\/2021\/03\/Mataporcs-1024x820.jpg\" alt=\"\" class=\"wp-image-6674\" width=\"162\" height=\"129\" srcset=\"https:\/\/patrimoine-laroque-des-alberes.fr\/wp-content\/uploads\/2021\/03\/Mataporcs-1024x820.jpg 1024w, https:\/\/patrimoine-laroque-des-alberes.fr\/wp-content\/uploads\/2021\/03\/Mataporcs-300x240.jpg 300w, https:\/\/patrimoine-laroque-des-alberes.fr\/wp-content\/uploads\/2021\/03\/Mataporcs-768x615.jpg 768w, https:\/\/patrimoine-laroque-des-alberes.fr\/wp-content\/uploads\/2021\/03\/Mataporcs.jpg 1184w\" sizes=\"auto, (max-width: 162px) 100vw, 162px\" \/><\/figure><\/div>\n\n\n\n<div class=\"wp-block-image\"><figure class=\"aligncenter size-large\"><a href=\"http:\/\/www.laroque-des-alberes.fr\/fr\/office-de-tourisme\/randonner\/decouvrir-le-patrimoine-des-alberes\/cabanes-de-mataporcs.html\"><img loading=\"lazy\" decoding=\"async\" width=\"400\" height=\"301\" src=\"https:\/\/patrimoine-laroque-des-alberes.fr\/wp-content\/uploads\/2020\/06\/Cabanes-mataporcs-econimique-joc_opt.png\" alt=\"\" class=\"wp-image-5747\" srcset=\"https:\/\/patrimoine-laroque-des-alberes.fr\/wp-content\/uploads\/2020\/06\/Cabanes-mataporcs-econimique-joc_opt.png 400w, https:\/\/patrimoine-laroque-des-alberes.fr\/wp-content\/uploads\/2020\/06\/Cabanes-mataporcs-econimique-joc_opt-300x226.png 300w\" sizes=\"auto, (max-width: 400px) 100vw, 400px\" \/><\/a><figcaption>Cliquez sur l&rsquo;image pour plus d&rsquo;informations<\/figcaption><\/figure><\/div>\n\n\n\n<p class=\"has-text-align-center\"><strong>Le lieu-dit Mataporcs est mentionn\u00e9 pour la premi\u00e8re fois dans un document en 922. Ce toponyme signifie \u00ab\u00a0For\u00eat des porcs\u00a0\u00bb. Au cours des si\u00e8cles, on y menait les cochons du village et des mas pour leur faire pa\u00eetre glands et faines sous la garde d&rsquo;un pr\u00e9pos\u00e9 (porquerol en catalan). Ces cabanes leur servaient d&rsquo;abri, puis la majorit\u00e9 des cabanes vers le XIX\u00e8me si\u00e8cle ont servies d&rsquo;abris agricoles. Certaines \u00e9taient utilis\u00e9es pour le charbonnage, intens\u00e9ment pratiqu\u00e9 au Moyen-Age, jusqu&rsquo;au d\u00e9but du XX\u00e8me si\u00e8cle. Ce sont de petits \u00e9difices, form\u00e9s de 2 murs pignons en pierre s\u00e8che, supportant une charpente en bois recouverte de branchages et de terre ou de lauses. Voir la rubrique \u00ab\u00a0travaux\u00a0\u00bb pour suivre leur restauration.<\/strong><\/p>\n\n\n\n<hr class=\"wp-block-separator\"\/>\n\n\n\n<h2 class=\"has-text-align-center wp-block-heading\"><strong>Puits \u00e0 glace (Pou de gel) de l&rsquo;Avellonasa<\/strong><\/h2>\n\n\n\n<div class=\"wp-block-image\"><figure class=\"alignright size-large is-resized\"><a href=\"http:\/\/www.laroque-des-alberes.fr\/fr\/office-de-tourisme\/randonner\/decouvrir-le-patrimoine-des-alberes\/pou-de-gel-de-l-avellanosa.html\"><img loading=\"lazy\" decoding=\"async\" src=\"https:\/\/patrimoine-laroque-des-alberes.fr\/wp-content\/uploads\/2020\/11\/Plaque_Puits_a_glace1_opt.jpg\" alt=\"\" class=\"wp-image-5930\" width=\"185\" height=\"148\" srcset=\"https:\/\/patrimoine-laroque-des-alberes.fr\/wp-content\/uploads\/2020\/11\/Plaque_Puits_a_glace1_opt.jpg 400w, https:\/\/patrimoine-laroque-des-alberes.fr\/wp-content\/uploads\/2020\/11\/Plaque_Puits_a_glace1_opt-300x240.jpg 300w\" sizes=\"auto, (max-width: 185px) 100vw, 185px\" \/><\/a><figcaption>Cliquer sur la plaque pour des informations compl\u00e9mentaires<\/figcaption><\/figure><\/div>\n\n\n\n<figure class=\"wp-block-image size-large is-resized\"><img loading=\"lazy\" decoding=\"async\" src=\"https:\/\/patrimoine-laroque-des-alberes.fr\/wp-content\/uploads\/2020\/06\/Puits-glace-joc.png\" alt=\"\" class=\"wp-image-5750\" width=\"371\" height=\"278\" srcset=\"https:\/\/patrimoine-laroque-des-alberes.fr\/wp-content\/uploads\/2020\/06\/Puits-glace-joc.png 309w, https:\/\/patrimoine-laroque-des-alberes.fr\/wp-content\/uploads\/2020\/06\/Puits-glace-joc-300x225.png 300w\" sizes=\"auto, (max-width: 371px) 100vw, 371px\" \/><\/figure>\n\n\n\n<p class=\"has-text-align-center\"><strong>La plupart des puits \u00e0 neige et \u00e0 glace de l&rsquo;Albera sont construits au cours des XVII et XVIII\u00e8me si\u00e8cle. Ils servaient \u00e0 stocker de la neige qui, sous l&rsquo;action de la pesanteur, se transformait en une glace bulleuse. L&rsquo;Avellanosa fonctionnait aussi avec la glace des bassins voisins, comme mentionn\u00e9 dans un document de 1695. Le puits de 8 m\u00e8tres de diam\u00e8tre \u00e9tait recouvert par un toit en tuiles reposant sur une charpente. Son remplissage s&rsquo;effectuait par des ouvertures dans la partie sup\u00e9rieure.<\/strong><\/p>\n\n\n\n<hr class=\"wp-block-separator\"\/>\n\n\n\n<h2 class=\"has-text-align-center wp-block-heading\"><strong>Four \u00e0 verre<\/strong><\/h2>\n\n\n\n<div class=\"wp-block-image\"><figure class=\"aligncenter size-large is-resized\"><img loading=\"lazy\" decoding=\"async\" src=\"https:\/\/patrimoine-laroque-des-alberes.fr\/wp-content\/uploads\/2020\/06\/Four-a-verre-joc_opt.png\" alt=\"\" class=\"wp-image-5753\" width=\"491\" height=\"369\" srcset=\"https:\/\/patrimoine-laroque-des-alberes.fr\/wp-content\/uploads\/2020\/06\/Four-a-verre-joc_opt.png 309w, https:\/\/patrimoine-laroque-des-alberes.fr\/wp-content\/uploads\/2020\/06\/Four-a-verre-joc_opt-300x225.png 300w\" sizes=\"auto, (max-width: 491px) 100vw, 491px\" \/><\/figure><\/div>\n\n\n\n<p><strong>Situ\u00e9 \u00e0 395m d&rsquo;altitude sur la rive droite de la rivi\u00e8re de Laroque cet atelier a \u00e9t\u00e9 d\u00e9couvert par l&rsquo;Association en 2000. La pr\u00e9sence des productions r\u00e9cup\u00e9r\u00e9es pourrait attester d&rsquo;une occupation du site d\u00e8s les XIV-XV\u00e8me si\u00e8cles. Pour plus de renseignements voir : fouilles arch\u00e9ologiques (extrait du m\u00e9moire de maitrise de Jordi Mach)<\/strong> .<strong> (Voir la rubrique \u00ab Informations \u2013 Documentation \u00bb pour conna\u00eetre son histoire)<\/strong><\/p>\n\n\n\n<hr class=\"wp-block-separator\"\/>\n\n\n\n<h2 class=\"has-text-align-center wp-block-heading\"><strong>Rech de la ville<\/strong> (canal d&rsquo;irrigation)<\/h2>\n\n\n\n<div class=\"wp-block-image\"><figure class=\"aligncenter size-large is-resized\"><a href=\"http:\/\/www.laroque-des-alberes.fr\/fr\/office-de-tourisme\/decouvrir\/laroque\/le-rech-des-moulins.html\"><img loading=\"lazy\" decoding=\"async\" src=\"https:\/\/patrimoine-laroque-des-alberes.fr\/wp-content\/uploads\/2020\/06\/rech-de-la-ville-joc.png\" alt=\"\" class=\"wp-image-5756\" width=\"481\" height=\"414\"\/><\/a><figcaption><strong>Cliquez sur l&rsquo;image pour plus d&rsquo;informations<\/strong> <strong>et se reporter \u00e0 la rubrique \u00ab\u00a0informations\u00a0\u00bb pour d\u00e9tails sur ce rech<\/strong><\/figcaption><\/figure><\/div>\n\n\n\n<hr class=\"wp-block-separator\"\/>\n\n\n\n<h2 class=\"has-text-align-center wp-block-heading\"><strong>Puits du Mas Rancoure<\/strong><\/h2>\n\n\n\n<div class=\"wp-block-image\"><figure class=\"aligncenter size-large is-resized\"><img loading=\"lazy\" decoding=\"async\" src=\"https:\/\/patrimoine-laroque-des-alberes.fr\/wp-content\/uploads\/2020\/11\/Puits-Rancoure-1_opt.jpg\" alt=\"\" class=\"wp-image-5980\" width=\"493\" height=\"381\" srcset=\"https:\/\/patrimoine-laroque-des-alberes.fr\/wp-content\/uploads\/2020\/11\/Puits-Rancoure-1_opt.jpg 400w, https:\/\/patrimoine-laroque-des-alberes.fr\/wp-content\/uploads\/2020\/11\/Puits-Rancoure-1_opt-300x232.jpg 300w\" sizes=\"auto, (max-width: 493px) 100vw, 493px\" \/><\/figure><\/div>\n","protected":false},"excerpt":{"rendered":"<p>Moulin de la Pave Le moulin de la pave est un ancien moulin \u00e0 farine pourvu en eau par le canal du village (rech). L&rsquo;origine de ce moulin remonte au XIV\u00e8me si\u00e8cle. Son nom actuel d\u00e9coule du nom de famille du 1er occupant : famille Paua. Le moulin poss\u00e9dait une [&hellip;]<\/p>\n","protected":false},"author":1,"featured_media":5899,"parent":0,"menu_order":0,"comment_status":"closed","ping_status":"closed","template":"","meta":{"_monsterinsights_skip_tracking":false,"_monsterinsights_sitenote_active":false,"_monsterinsights_sitenote_note":"","_monsterinsights_sitenote_category":0,"footnotes":""},"class_list":["post-5056","page","type-page","status-publish","has-post-thumbnail","hentry"],"_links":{"self":[{"href":"https:\/\/patrimoine-laroque-des-alberes.fr\/index.php?rest_route=\/wp\/v2\/pages\/5056","targetHints":{"allow":["GET"]}}],"collection":[{"href":"https:\/\/patrimoine-laroque-des-alberes.fr\/index.php?rest_route=\/wp\/v2\/pages"}],"about":[{"href":"https:\/\/patrimoine-laroque-des-alberes.fr\/index.php?rest_route=\/wp\/v2\/types\/page"}],"author":[{"embeddable":true,"href":"https:\/\/patrimoine-laroque-des-alberes.fr\/index.php?rest_route=\/wp\/v2\/users\/1"}],"replies":[{"embeddable":true,"href":"https:\/\/patrimoine-laroque-des-alberes.fr\/index.php?rest_route=%2Fwp%2Fv2%2Fcomments&post=5056"}],"version-history":[{"count":59,"href":"https:\/\/patrimoine-laroque-des-alberes.fr\/index.php?rest_route=\/wp\/v2\/pages\/5056\/revisions"}],"predecessor-version":[{"id":6813,"href":"https:\/\/patrimoine-laroque-des-alberes.fr\/index.php?rest_route=\/wp\/v2\/pages\/5056\/revisions\/6813"}],"wp:featuredmedia":[{"embeddable":true,"href":"https:\/\/patrimoine-laroque-des-alberes.fr\/index.php?rest_route=\/wp\/v2\/media\/5899"}],"wp:attachment":[{"href":"https:\/\/patrimoine-laroque-des-alberes.fr\/index.php?rest_route=%2Fwp%2Fv2%2Fmedia&parent=5056"}],"curies":[{"name":"wp","href":"https:\/\/api.w.org\/{rel}","templated":true}]}}