{"id":5059,"date":"2020-05-07T16:01:05","date_gmt":"2020-05-07T16:01:05","guid":{"rendered":"http:\/\/patrimoine-laroque-des-alberes.fr\/?page_id=5059"},"modified":"2025-04-26T17:06:51","modified_gmt":"2025-04-26T17:06:51","slug":"historiques","status":"publish","type":"page","link":"https:\/\/patrimoine-laroque-des-alberes.fr\/?page_id=5059","title":{"rendered":"Historiques"},"content":{"rendered":"\n<h2 class=\"wp-block-heading has-text-align-center\"><strong>Castellet &#8211; Mas Paco<\/strong><\/h2>\n\n\n<div class=\"wp-block-image\">\n<figure class=\"aligncenter size-large is-resized\"><img loading=\"lazy\" decoding=\"async\" width=\"236\" height=\"177\" src=\"https:\/\/patrimoine-laroque-des-alberes.fr\/wp-content\/uploads\/2020\/06\/Castellet-joc_opt.png\" alt=\"\" class=\"wp-image-5758\" style=\"width:541px;height:407px\"\/><\/figure>\n<\/div>\n\n\n<p class=\"has-text-align-center\">Le chantier conduit en 2019 sur le site du \u00ab\u00a0Mas Paco\u00a0\u00bb s&rsquo;inscrit dans le cadre d&rsquo;un partenariat\/valorisation scientifique conventionn\u00e9 sur une dur\u00e9e de 3 ans, entre la Mairie de Laroque et le laboratoire du La3m (Aix-Marseille universit\u00e9\/CNRS).   Une datation du Moyen Age (IX\/X\u00e8me si\u00e8cle) est envisag\u00e9e.      Pour plus de renseignements, voir : fouilles arch\u00e9ologiques (article d&rsquo;Andr\u00e9 Constant paru dans le journal communal de fin 2019).<\/p>\n\n\n\n<hr class=\"wp-block-separator has-css-opacity\"\/>\n\n\n\n<h2 class=\"wp-block-heading has-text-align-center\"><strong>Ch\u00e2teau Carolingien<\/strong><\/h2>\n\n\n<div class=\"wp-block-image\">\n<figure class=\"aligncenter size-large is-resized\"><img loading=\"lazy\" decoding=\"async\" width=\"236\" height=\"177\" src=\"https:\/\/patrimoine-laroque-des-alberes.fr\/wp-content\/uploads\/2020\/06\/Chateau-carolingien-joc_opt.png\" alt=\"\" class=\"wp-image-5759\" style=\"width:527px;height:395px\"\/><\/figure>\n<\/div>\n\n\n<p class=\"has-text-align-center\">Ch\u00e2teau de Laroque. Selon la premi\u00e8re mention connue, \u00ab\u00a0Kastrum de Rocha\u00a0\u00bb, en 1100, sa construction daterait du VI\u00e8me si\u00e8cle, succ\u00e9dant \u00e0 une fortification carolingienne situ\u00e9e sur le piton rocheux surplombant la chapelle Saint Fructeux de Rocavella.<\/p>\n\n\n\n<p class=\"has-text-align-center\">Le ch\u00e2teau construit des celliers qui sont venus s&rsquo;agr\u00e9ger contre son rempart formant une \u00ab\u00a0cellera\u00a0\u00bb astrale prot\u00e9g\u00e9e par une seconde enceinte. Ils sont progressivement remplac\u00e9s par des maisons qui composait le premier noyau villageois d\u00e9sign\u00e9 au fil des si\u00e8cles comme le Fontalicium, la Forciam, la Forsa et le Fort.<\/p>\n\n\n\n<hr class=\"wp-block-separator has-css-opacity\"\/>\n\n\n\n<h2 class=\"wp-block-heading has-text-align-center\"><strong>Dolmen de la Balme Del Moro<\/strong><\/h2>\n\n\n<div class=\"wp-block-image\">\n<figure class=\"alignright size-full is-resized\"><a href=\"http:\/\/www.laroque-des-alberes.fr\/fr\/office-de-tourisme\/randonner\/decouvrir-le-patrimoine-des-alberes\/le-dolmen-de-la-balma-del-moro.html\"><img loading=\"lazy\" decoding=\"async\" width=\"400\" height=\"320\" src=\"https:\/\/patrimoine-laroque-des-alberes.fr\/wp-content\/uploads\/2021\/12\/Plaque-balme-del-Moro_opt.jpg\" alt=\"\" class=\"wp-image-7094\" style=\"width:164px;height:131px\" srcset=\"https:\/\/patrimoine-laroque-des-alberes.fr\/wp-content\/uploads\/2021\/12\/Plaque-balme-del-Moro_opt.jpg 400w, https:\/\/patrimoine-laroque-des-alberes.fr\/wp-content\/uploads\/2021\/12\/Plaque-balme-del-Moro_opt-300x240.jpg 300w\" sizes=\"auto, (max-width: 400px) 100vw, 400px\" \/><\/a><figcaption class=\"wp-element-caption\"> Cliquer sur la plaque pour des informations compl\u00e9mentaires <\/figcaption><\/figure>\n<\/div>\n\n\n<figure class=\"wp-block-image size-large is-resized\"><img loading=\"lazy\" decoding=\"async\" width=\"198\" height=\"149\" src=\"https:\/\/patrimoine-laroque-des-alberes.fr\/wp-content\/uploads\/2020\/06\/Dolmen-joc.png\" alt=\"\" class=\"wp-image-5760\" style=\"width:525px;height:395px\"\/><\/figure>\n\n\n\n<p class=\"has-text-align-center\">Balma del Moro se traduit en fran\u00e7ais par \u00ab\u00a0abri sous roche du Marn\u00e9\u00a0\u00bb. Il garde dans l&rsquo;imaginaire collectif le souvenir de cette lointaine \u00e9poque (VIII\u00e8me si\u00e8cle) o\u00f9 les Maures avaient envahi les terres catalanes et au del\u00e0 (autre toponymes Puig des Moros, Cement\u00e9ri des Moros&#8230;). Ce sont des tombes \u00e0 usage collectif. On en compte 120 dans l&rsquo;Alb\u00e9ra.<\/p>\n","protected":false},"excerpt":{"rendered":"<p>Castellet &#8211; Mas Paco Le chantier conduit en 2019 sur le site du \u00ab\u00a0Mas Paco\u00a0\u00bb s&rsquo;inscrit dans le cadre d&rsquo;un partenariat\/valorisation scientifique conventionn\u00e9 sur une dur\u00e9e de 3 ans, entre la Mairie de Laroque et le laboratoire du La3m (Aix-Marseille universit\u00e9\/CNRS). Une datation du Moyen Age (IX\/X\u00e8me si\u00e8cle) est envisag\u00e9e. [&hellip;]<\/p>\n","protected":false},"author":1,"featured_media":5760,"parent":0,"menu_order":0,"comment_status":"closed","ping_status":"closed","template":"","meta":{"_monsterinsights_skip_tracking":false,"_monsterinsights_sitenote_active":false,"_monsterinsights_sitenote_note":"","_monsterinsights_sitenote_category":0,"footnotes":""},"class_list":["post-5059","page","type-page","status-publish","has-post-thumbnail","hentry"],"_links":{"self":[{"href":"https:\/\/patrimoine-laroque-des-alberes.fr\/index.php?rest_route=\/wp\/v2\/pages\/5059","targetHints":{"allow":["GET"]}}],"collection":[{"href":"https:\/\/patrimoine-laroque-des-alberes.fr\/index.php?rest_route=\/wp\/v2\/pages"}],"about":[{"href":"https:\/\/patrimoine-laroque-des-alberes.fr\/index.php?rest_route=\/wp\/v2\/types\/page"}],"author":[{"embeddable":true,"href":"https:\/\/patrimoine-laroque-des-alberes.fr\/index.php?rest_route=\/wp\/v2\/users\/1"}],"replies":[{"embeddable":true,"href":"https:\/\/patrimoine-laroque-des-alberes.fr\/index.php?rest_route=%2Fwp%2Fv2%2Fcomments&post=5059"}],"version-history":[{"count":14,"href":"https:\/\/patrimoine-laroque-des-alberes.fr\/index.php?rest_route=\/wp\/v2\/pages\/5059\/revisions"}],"predecessor-version":[{"id":8413,"href":"https:\/\/patrimoine-laroque-des-alberes.fr\/index.php?rest_route=\/wp\/v2\/pages\/5059\/revisions\/8413"}],"wp:featuredmedia":[{"embeddable":true,"href":"https:\/\/patrimoine-laroque-des-alberes.fr\/index.php?rest_route=\/wp\/v2\/media\/5760"}],"wp:attachment":[{"href":"https:\/\/patrimoine-laroque-des-alberes.fr\/index.php?rest_route=%2Fwp%2Fv2%2Fmedia&parent=5059"}],"curies":[{"name":"wp","href":"https:\/\/api.w.org\/{rel}","templated":true}]}}