{"id":5074,"date":"2020-05-08T00:59:18","date_gmt":"2020-05-08T00:59:18","guid":{"rendered":"http:\/\/patrimoine-laroque-des-alberes.fr\/?page_id=5074"},"modified":"2024-03-21T16:15:36","modified_gmt":"2024-03-21T16:15:36","slug":"cabanes-de-mataporcs","status":"publish","type":"page","link":"https:\/\/patrimoine-laroque-des-alberes.fr\/?page_id=5074","title":{"rendered":"Cabanes de Mataporcs"},"content":{"rendered":"<div class=\"wp-block-image\">\n<figure class=\"aligncenter size-large is-resized\"><img loading=\"lazy\" decoding=\"async\" width=\"400\" height=\"300\" src=\"https:\/\/patrimoine-laroque-des-alberes.fr\/wp-content\/uploads\/2020\/10\/2008-cabanes-du-mataporc-107_opt.jpg\" alt=\"\" class=\"wp-image-5854\" style=\"width:333px;height:250px\" srcset=\"https:\/\/patrimoine-laroque-des-alberes.fr\/wp-content\/uploads\/2020\/10\/2008-cabanes-du-mataporc-107_opt.jpg 400w, https:\/\/patrimoine-laroque-des-alberes.fr\/wp-content\/uploads\/2020\/10\/2008-cabanes-du-mataporc-107_opt-300x225.jpg 300w\" sizes=\"auto, (max-width: 400px) 100vw, 400px\" \/><\/figure>\n<\/div>\n\n\n<p><strong>Le Lieu-dit Mataporcs est mentionn\u00e9 pour la premi\u00e8re fois en 922. Ces cabanes sont faites en pierres s\u00e8ches. Elles servaient de refuge aux bergers, puis d&rsquo;abris agricoles et certaines furent rattacher au charbonnage.<\/strong><\/p>\n\n\n\n<figure class=\"wp-block-gallery has-nested-images columns-2 is-cropped wp-block-gallery-2 is-layout-flex wp-block-gallery-is-layout-flex\">\n<figure class=\"wp-block-image size-large\"><img loading=\"lazy\" decoding=\"async\" width=\"400\" height=\"300\" data-id=\"5075\" src=\"https:\/\/patrimoine-laroque-des-alberes.fr\/wp-content\/uploads\/2020\/05\/sentier-mata-porcs-2009_opt.jpg\" alt=\"\" class=\"wp-image-5075\" srcset=\"https:\/\/patrimoine-laroque-des-alberes.fr\/wp-content\/uploads\/2020\/05\/sentier-mata-porcs-2009_opt.jpg 400w, https:\/\/patrimoine-laroque-des-alberes.fr\/wp-content\/uploads\/2020\/05\/sentier-mata-porcs-2009_opt-300x225.jpg 300w\" sizes=\"auto, (max-width: 400px) 100vw, 400px\" \/><\/figure>\n\n\n\n<figure class=\"wp-block-image size-large\"><img loading=\"lazy\" decoding=\"async\" width=\"400\" height=\"300\" data-id=\"5076\" src=\"https:\/\/patrimoine-laroque-des-alberes.fr\/wp-content\/uploads\/2020\/05\/Sentier-Mata-prcs-groupe2009_opt.jpg\" alt=\"\" class=\"wp-image-5076\" srcset=\"https:\/\/patrimoine-laroque-des-alberes.fr\/wp-content\/uploads\/2020\/05\/Sentier-Mata-prcs-groupe2009_opt.jpg 400w, https:\/\/patrimoine-laroque-des-alberes.fr\/wp-content\/uploads\/2020\/05\/Sentier-Mata-prcs-groupe2009_opt-300x225.jpg 300w\" sizes=\"auto, (max-width: 400px) 100vw, 400px\" \/><\/figure>\n\n\n\n<figure class=\"wp-block-image size-large\"><img loading=\"lazy\" decoding=\"async\" width=\"400\" height=\"300\" data-id=\"5077\" src=\"https:\/\/patrimoine-laroque-des-alberes.fr\/wp-content\/uploads\/2020\/05\/Sentier-Mata-porcs-2014-reconstruction_opt.jpg\" alt=\"\" class=\"wp-image-5077\" srcset=\"https:\/\/patrimoine-laroque-des-alberes.fr\/wp-content\/uploads\/2020\/05\/Sentier-Mata-porcs-2014-reconstruction_opt.jpg 400w, https:\/\/patrimoine-laroque-des-alberes.fr\/wp-content\/uploads\/2020\/05\/Sentier-Mata-porcs-2014-reconstruction_opt-300x225.jpg 300w\" sizes=\"auto, (max-width: 400px) 100vw, 400px\" \/><\/figure>\n\n\n\n<figure class=\"wp-block-image size-large\"><img loading=\"lazy\" decoding=\"async\" width=\"400\" height=\"300\" data-id=\"5078\" src=\"https:\/\/patrimoine-laroque-des-alberes.fr\/wp-content\/uploads\/2020\/05\/Sentier-mata-porcs-2014-reconstruc_opt.jpg\" alt=\"\" class=\"wp-image-5078\" srcset=\"https:\/\/patrimoine-laroque-des-alberes.fr\/wp-content\/uploads\/2020\/05\/Sentier-mata-porcs-2014-reconstruc_opt.jpg 400w, https:\/\/patrimoine-laroque-des-alberes.fr\/wp-content\/uploads\/2020\/05\/Sentier-mata-porcs-2014-reconstruc_opt-300x225.jpg 300w\" sizes=\"auto, (max-width: 400px) 100vw, 400px\" \/><\/figure>\n<figcaption class=\"blocks-gallery-caption wp-element-caption\"><strong>2014 Reconstruction apr\u00e8s temp\u00eate<\/strong><\/figcaption><\/figure>\n\n\n\n<h3 class=\"wp-block-heading alignwide has-text-align-center\"><strong>mai 2021 toit \u00e0 nouveau \u00e9croul\u00e9<\/strong>, donc r\u00e9paration<\/h3>\n\n\n\n<figure class=\"wp-block-gallery has-nested-images columns-default is-cropped wp-block-gallery-3 is-layout-flex wp-block-gallery-is-layout-flex\">\n<figure class=\"wp-block-image size-large\"><img loading=\"lazy\" decoding=\"async\" width=\"400\" height=\"266\" data-id=\"6855\" src=\"https:\/\/patrimoine-laroque-des-alberes.fr\/wp-content\/uploads\/2021\/05\/2021-05-Cabanes-mataporcs-ecroule_opt_opt.jpg\" alt=\"\" class=\"wp-image-6855\" srcset=\"https:\/\/patrimoine-laroque-des-alberes.fr\/wp-content\/uploads\/2021\/05\/2021-05-Cabanes-mataporcs-ecroule_opt_opt.jpg 400w, https:\/\/patrimoine-laroque-des-alberes.fr\/wp-content\/uploads\/2021\/05\/2021-05-Cabanes-mataporcs-ecroule_opt_opt-300x200.jpg 300w, https:\/\/patrimoine-laroque-des-alberes.fr\/wp-content\/uploads\/2021\/05\/2021-05-Cabanes-mataporcs-ecroule_opt_opt-360x240.jpg 360w\" sizes=\"auto, (max-width: 400px) 100vw, 400px\" \/><\/figure>\n\n\n\n<figure class=\"wp-block-image size-large\"><img loading=\"lazy\" decoding=\"async\" width=\"400\" height=\"266\" data-id=\"6856\" src=\"https:\/\/patrimoine-laroque-des-alberes.fr\/wp-content\/uploads\/2021\/05\/2021-05-cabanes-mtaporcs-couvertuure_opt.jpg\" alt=\"\" class=\"wp-image-6856\" srcset=\"https:\/\/patrimoine-laroque-des-alberes.fr\/wp-content\/uploads\/2021\/05\/2021-05-cabanes-mtaporcs-couvertuure_opt.jpg 400w, https:\/\/patrimoine-laroque-des-alberes.fr\/wp-content\/uploads\/2021\/05\/2021-05-cabanes-mtaporcs-couvertuure_opt-300x200.jpg 300w, https:\/\/patrimoine-laroque-des-alberes.fr\/wp-content\/uploads\/2021\/05\/2021-05-cabanes-mtaporcs-couvertuure_opt-360x240.jpg 360w\" sizes=\"auto, (max-width: 400px) 100vw, 400px\" \/><\/figure>\n<\/figure>\n\n\n\n<hr class=\"wp-block-separator has-alpha-channel-opacity\"\/>\n\n\n\n<h2 class=\"wp-block-heading\">2024 Nous surveillons et r\u00e9parons toujours<\/h2>\n\n\n\n<figure class=\"wp-block-gallery has-nested-images columns-default is-cropped wp-block-gallery-4 is-layout-flex wp-block-gallery-is-layout-flex\"><div class=\"wp-block-image\">\n<figure class=\"aligncenter size-large\"><img loading=\"lazy\" decoding=\"async\" width=\"492\" height=\"1024\" data-id=\"8012\" src=\"https:\/\/patrimoine-laroque-des-alberes.fr\/wp-content\/uploads\/2024\/03\/2024-02-mata-porcs-graffitis.jpg\" alt=\"\" class=\"wp-image-8012\" srcset=\"https:\/\/patrimoine-laroque-des-alberes.fr\/wp-content\/uploads\/2024\/03\/2024-02-mata-porcs-graffitis.jpg 492w, https:\/\/patrimoine-laroque-des-alberes.fr\/wp-content\/uploads\/2024\/03\/2024-02-mata-porcs-graffitis-144x300.jpg 144w\" sizes=\"auto, (max-width: 492px) 100vw, 492px\" \/><\/figure>\n<\/div>\n\n\n<figure class=\"wp-block-image size-large\"><img loading=\"lazy\" decoding=\"async\" width=\"492\" height=\"1024\" data-id=\"8013\" src=\"https:\/\/patrimoine-laroque-des-alberes.fr\/wp-content\/uploads\/2024\/03\/2024-02-mata-porcs-graffitis-nettoye.jpg\" alt=\"\" class=\"wp-image-8013\" srcset=\"https:\/\/patrimoine-laroque-des-alberes.fr\/wp-content\/uploads\/2024\/03\/2024-02-mata-porcs-graffitis-nettoye.jpg 492w, https:\/\/patrimoine-laroque-des-alberes.fr\/wp-content\/uploads\/2024\/03\/2024-02-mata-porcs-graffitis-nettoye-144x300.jpg 144w\" sizes=\"auto, (max-width: 492px) 100vw, 492px\" \/><\/figure>\n<\/figure>\n","protected":false},"excerpt":{"rendered":"<p>Le Lieu-dit Mataporcs est mentionn\u00e9 pour la premi\u00e8re fois en 922. Ces cabanes sont faites en pierres s\u00e8ches. Elles servaient de refuge aux bergers, puis d&rsquo;abris agricoles et certaines furent rattacher au charbonnage. mai 2021 toit \u00e0 nouveau \u00e9croul\u00e9, donc r\u00e9paration 2024 Nous surveillons et r\u00e9parons toujours<\/p>\n","protected":false},"author":1,"featured_media":6003,"parent":0,"menu_order":0,"comment_status":"closed","ping_status":"closed","template":"","meta":{"_monsterinsights_skip_tracking":false,"_monsterinsights_sitenote_active":false,"_monsterinsights_sitenote_note":"","_monsterinsights_sitenote_category":0,"footnotes":""},"class_list":["post-5074","page","type-page","status-publish","has-post-thumbnail","hentry"],"_links":{"self":[{"href":"https:\/\/patrimoine-laroque-des-alberes.fr\/index.php?rest_route=\/wp\/v2\/pages\/5074","targetHints":{"allow":["GET"]}}],"collection":[{"href":"https:\/\/patrimoine-laroque-des-alberes.fr\/index.php?rest_route=\/wp\/v2\/pages"}],"about":[{"href":"https:\/\/patrimoine-laroque-des-alberes.fr\/index.php?rest_route=\/wp\/v2\/types\/page"}],"author":[{"embeddable":true,"href":"https:\/\/patrimoine-laroque-des-alberes.fr\/index.php?rest_route=\/wp\/v2\/users\/1"}],"replies":[{"embeddable":true,"href":"https:\/\/patrimoine-laroque-des-alberes.fr\/index.php?rest_route=%2Fwp%2Fv2%2Fcomments&post=5074"}],"version-history":[{"count":7,"href":"https:\/\/patrimoine-laroque-des-alberes.fr\/index.php?rest_route=\/wp\/v2\/pages\/5074\/revisions"}],"predecessor-version":[{"id":8015,"href":"https:\/\/patrimoine-laroque-des-alberes.fr\/index.php?rest_route=\/wp\/v2\/pages\/5074\/revisions\/8015"}],"wp:featuredmedia":[{"embeddable":true,"href":"https:\/\/patrimoine-laroque-des-alberes.fr\/index.php?rest_route=\/wp\/v2\/media\/6003"}],"wp:attachment":[{"href":"https:\/\/patrimoine-laroque-des-alberes.fr\/index.php?rest_route=%2Fwp%2Fv2%2Fmedia&parent=5074"}],"curies":[{"name":"wp","href":"https:\/\/api.w.org\/{rel}","templated":true}]}}