{"id":5171,"date":"2020-05-08T15:19:15","date_gmt":"2020-05-08T15:19:15","guid":{"rendered":"http:\/\/patrimoine-laroque-des-alberes.fr\/?page_id=5171"},"modified":"2025-04-26T17:03:12","modified_gmt":"2025-04-26T17:03:12","slug":"sources-et-fontaines","status":"publish","type":"page","link":"https:\/\/patrimoine-laroque-des-alberes.fr\/?page_id=5171","title":{"rendered":"Fontaines et Sources"},"content":{"rendered":"\n<h2 class=\"wp-block-heading has-text-align-center\"><strong>Fontaine de La V\u00e8ze<\/strong> (<strong>La Vesa<\/strong>)<\/h2>\n\n\n<div class=\"wp-block-image is-resized\">\n<figure class=\"alignright size-large\"><a href=\"http:\/\/www.laroque-des-alberes.fr\/fr\/office-de-tourisme\/randonner\/decouvrir-le-patrimoine-des-alberes\/font-de-la-vesa.html\"><img loading=\"lazy\" decoding=\"async\" width=\"400\" height=\"320\" src=\"https:\/\/patrimoine-laroque-des-alberes.fr\/wp-content\/uploads\/2020\/11\/Plaque-La-Veze_opt.jpg\" alt=\"\" class=\"wp-image-5907\" style=\"width:351px;height:auto\" srcset=\"https:\/\/patrimoine-laroque-des-alberes.fr\/wp-content\/uploads\/2020\/11\/Plaque-La-Veze_opt.jpg 400w, https:\/\/patrimoine-laroque-des-alberes.fr\/wp-content\/uploads\/2020\/11\/Plaque-La-Veze_opt-300x240.jpg 300w\" sizes=\"auto, (max-width: 400px) 100vw, 400px\" \/><\/a><figcaption class=\"wp-element-caption\">Cliquer sur la plaque pour des informations compl\u00e9mentaires<\/figcaption><\/figure>\n<\/div>\n\n\n<figure class=\"wp-block-image size-large is-resized\"><img loading=\"lazy\" decoding=\"async\" width=\"236\" height=\"177\" src=\"https:\/\/patrimoine-laroque-des-alberes.fr\/wp-content\/uploads\/2020\/06\/Fontaine-V\u00e8ze-joc_opt.png\" alt=\"\" class=\"wp-image-5626\" style=\"width:375px;height:280px\"\/><\/figure>\n\n\n\n<p class=\"has-text-align-left\"><strong>On retrouve le nom \u00ab\u00a0Vesa\u00a0\u00bbdans des documents au XVI\u00e8me si\u00e8cle. L&rsquo;architecture de cette fontaine est remarquable de part sa construction int\u00e9rieure qui renferme un couloir central, un r\u00e9seau souterrain de galeries vo\u00fbt\u00e9es et d&rsquo;une citerne arri\u00e8re.<\/strong><\/p>\n\n\n\n<hr class=\"wp-block-separator has-css-opacity\"\/>\n\n\n\n<h2 class=\"wp-block-heading has-text-align-center\"><strong>Fontaine des Oiseaux<\/strong><\/h2>\n\n\n<div class=\"wp-block-image is-resized\">\n<figure class=\"aligncenter size-large\"><img loading=\"lazy\" decoding=\"async\" width=\"236\" height=\"177\" src=\"https:\/\/patrimoine-laroque-des-alberes.fr\/wp-content\/uploads\/2020\/06\/Fontaine-aux-oiseaux-joc_opt.png\" alt=\"\" class=\"wp-image-5630\" style=\"width:582px;height:auto\"\/><\/figure>\n<\/div>\n\n\n<h3 class=\"wp-block-heading\">En mai 2024 nettoyage et embellissement de la fontaine.<\/h3>\n\n\n<div class=\"wp-block-image\">\n<figure class=\"aligncenter size-full\"><img loading=\"lazy\" decoding=\"async\" width=\"600\" height=\"284\" src=\"https:\/\/patrimoine-laroque-des-alberes.fr\/wp-content\/uploads\/2024\/09\/2024-05-Fontaine-oiseaux.jpg\" alt=\"\" class=\"wp-image-8214\" srcset=\"https:\/\/patrimoine-laroque-des-alberes.fr\/wp-content\/uploads\/2024\/09\/2024-05-Fontaine-oiseaux.jpg 600w, https:\/\/patrimoine-laroque-des-alberes.fr\/wp-content\/uploads\/2024\/09\/2024-05-Fontaine-oiseaux-300x142.jpg 300w\" sizes=\"auto, (max-width: 600px) 100vw, 600px\" \/><\/figure>\n<\/div>\n\n\n<h3 class=\"wp-block-heading\">Le cadeau de No\u00ebl de la fontaine<\/h3>\n\n\n<div class=\"wp-block-image\">\n<figure class=\"aligncenter size-full\"><img loading=\"lazy\" decoding=\"async\" width=\"600\" height=\"245\" src=\"https:\/\/patrimoine-laroque-des-alberes.fr\/wp-content\/uploads\/2025\/01\/2024-12Fontaine-aux-oiseaux.jpg\" alt=\"\" class=\"wp-image-8342\" srcset=\"https:\/\/patrimoine-laroque-des-alberes.fr\/wp-content\/uploads\/2025\/01\/2024-12Fontaine-aux-oiseaux.jpg 600w, https:\/\/patrimoine-laroque-des-alberes.fr\/wp-content\/uploads\/2025\/01\/2024-12Fontaine-aux-oiseaux-300x123.jpg 300w\" sizes=\"auto, (max-width: 600px) 100vw, 600px\" \/><\/figure>\n<\/div>\n\n\n<p class=\"has-text-align-center\"><strong>Un joli nouveau banc<\/strong><\/p>\n\n\n\n<hr class=\"wp-block-separator has-css-opacity\"\/>\n\n\n\n<h2 class=\"wp-block-heading has-text-align-center\"><strong>Fontaine du Mas Durbau<\/strong><\/h2>\n\n\n<div class=\"wp-block-image is-resized\">\n<figure class=\"alignright size-full\"><a href=\"http:\/\/www.laroque-des-alberes.fr\/fr\/office-de-tourisme\/randonner\/decouvrir-le-patrimoine-des-alberes\/font-del-mas-durbau.html\"><img loading=\"lazy\" decoding=\"async\" width=\"400\" height=\"319\" src=\"https:\/\/patrimoine-laroque-des-alberes.fr\/wp-content\/uploads\/2021\/12\/Plaque-fontaine-Mas-Durbau_opt.jpg\" alt=\"\" class=\"wp-image-7091\" style=\"width:344px;height:auto\" srcset=\"https:\/\/patrimoine-laroque-des-alberes.fr\/wp-content\/uploads\/2021\/12\/Plaque-fontaine-Mas-Durbau_opt.jpg 400w, https:\/\/patrimoine-laroque-des-alberes.fr\/wp-content\/uploads\/2021\/12\/Plaque-fontaine-Mas-Durbau_opt-300x239.jpg 300w\" sizes=\"auto, (max-width: 400px) 100vw, 400px\" \/><\/a><figcaption class=\"wp-element-caption\"> Cliquer sur la plaque pour des informations compl\u00e9mentaires <\/figcaption><\/figure>\n<\/div>\n\n\n<figure class=\"wp-block-image size-large is-resized\"><img loading=\"lazy\" decoding=\"async\" width=\"236\" height=\"314\" src=\"https:\/\/patrimoine-laroque-des-alberes.fr\/wp-content\/uploads\/2020\/06\/Fontaine-Durbeau-joc_opt.png\" alt=\"\" class=\"wp-image-5635\" style=\"width:438px;height:auto\" srcset=\"https:\/\/patrimoine-laroque-des-alberes.fr\/wp-content\/uploads\/2020\/06\/Fontaine-Durbeau-joc_opt.png 236w, https:\/\/patrimoine-laroque-des-alberes.fr\/wp-content\/uploads\/2020\/06\/Fontaine-Durbeau-joc_opt-225x300.png 225w\" sizes=\"auto, (max-width: 236px) 100vw, 236px\" \/><\/figure>\n\n\n\n<p class=\"has-text-align-center\"><strong>Cette fontaine se trouve au coeur du secteur des \u00ab\u00a0Mas catalans\u00a0\u00bb<\/strong><\/p>\n\n\n\n<hr class=\"wp-block-separator has-css-opacity\"\/>\n\n\n\n<h2 class=\"wp-block-heading has-text-align-center\"><strong>Fontaine de Galici<\/strong><\/h2>\n\n\n<div class=\"wp-block-image is-resized\">\n<figure class=\"aligncenter size-large\"><img loading=\"lazy\" decoding=\"async\" width=\"236\" height=\"176\" src=\"https:\/\/patrimoine-laroque-des-alberes.fr\/wp-content\/uploads\/2020\/06\/Fontaine-galicie-joc_opt.png\" alt=\"\" class=\"wp-image-5637\" style=\"width:412px;height:auto\"\/><\/figure>\n<\/div>\n\n\n<hr class=\"wp-block-separator has-css-opacity\"\/>\n\n\n\n<h2 class=\"wp-block-heading has-text-align-center\"><strong>Fontaine du Mas Malzac<\/strong><\/h2>\n\n\n<div class=\"wp-block-image is-resized\">\n<figure class=\"alignright size-large\"><a href=\"http:\/\/www.laroque-des-alberes.fr\/fr\/office-de-tourisme\/randonner\/decouvrir-le-patrimoine-des-alberes\/font-d-en-malzach.html\"><img loading=\"lazy\" decoding=\"async\" width=\"400\" height=\"320\" src=\"https:\/\/patrimoine-laroque-des-alberes.fr\/wp-content\/uploads\/2020\/11\/Plaque-Malzach_opt.jpg\" alt=\"\" class=\"wp-image-5908\" style=\"width:294px;height:auto\" srcset=\"https:\/\/patrimoine-laroque-des-alberes.fr\/wp-content\/uploads\/2020\/11\/Plaque-Malzach_opt.jpg 400w, https:\/\/patrimoine-laroque-des-alberes.fr\/wp-content\/uploads\/2020\/11\/Plaque-Malzach_opt-300x240.jpg 300w\" sizes=\"auto, (max-width: 400px) 100vw, 400px\" \/><\/a><figcaption class=\"wp-element-caption\">Cliquer sur la plaque pour des informations compl\u00e9mentaires<\/figcaption><\/figure>\n<\/div>\n\n\n<figure class=\"wp-block-image size-large is-resized\"><img loading=\"lazy\" decoding=\"async\" width=\"236\" height=\"178\" src=\"https:\/\/patrimoine-laroque-des-alberes.fr\/wp-content\/uploads\/2020\/06\/Fontaine-malzac-joc_opt-1.png\" alt=\"\" class=\"wp-image-5692\" style=\"aspect-ratio:1.3234200743494424;width:489px;height:auto\"\/><\/figure>\n\n\n\n<p class=\"has-text-align-left\"><strong>Le nom de cette fontaine vient de la famille \u00ab\u00a0Malzach\u00a0\u00bb, vers 1600. Le mas de cette famille, \u00e0 300m, \u00e9tant aliment\u00e9 par cette fontaine est mentionn\u00e9 en 1396, mais serait certainement plus ancien. Sa structure actuelle a \u00e9t\u00e9 ma\u00e7onn\u00e9e en cayrous, c&rsquo;est \u00e0 dire en briques plates.<\/strong><\/p>\n\n\n\n<hr class=\"wp-block-separator has-css-opacity\"\/>\n\n\n\n<h2 class=\"wp-block-heading has-text-align-center\"><strong>Fontaine de la Source Min\u00e9rale<\/strong>  <strong>\u00ab\u00a0Font d&rsquo;Aram\u00a0\u00bb<\/strong><\/h2>\n\n\n<div class=\"wp-block-image is-resized\">\n<figure class=\"aligncenter size-large\"><img loading=\"lazy\" decoding=\"async\" width=\"400\" height=\"551\" src=\"https:\/\/patrimoine-laroque-des-alberes.fr\/wp-content\/uploads\/2021\/02\/Fontaine-minerale_opt.png\" alt=\"\" class=\"wp-image-6430\" srcset=\"https:\/\/patrimoine-laroque-des-alberes.fr\/wp-content\/uploads\/2021\/02\/Fontaine-minerale_opt.png 400w, https:\/\/patrimoine-laroque-des-alberes.fr\/wp-content\/uploads\/2021\/02\/Fontaine-minerale_opt-218x300.png 218w\" sizes=\"auto, (max-width: 400px) 100vw, 400px\" \/><\/figure>\n<\/div>\n\n\n<hr class=\"wp-block-separator has-css-opacity\"\/>\n\n\n\n<h2 class=\"wp-block-heading has-text-align-center\"><strong>Fontaine de la Vallaurie<\/strong><\/h2>\n\n\n<div class=\"wp-block-image is-resized\">\n<figure class=\"alignright size-large\"><a href=\"http:\/\/www.laroque-des-alberes.fr\/fr\/office-de-tourisme\/randonner\/decouvrir-le-patrimoine-des-alberes\/font-de-la-vallauria.html\"><img loading=\"lazy\" decoding=\"async\" width=\"400\" height=\"320\" src=\"https:\/\/patrimoine-laroque-des-alberes.fr\/wp-content\/uploads\/2020\/11\/Plaque_Vallauria1_opt.jpg\" alt=\"\" class=\"wp-image-5924\" style=\"width:297px;height:auto\" srcset=\"https:\/\/patrimoine-laroque-des-alberes.fr\/wp-content\/uploads\/2020\/11\/Plaque_Vallauria1_opt.jpg 400w, https:\/\/patrimoine-laroque-des-alberes.fr\/wp-content\/uploads\/2020\/11\/Plaque_Vallauria1_opt-300x240.jpg 300w\" sizes=\"auto, (max-width: 400px) 100vw, 400px\" \/><\/a><figcaption class=\"wp-element-caption\">Cliquer sur la plaque pour des informations compl\u00e9mentaires<\/figcaption><\/figure>\n<\/div>\n\n\n<figure class=\"wp-block-image size-large is-resized\"><img loading=\"lazy\" decoding=\"async\" width=\"236\" height=\"316\" src=\"https:\/\/patrimoine-laroque-des-alberes.fr\/wp-content\/uploads\/2020\/06\/Fontaine-la-vallori-joc_opt-3.png\" alt=\"\" class=\"wp-image-5696\" style=\"aspect-ratio:0.7475538160469667;width:491px;height:auto\" srcset=\"https:\/\/patrimoine-laroque-des-alberes.fr\/wp-content\/uploads\/2020\/06\/Fontaine-la-vallori-joc_opt-3.png 236w, https:\/\/patrimoine-laroque-des-alberes.fr\/wp-content\/uploads\/2020\/06\/Fontaine-la-vallori-joc_opt-3-224x300.png 224w\" sizes=\"auto, (max-width: 236px) 100vw, 236px\" \/><\/figure>\n\n\n\n<p class=\"has-text-align-center\"><strong>La Vallaurie (Vallauria) signifie la \u00ab\u00a0Vall\u00e9e de l&rsquo;or\u00a0\u00bb en r\u00e9miniscence d&rsquo;un tr\u00e8s ancien orpaillage dans les eaux de la rivi\u00e8re de Laroque. Cette activit\u00e9 \u00e9tait pratiqu\u00e9e \u00e0 l&rsquo;\u00e9poque m\u00e9di\u00e9vale.<\/strong><\/p>\n\n\n\n<hr class=\"wp-block-separator has-css-opacity\"\/>\n\n\n\n<h2 class=\"wp-block-heading has-text-align-center\"><strong>Fontaine des Simiots<\/strong><\/h2>\n\n\n<div class=\"wp-block-image is-resized\">\n<figure class=\"alignright size-large\"><a href=\"http:\/\/www.laroque-des-alberes.fr\/fr\/office-de-tourisme\/randonner\/decouvrir-le-patrimoine-des-alberes\/font-dels-simiots.html\"><img loading=\"lazy\" decoding=\"async\" width=\"400\" height=\"320\" src=\"https:\/\/patrimoine-laroque-des-alberes.fr\/wp-content\/uploads\/2020\/11\/Plaque-Les-simiots_opt.jpg\" alt=\"\" class=\"wp-image-5910\" style=\"width:259px;height:auto\" srcset=\"https:\/\/patrimoine-laroque-des-alberes.fr\/wp-content\/uploads\/2020\/11\/Plaque-Les-simiots_opt.jpg 400w, https:\/\/patrimoine-laroque-des-alberes.fr\/wp-content\/uploads\/2020\/11\/Plaque-Les-simiots_opt-300x240.jpg 300w\" sizes=\"auto, (max-width: 400px) 100vw, 400px\" \/><\/a><figcaption class=\"wp-element-caption\">Cliquer sur  la plaque pour des informations compl\u00e9mentaires<\/figcaption><\/figure>\n<\/div>\n\n\n<figure class=\"wp-block-image size-large is-resized\"><img loading=\"lazy\" decoding=\"async\" width=\"267\" height=\"357\" src=\"https:\/\/patrimoine-laroque-des-alberes.fr\/wp-content\/uploads\/2020\/06\/Fontaine-dels-simiots-joc-2.png\" alt=\"\" class=\"wp-image-5669\" style=\"aspect-ratio:0.7489270386266095;width:490px;height:auto\" srcset=\"https:\/\/patrimoine-laroque-des-alberes.fr\/wp-content\/uploads\/2020\/06\/Fontaine-dels-simiots-joc-2.png 267w, https:\/\/patrimoine-laroque-des-alberes.fr\/wp-content\/uploads\/2020\/06\/Fontaine-dels-simiots-joc-2-224x300.png 224w\" sizes=\"auto, (max-width: 267px) 100vw, 267px\" \/><\/figure>\n\n\n\n<p class=\"has-text-align-center\"><strong>Cette fontaine est en fait compos\u00e9e de deux fontaines. Une en bordure de piste, l&rsquo;autre en contrebas jaillit entre des rochers. Leurs noms vient de monstres l\u00e9gendaires de l&rsquo;An Mil<\/strong>.<\/p>\n\n\n\n<hr class=\"wp-block-separator has-css-opacity\"\/>\n\n\n\n<h2 class=\"wp-block-heading has-text-align-center\"><strong>Fontaine de La Vernosa<\/strong><\/h2>\n\n\n<div class=\"wp-block-image is-resized\">\n<figure class=\"alignright size-large\"><a href=\"http:\/\/www.laroque-des-alberes.fr\/fr\/office-de-tourisme\/randonner\/decouvrir-le-patrimoine-des-alberes\/font-de-la-vernosa.html\"><img loading=\"lazy\" decoding=\"async\" width=\"400\" height=\"320\" src=\"https:\/\/patrimoine-laroque-des-alberes.fr\/wp-content\/uploads\/2020\/11\/Plaque_Modele_pour_fabrication_vernosa_2eme1_opt.jpg\" alt=\"\" class=\"wp-image-5920\" style=\"width:285px;height:auto\" srcset=\"https:\/\/patrimoine-laroque-des-alberes.fr\/wp-content\/uploads\/2020\/11\/Plaque_Modele_pour_fabrication_vernosa_2eme1_opt.jpg 400w, https:\/\/patrimoine-laroque-des-alberes.fr\/wp-content\/uploads\/2020\/11\/Plaque_Modele_pour_fabrication_vernosa_2eme1_opt-300x240.jpg 300w\" sizes=\"auto, (max-width: 400px) 100vw, 400px\" \/><\/a><figcaption class=\"wp-element-caption\">Cliquer sur la plaque pour des informations compl\u00e9mentaires<\/figcaption><\/figure>\n<\/div>\n\n\n<figure class=\"wp-block-image size-large is-resized\"><img loading=\"lazy\" decoding=\"async\" width=\"267\" height=\"357\" src=\"https:\/\/patrimoine-laroque-des-alberes.fr\/wp-content\/uploads\/2020\/06\/Fontaine-de-la-vernosa-joc.png\" alt=\"\" class=\"wp-image-5672\" style=\"aspect-ratio:0.7488584474885844;width:463px;height:auto\" srcset=\"https:\/\/patrimoine-laroque-des-alberes.fr\/wp-content\/uploads\/2020\/06\/Fontaine-de-la-vernosa-joc.png 267w, https:\/\/patrimoine-laroque-des-alberes.fr\/wp-content\/uploads\/2020\/06\/Fontaine-de-la-vernosa-joc-224x300.png 224w\" sizes=\"auto, (max-width: 267px) 100vw, 267px\" \/><\/figure>\n\n\n\n<p class=\"has-text-align-left\"><strong>Le Vern est le mot catalan d\u00e9signant l&rsquo;arbre verne ou aulne. Une vernosa est un bois de vernes ou d&rsquo;aulnes.<\/strong><\/p>\n\n\n\n<hr class=\"wp-block-separator has-css-opacity\"\/>\n\n\n\n<h2 class=\"wp-block-heading has-text-align-center\"><strong>Fontaine du casot Del Guard<\/strong><\/h2>\n\n\n<div class=\"wp-block-image is-resized\">\n<figure class=\"aligncenter size-large\"><img loading=\"lazy\" decoding=\"async\" width=\"267\" height=\"200\" src=\"https:\/\/patrimoine-laroque-des-alberes.fr\/wp-content\/uploads\/2020\/06\/fontaine-dEl-Guard-joc_opt.png\" alt=\"\" class=\"wp-image-5674\" style=\"width:437px;height:auto\"\/><\/figure>\n<\/div>\n\n\n<hr class=\"wp-block-separator has-css-opacity\"\/>\n\n\n\n<h2 class=\"wp-block-heading has-text-align-center\"><strong>Fontaine du Pic Neulos<\/strong><\/h2>\n\n\n<div class=\"wp-block-image is-resized\">\n<figure class=\"aligncenter size-large\"><img loading=\"lazy\" decoding=\"async\" width=\"267\" height=\"151\" src=\"https:\/\/patrimoine-laroque-des-alberes.fr\/wp-content\/uploads\/2020\/06\/Fontaine-neulos-joc_opt.png\" alt=\"\" class=\"wp-image-5675\" style=\"width:419px;height:auto\"\/><\/figure>\n<\/div>\n\n\n<p class=\"has-text-align-center\"><strong>Cette fontaine a \u00e9t\u00e9 construite par le berger Emmanuel Coste dit \u00ab\u00a0Manel\u00a0\u00bb qui v\u00e9cut au 19 \u00e8me si\u00e8cle (Voir la rubrique Informations &#8211; Documentation pour conna\u00eetre son histoire ).<\/strong><\/p>\n\n\n\n<hr class=\"wp-block-separator has-css-opacity\"\/>\n\n\n\n<h2 class=\"wp-block-heading has-text-align-center\"><strong>Fontaine du col de l&rsquo;Ouillat<\/strong><\/h2>\n\n\n<div class=\"wp-block-image\">\n<figure class=\"aligncenter size-large\"><img loading=\"lazy\" decoding=\"async\" width=\"400\" height=\"300\" src=\"https:\/\/patrimoine-laroque-des-alberes.fr\/wp-content\/uploads\/2020\/10\/fontaine-Ouillat-internet_opt.jpg\" alt=\"\" class=\"wp-image-5881\" srcset=\"https:\/\/patrimoine-laroque-des-alberes.fr\/wp-content\/uploads\/2020\/10\/fontaine-Ouillat-internet_opt.jpg 400w, https:\/\/patrimoine-laroque-des-alberes.fr\/wp-content\/uploads\/2020\/10\/fontaine-Ouillat-internet_opt-300x225.jpg 300w\" sizes=\"auto, (max-width: 400px) 100vw, 400px\" \/><\/figure>\n<\/div>\n\n\n<p class=\"has-text-align-center\"><strong>\u00ab\u00a0La Reynes de la Founs\u00a0\u00bb. Cette fontaine a elle aussi \u00e9t\u00e9 construite par le berger Emmanuel Coste dit \u00ab\u00a0Manel\u00a0\u00bb qui v\u00e9cut au 19\u00e8me si\u00e8cle<\/strong>. <\/p>\n\n\n\n<p class=\"has-text-align-center\">Cliquer sur le lien pour plus d&rsquo;informations : <a href=\"https:\/\/patrimoine-laroque-des-alberes.fr\/manel-berger-des-alberes\" data-type=\"page\" data-id=\"6079\">Manel, berger des Alb\u00e8res<\/a><\/p>\n\n\n\n<hr class=\"wp-block-separator has-css-opacity\"\/>\n\n\n\n<h2 class=\"wp-block-heading has-text-align-center\"><strong>Fontaine du Vivier<\/strong><\/h2>\n\n\n<div class=\"wp-block-image is-resized\">\n<figure class=\"alignright size-large\"><a href=\"http:\/\/www.laroque-des-alberes.fr\/fr\/office-de-tourisme\/randonner\/decouvrir-le-patrimoine-des-alberes\/font-del-viver.html\"><img loading=\"lazy\" decoding=\"async\" width=\"400\" height=\"320\" src=\"https:\/\/patrimoine-laroque-des-alberes.fr\/wp-content\/uploads\/2020\/11\/Plaque-Vivier_opt.jpg\" alt=\"\" class=\"wp-image-5912\" style=\"width:291px;height:auto\" srcset=\"https:\/\/patrimoine-laroque-des-alberes.fr\/wp-content\/uploads\/2020\/11\/Plaque-Vivier_opt.jpg 400w, https:\/\/patrimoine-laroque-des-alberes.fr\/wp-content\/uploads\/2020\/11\/Plaque-Vivier_opt-300x240.jpg 300w\" sizes=\"auto, (max-width: 400px) 100vw, 400px\" \/><\/a><figcaption class=\"wp-element-caption\">Cliquer sur la plaque pour des informations compl\u00e9mentaires<\/figcaption><\/figure>\n<\/div>\n\n\n<figure class=\"wp-block-image size-large is-resized\"><img loading=\"lazy\" decoding=\"async\" width=\"267\" height=\"200\" src=\"https:\/\/patrimoine-laroque-des-alberes.fr\/wp-content\/uploads\/2020\/06\/Fontaine-vivier-joc_opt.png\" alt=\"\" class=\"wp-image-5677\" style=\"aspect-ratio:1.3286713286713288;width:483px;height:auto\"\/><\/figure>\n\n\n\n<p class=\"has-text-align-left\"><strong>Le nom de Viver en catalan est pr\u00e9sent depuis le XIV\u00e8me si\u00e8cle dans les livres terriens de la seigneurie de Laroque. Il pourrait correspondre au \u00ab\u00a0vivario\u00a0\u00bb mentionn\u00e9 en 972, lors d&rsquo;une donation. Le vivier est un bassin pour l&rsquo;\u00e9levage des poissons, comme le sugg\u00e8re ce document de 972. Cette activit\u00e9 \u00e9tait pratiqu\u00e9e \u00e0 Laroque au moyen \u00e2ge. Il semblerait \u00e9galement que le vivier ait servi \u00e0 l&rsquo;\u00e9vage de sangsues \u00e0 des fins m\u00e9dicinales.<\/strong>                                          <strong>En Mai 2021 r\u00e9fection du fond de la fontaine.<\/strong><\/p>\n\n\n<div class=\"wp-block-image is-resized\">\n<figure class=\"aligncenter size-large\"><img loading=\"lazy\" decoding=\"async\" width=\"400\" height=\"533\" src=\"https:\/\/patrimoine-laroque-des-alberes.fr\/wp-content\/uploads\/2021\/05\/2021-05-fonaine-vivier_opt.jpg\" alt=\"\" class=\"wp-image-6859\" srcset=\"https:\/\/patrimoine-laroque-des-alberes.fr\/wp-content\/uploads\/2021\/05\/2021-05-fonaine-vivier_opt.jpg 400w, https:\/\/patrimoine-laroque-des-alberes.fr\/wp-content\/uploads\/2021\/05\/2021-05-fonaine-vivier_opt-225x300.jpg 225w\" sizes=\"auto, (max-width: 400px) 100vw, 400px\" \/><\/figure>\n<\/div>\n\n\n<hr class=\"wp-block-separator has-css-opacity\"\/>\n\n\n\n<h2 class=\"wp-block-heading has-text-align-center\"><strong>Fontaine de la Rarde<\/strong><\/h2>\n\n\n<div class=\"wp-block-image is-resized\">\n<figure class=\"aligncenter size-large\"><img loading=\"lazy\" decoding=\"async\" width=\"267\" height=\"200\" src=\"https:\/\/patrimoine-laroque-des-alberes.fr\/wp-content\/uploads\/2020\/06\/Fontaine-rarde-joc_opt.png\" alt=\"\" class=\"wp-image-5679\" style=\"width:407px;height:auto\"\/><\/figure>\n<\/div>\n\n\n<hr class=\"wp-block-separator has-css-opacity\"\/>\n\n\n\n<h2 class=\"wp-block-heading has-text-align-center\"><strong>Fontaine d&rsquo;En Bitou<\/strong><\/h2>\n\n\n<div class=\"wp-block-image is-resized\">\n<figure class=\"aligncenter size-large\"><img loading=\"lazy\" decoding=\"async\" width=\"267\" height=\"190\" src=\"https:\/\/patrimoine-laroque-des-alberes.fr\/wp-content\/uploads\/2020\/06\/Fontaine-bitou-joc_opt.png\" alt=\"\" class=\"wp-image-5681\" style=\"width:425px;height:auto\"\/><\/figure>\n<\/div>\n\n\n<hr class=\"wp-block-separator has-css-opacity\"\/>\n\n\n\n<h2 class=\"wp-block-heading has-text-align-center\"><strong>Fontaines sans photos<\/strong><\/h2>\n\n\n\n<ul class=\"wp-block-list\">\n<li><strong>Fontaine d&rsquo;En Faill<\/strong><\/li>\n\n\n\n<li><strong>Fontaine du Mas Soler<\/strong><\/li>\n\n\n\n<li><strong>Fontaine d&rsquo;Hippolyte<\/strong><\/li>\n\n\n\n<li><strong>Fontaine Dels Pomers<\/strong><\/li>\n\n\n\n<li><strong>Fontaine de Las Picades<\/strong><\/li>\n\n\n\n<li><strong>Fontaine du Mas Romeu<\/strong><\/li>\n\n\n\n<li><strong>Fontaine D&rsquo;En Galdric<\/strong><\/li>\n\n\n\n<li><strong>Fontaine D&rsquo;En Pep<\/strong><\/li>\n\n\n\n<li><strong>Fontaine de La Balme Courte<\/strong><\/li>\n\n\n\n<li><strong>Fontaine de Gaston et Rolande<\/strong><\/li>\n\n\n\n<li><strong>Fontaine D&rsquo;En Robert<\/strong><\/li>\n\n\n\n<li><strong>Fontaine D&rsquo;En Pou<\/strong><\/li>\n<\/ul>\n","protected":false},"excerpt":{"rendered":"<p>Fontaine de La V\u00e8ze (La Vesa) On retrouve le nom \u00ab\u00a0Vesa\u00a0\u00bbdans des documents au XVI\u00e8me si\u00e8cle. L&rsquo;architecture de cette fontaine est remarquable de part sa construction int\u00e9rieure qui renferme un couloir central, un r\u00e9seau souterrain de galeries vo\u00fbt\u00e9es et d&rsquo;une citerne arri\u00e8re. Fontaine des Oiseaux En mai 2024 nettoyage et [&hellip;]<\/p>\n","protected":false},"author":1,"featured_media":5630,"parent":0,"menu_order":0,"comment_status":"closed","ping_status":"closed","template":"","meta":{"_monsterinsights_skip_tracking":false,"_monsterinsights_sitenote_active":false,"_monsterinsights_sitenote_note":"","_monsterinsights_sitenote_category":0,"footnotes":""},"class_list":["post-5171","page","type-page","status-publish","has-post-thumbnail","hentry"],"_links":{"self":[{"href":"https:\/\/patrimoine-laroque-des-alberes.fr\/index.php?rest_route=\/wp\/v2\/pages\/5171","targetHints":{"allow":["GET"]}}],"collection":[{"href":"https:\/\/patrimoine-laroque-des-alberes.fr\/index.php?rest_route=\/wp\/v2\/pages"}],"about":[{"href":"https:\/\/patrimoine-laroque-des-alberes.fr\/index.php?rest_route=\/wp\/v2\/types\/page"}],"author":[{"embeddable":true,"href":"https:\/\/patrimoine-laroque-des-alberes.fr\/index.php?rest_route=\/wp\/v2\/users\/1"}],"replies":[{"embeddable":true,"href":"https:\/\/patrimoine-laroque-des-alberes.fr\/index.php?rest_route=%2Fwp%2Fv2%2Fcomments&post=5171"}],"version-history":[{"count":80,"href":"https:\/\/patrimoine-laroque-des-alberes.fr\/index.php?rest_route=\/wp\/v2\/pages\/5171\/revisions"}],"predecessor-version":[{"id":8411,"href":"https:\/\/patrimoine-laroque-des-alberes.fr\/index.php?rest_route=\/wp\/v2\/pages\/5171\/revisions\/8411"}],"wp:featuredmedia":[{"embeddable":true,"href":"https:\/\/patrimoine-laroque-des-alberes.fr\/index.php?rest_route=\/wp\/v2\/media\/5630"}],"wp:attachment":[{"href":"https:\/\/patrimoine-laroque-des-alberes.fr\/index.php?rest_route=%2Fwp%2Fv2%2Fmedia&parent=5171"}],"curies":[{"name":"wp","href":"https:\/\/api.w.org\/{rel}","templated":true}]}}