{"id":5571,"date":"2020-06-06T15:41:15","date_gmt":"2020-06-06T15:41:15","guid":{"rendered":"http:\/\/patrimoine-laroque-des-alberes.fr\/?page_id=5571"},"modified":"2021-02-10T14:46:52","modified_gmt":"2021-02-10T14:46:52","slug":"ultrera","status":"publish","type":"page","link":"https:\/\/patrimoine-laroque-des-alberes.fr\/?page_id=5571","title":{"rendered":"Ultrera"},"content":{"rendered":"\n<p><strong>Le chateau d&rsquo;Ultrera est une vieille forteresse wisigothique, d\u00e9sormais en ruine. Ne subsiste que les bases du donjon et celles de l&rsquo;\u00e9glise.<\/strong><\/p>\n\n\n\n<div class=\"wp-block-image\"><figure class=\"aligncenter size-large is-resized\"><img loading=\"lazy\" decoding=\"async\" src=\"https:\/\/patrimoine-laroque-des-alberes.fr\/wp-content\/uploads\/2020\/06\/Ultrera-A.-Constant_opt.png\" alt=\"\" class=\"wp-image-5593\" width=\"486\" height=\"352\" srcset=\"https:\/\/patrimoine-laroque-des-alberes.fr\/wp-content\/uploads\/2020\/06\/Ultrera-A.-Constant_opt.png 400w, https:\/\/patrimoine-laroque-des-alberes.fr\/wp-content\/uploads\/2020\/06\/Ultrera-A.-Constant_opt-300x218.png 300w\" sizes=\"auto, (max-width: 486px) 100vw, 486px\" \/><figcaption>Le site d&rsquo;Ultr\u00e9ra (face sud) figure comme un arch\u00e9type des sites fortifi\u00e9s des Alb\u00e8res par sa position en \u00ab nid d&rsquo;aigle \u00bb avec panorama sur la plaine, ici le Roussillon, et la mer. (Andr\u00e9 Constant)<\/figcaption><\/figure><\/div>\n\n\n\n<hr class=\"wp-block-separator\"\/>\n\n\n\n<figure class=\"wp-block-gallery aligncenter columns-2 is-cropped wp-block-gallery-2 is-layout-flex wp-block-gallery-is-layout-flex\"><ul class=\"blocks-gallery-grid\"><li class=\"blocks-gallery-item\"><figure><img loading=\"lazy\" decoding=\"async\" width=\"225\" height=\"400\" src=\"https:\/\/patrimoine-laroque-des-alberes.fr\/wp-content\/uploads\/2020\/06\/Ultrera-3-opt-1-rotated.jpg\" alt=\"\" data-id=\"5594\" data-link=\"https:\/\/patrimoine-laroque-des-alberes.fr\/ultrera\/ultrera-3-opt-1\" class=\"wp-image-5594\" srcset=\"https:\/\/patrimoine-laroque-des-alberes.fr\/wp-content\/uploads\/2020\/06\/Ultrera-3-opt-1-rotated.jpg 225w, https:\/\/patrimoine-laroque-des-alberes.fr\/wp-content\/uploads\/2020\/06\/Ultrera-3-opt-1-169x300.jpg 169w\" sizes=\"auto, (max-width: 225px) 100vw, 225px\" \/><\/figure><\/li><li class=\"blocks-gallery-item\"><figure><img loading=\"lazy\" decoding=\"async\" width=\"225\" height=\"400\" src=\"https:\/\/patrimoine-laroque-des-alberes.fr\/wp-content\/uploads\/2020\/06\/Ultrera_opt-1-rotated.jpg\" alt=\"\" data-id=\"5595\" data-full-url=\"https:\/\/patrimoine-laroque-des-alberes.fr\/wp-content\/uploads\/2020\/06\/Ultrera_opt-1-rotated.jpg\" data-link=\"https:\/\/patrimoine-laroque-des-alberes.fr\/ultrera\/ultrera_opt-1\" class=\"wp-image-5595\" srcset=\"https:\/\/patrimoine-laroque-des-alberes.fr\/wp-content\/uploads\/2020\/06\/Ultrera_opt-1-rotated.jpg 225w, https:\/\/patrimoine-laroque-des-alberes.fr\/wp-content\/uploads\/2020\/06\/Ultrera_opt-1-169x300.jpg 169w\" sizes=\"auto, (max-width: 225px) 100vw, 225px\" \/><\/figure><\/li><\/ul><\/figure>\n\n\n\n<div class=\"wp-block-image\"><figure class=\"aligncenter size-large is-resized\"><img loading=\"lazy\" decoding=\"async\" src=\"https:\/\/patrimoine-laroque-des-alberes.fr\/wp-content\/uploads\/2020\/06\/Ultrera-1-opt-1.jpg\" alt=\"\" class=\"wp-image-5596\" width=\"506\" height=\"285\" srcset=\"https:\/\/patrimoine-laroque-des-alberes.fr\/wp-content\/uploads\/2020\/06\/Ultrera-1-opt-1.jpg 400w, https:\/\/patrimoine-laroque-des-alberes.fr\/wp-content\/uploads\/2020\/06\/Ultrera-1-opt-1-300x169.jpg 300w\" sizes=\"auto, (max-width: 506px) 100vw, 506px\" \/><\/figure><\/div>\n\n\n\n<hr class=\"wp-block-separator\"\/>\n\n\n\n<div class=\"wp-block-media-text alignwide is-stacked-on-mobile\" style=\"grid-template-columns:55% auto\"><figure class=\"wp-block-media-text__media\"><img decoding=\"async\" src=\"https:\/\/patrimoine-laroque-des-alberes.fr\/wp-content\/uploads\/2020\/06\/Ultrera_Ruines.jpg\" alt=\"\" class=\"wp-image-5772 size-full\"\/><\/figure><div class=\"wp-block-media-text__content\">\n<p class=\"has-medium-font-size\"><strong>Vue des ruines d&rsquo;Ultrera depuis l&rsquo;Ermitage de Notre Dame du Ch\u00e2teau<\/strong><\/p>\n<\/div><\/div>\n","protected":false},"excerpt":{"rendered":"<p>Le chateau d&rsquo;Ultrera est une vieille forteresse wisigothique, d\u00e9sormais en ruine. Ne subsiste que les bases du donjon et celles de l&rsquo;\u00e9glise. Vue des ruines d&rsquo;Ultrera depuis l&rsquo;Ermitage de Notre Dame du Ch\u00e2teau<\/p>\n","protected":false},"author":1,"featured_media":6514,"parent":0,"menu_order":0,"comment_status":"closed","ping_status":"closed","template":"","meta":{"_monsterinsights_skip_tracking":false,"_monsterinsights_sitenote_active":false,"_monsterinsights_sitenote_note":"","_monsterinsights_sitenote_category":0,"footnotes":""},"class_list":["post-5571","page","type-page","status-publish","has-post-thumbnail","hentry"],"_links":{"self":[{"href":"https:\/\/patrimoine-laroque-des-alberes.fr\/index.php?rest_route=\/wp\/v2\/pages\/5571","targetHints":{"allow":["GET"]}}],"collection":[{"href":"https:\/\/patrimoine-laroque-des-alberes.fr\/index.php?rest_route=\/wp\/v2\/pages"}],"about":[{"href":"https:\/\/patrimoine-laroque-des-alberes.fr\/index.php?rest_route=\/wp\/v2\/types\/page"}],"author":[{"embeddable":true,"href":"https:\/\/patrimoine-laroque-des-alberes.fr\/index.php?rest_route=\/wp\/v2\/users\/1"}],"replies":[{"embeddable":true,"href":"https:\/\/patrimoine-laroque-des-alberes.fr\/index.php?rest_route=%2Fwp%2Fv2%2Fcomments&post=5571"}],"version-history":[{"count":6,"href":"https:\/\/patrimoine-laroque-des-alberes.fr\/index.php?rest_route=\/wp\/v2\/pages\/5571\/revisions"}],"predecessor-version":[{"id":6515,"href":"https:\/\/patrimoine-laroque-des-alberes.fr\/index.php?rest_route=\/wp\/v2\/pages\/5571\/revisions\/6515"}],"wp:featuredmedia":[{"embeddable":true,"href":"https:\/\/patrimoine-laroque-des-alberes.fr\/index.php?rest_route=\/wp\/v2\/media\/6514"}],"wp:attachment":[{"href":"https:\/\/patrimoine-laroque-des-alberes.fr\/index.php?rest_route=%2Fwp%2Fv2%2Fmedia&parent=5571"}],"curies":[{"name":"wp","href":"https:\/\/api.w.org\/{rel}","templated":true}]}}