{"id":5586,"date":"2020-06-06T16:39:07","date_gmt":"2020-06-06T16:39:07","guid":{"rendered":"http:\/\/patrimoine-laroque-des-alberes.fr\/?page_id=5586"},"modified":"2020-11-30T10:03:34","modified_gmt":"2020-11-30T10:03:34","slug":"village-medieval","status":"publish","type":"page","link":"https:\/\/patrimoine-laroque-des-alberes.fr\/?page_id=5586","title":{"rendered":"Village M\u00e9di\u00e9val"},"content":{"rendered":"\n<div class=\"wp-block-image\"><figure class=\"aligncenter size-large\"><img loading=\"lazy\" decoding=\"async\" width=\"400\" height=\"300\" src=\"https:\/\/patrimoine-laroque-des-alberes.fr\/wp-content\/uploads\/2020\/06\/Village-medieval-2014-1_opt.jpg\" alt=\"\" class=\"wp-image-5587\" srcset=\"https:\/\/patrimoine-laroque-des-alberes.fr\/wp-content\/uploads\/2020\/06\/Village-medieval-2014-1_opt.jpg 400w, https:\/\/patrimoine-laroque-des-alberes.fr\/wp-content\/uploads\/2020\/06\/Village-medieval-2014-1_opt-300x225.jpg 300w\" sizes=\"auto, (max-width: 400px) 100vw, 400px\" \/><\/figure><\/div>\n\n\n\n<figure class=\"wp-block-image size-large\"><img loading=\"lazy\" decoding=\"async\" width=\"400\" height=\"300\" src=\"https:\/\/patrimoine-laroque-des-alberes.fr\/wp-content\/uploads\/2020\/06\/Village-medieval-2014-2_opt.jpg\" alt=\"\" class=\"wp-image-5588\" srcset=\"https:\/\/patrimoine-laroque-des-alberes.fr\/wp-content\/uploads\/2020\/06\/Village-medieval-2014-2_opt.jpg 400w, https:\/\/patrimoine-laroque-des-alberes.fr\/wp-content\/uploads\/2020\/06\/Village-medieval-2014-2_opt-300x225.jpg 300w\" sizes=\"auto, (max-width: 400px) 100vw, 400px\" \/><\/figure>\n\n\n\n<div class=\"wp-block-image\"><figure class=\"aligncenter size-large\"><img loading=\"lazy\" decoding=\"async\" width=\"400\" height=\"300\" src=\"https:\/\/patrimoine-laroque-des-alberes.fr\/wp-content\/uploads\/2020\/06\/Village-medieval-2014-3_opt.jpg\" alt=\"\" class=\"wp-image-5589\" srcset=\"https:\/\/patrimoine-laroque-des-alberes.fr\/wp-content\/uploads\/2020\/06\/Village-medieval-2014-3_opt.jpg 400w, https:\/\/patrimoine-laroque-des-alberes.fr\/wp-content\/uploads\/2020\/06\/Village-medieval-2014-3_opt-300x225.jpg 300w\" sizes=\"auto, (max-width: 400px) 100vw, 400px\" \/><\/figure><\/div>\n\n\n\n<p class=\"has-text-align-center\">Situ\u00e9 au sud de la chapelle Roca Vella cet ensemble d&rsquo;habitations ruin\u00e9es formait un des hameaux de Laroque avant leur disparition et leur nouvelle localisation autour du ch\u00e2teau intra muros.<\/p>\n","protected":false},"excerpt":{"rendered":"<p>Situ\u00e9 au sud de la chapelle Roca Vella cet ensemble d&rsquo;habitations ruin\u00e9es formait un des hameaux de Laroque avant leur disparition et leur nouvelle localisation autour du ch\u00e2teau intra muros.<\/p>\n","protected":false},"author":1,"featured_media":6000,"parent":0,"menu_order":0,"comment_status":"closed","ping_status":"closed","template":"","meta":{"_monsterinsights_skip_tracking":false,"_monsterinsights_sitenote_active":false,"_monsterinsights_sitenote_note":"","_monsterinsights_sitenote_category":0,"footnotes":""},"class_list":["post-5586","page","type-page","status-publish","has-post-thumbnail","hentry"],"_links":{"self":[{"href":"https:\/\/patrimoine-laroque-des-alberes.fr\/index.php?rest_route=\/wp\/v2\/pages\/5586","targetHints":{"allow":["GET"]}}],"collection":[{"href":"https:\/\/patrimoine-laroque-des-alberes.fr\/index.php?rest_route=\/wp\/v2\/pages"}],"about":[{"href":"https:\/\/patrimoine-laroque-des-alberes.fr\/index.php?rest_route=\/wp\/v2\/types\/page"}],"author":[{"embeddable":true,"href":"https:\/\/patrimoine-laroque-des-alberes.fr\/index.php?rest_route=\/wp\/v2\/users\/1"}],"replies":[{"embeddable":true,"href":"https:\/\/patrimoine-laroque-des-alberes.fr\/index.php?rest_route=%2Fwp%2Fv2%2Fcomments&post=5586"}],"version-history":[{"count":2,"href":"https:\/\/patrimoine-laroque-des-alberes.fr\/index.php?rest_route=\/wp\/v2\/pages\/5586\/revisions"}],"predecessor-version":[{"id":6062,"href":"https:\/\/patrimoine-laroque-des-alberes.fr\/index.php?rest_route=\/wp\/v2\/pages\/5586\/revisions\/6062"}],"wp:featuredmedia":[{"embeddable":true,"href":"https:\/\/patrimoine-laroque-des-alberes.fr\/index.php?rest_route=\/wp\/v2\/media\/6000"}],"wp:attachment":[{"href":"https:\/\/patrimoine-laroque-des-alberes.fr\/index.php?rest_route=%2Fwp%2Fv2%2Fmedia&parent=5586"}],"curies":[{"name":"wp","href":"https:\/\/api.w.org\/{rel}","templated":true}]}}