{"id":5775,"date":"2020-06-29T12:33:13","date_gmt":"2020-06-29T12:33:13","guid":{"rendered":"http:\/\/patrimoine-laroque-des-alberes.fr\/?page_id=5775"},"modified":"2025-12-13T16:58:04","modified_gmt":"2025-12-13T16:58:04","slug":"castellet-mas-paco","status":"publish","type":"page","link":"https:\/\/patrimoine-laroque-des-alberes.fr\/?page_id=5775","title":{"rendered":"Castellet &#8211; Mas Paco"},"content":{"rendered":"<div class=\"wp-block-image\">\n<figure class=\"aligncenter size-large is-resized\"><img loading=\"lazy\" decoding=\"async\" width=\"400\" height=\"291\" src=\"https:\/\/patrimoine-laroque-des-alberes.fr\/wp-content\/uploads\/2021\/03\/plan-Mas-Paco_opt.jpg\" alt=\"\" class=\"wp-image-6786\" style=\"width:708px;height:515px\" srcset=\"https:\/\/patrimoine-laroque-des-alberes.fr\/wp-content\/uploads\/2021\/03\/plan-Mas-Paco_opt.jpg 400w, https:\/\/patrimoine-laroque-des-alberes.fr\/wp-content\/uploads\/2021\/03\/plan-Mas-Paco_opt-300x218.jpg 300w\" sizes=\"auto, (max-width: 400px) 100vw, 400px\" \/><\/figure>\n<\/div>\n\n\n<hr class=\"wp-block-separator has-css-opacity\"\/>\n\n\n<div class=\"wp-block-image\">\n<figure class=\"aligncenter size-large is-resized\"><img loading=\"lazy\" decoding=\"async\" width=\"400\" height=\"565\" src=\"https:\/\/patrimoine-laroque-des-alberes.fr\/wp-content\/uploads\/2021\/02\/Bulletin-2019-fouilles-1_opt.jpg\" alt=\"\" class=\"wp-image-6395\" style=\"width:709px;height:1002px\" srcset=\"https:\/\/patrimoine-laroque-des-alberes.fr\/wp-content\/uploads\/2021\/02\/Bulletin-2019-fouilles-1_opt.jpg 400w, https:\/\/patrimoine-laroque-des-alberes.fr\/wp-content\/uploads\/2021\/02\/Bulletin-2019-fouilles-1_opt-212x300.jpg 212w\" sizes=\"auto, (max-width: 400px) 100vw, 400px\" \/><\/figure>\n<\/div>\n\n\n<figure class=\"wp-block-image size-large is-resized\"><img loading=\"lazy\" decoding=\"async\" width=\"400\" height=\"573\" src=\"https:\/\/patrimoine-laroque-des-alberes.fr\/wp-content\/uploads\/2021\/02\/Bulletin-2019-fouilles-2_opt.jpg\" alt=\"\" class=\"wp-image-6396\" style=\"width:778px;height:1115px\" srcset=\"https:\/\/patrimoine-laroque-des-alberes.fr\/wp-content\/uploads\/2021\/02\/Bulletin-2019-fouilles-2_opt.jpg 400w, https:\/\/patrimoine-laroque-des-alberes.fr\/wp-content\/uploads\/2021\/02\/Bulletin-2019-fouilles-2_opt-209x300.jpg 209w\" sizes=\"auto, (max-width: 400px) 100vw, 400px\" \/><\/figure>\n\n\n\n<hr class=\"wp-block-separator has-css-opacity\"\/>\n\n\n\n<h4 class=\"wp-block-heading\"><strong>Etapes de r\u00e9alisation des fouilles<\/strong><\/h4>\n\n\n\n<div class=\"wp-block-media-text alignwide is-stacked-on-mobile\"><figure class=\"wp-block-media-text__media\"><img loading=\"lazy\" decoding=\"async\" width=\"400\" height=\"300\" src=\"https:\/\/patrimoine-laroque-des-alberes.fr\/wp-content\/uploads\/2020\/06\/Castellet-2013_opt-1.jpg\" alt=\"\" class=\"wp-image-5776 size-full\" srcset=\"https:\/\/patrimoine-laroque-des-alberes.fr\/wp-content\/uploads\/2020\/06\/Castellet-2013_opt-1.jpg 400w, https:\/\/patrimoine-laroque-des-alberes.fr\/wp-content\/uploads\/2020\/06\/Castellet-2013_opt-1-300x225.jpg 300w\" sizes=\"auto, (max-width: 400px) 100vw, 400px\" \/><\/figure><div class=\"wp-block-media-text__content\">\n<p class=\"has-text-align-center has-medium-font-size\"><strong>2013 D\u00e9broussaillage du Castellet<\/strong><\/p>\n<\/div><\/div>\n\n\n\n<hr class=\"wp-block-separator has-css-opacity\"\/>\n\n\n\n<div class=\"wp-block-media-text alignwide has-media-on-the-right is-stacked-on-mobile\"><div class=\"wp-block-media-text__content\">\n<p class=\"has-text-align-center has-medium-font-size\"><strong>2016 Arrachage des bruy\u00e8res<\/strong><\/p>\n<\/div><figure class=\"wp-block-media-text__media\"><img loading=\"lazy\" decoding=\"async\" width=\"400\" height=\"225\" src=\"https:\/\/patrimoine-laroque-des-alberes.fr\/wp-content\/uploads\/2020\/06\/Castellet-2016-tas-pierre-1_opt-1.jpg\" alt=\"\" class=\"wp-image-5777 size-full\" srcset=\"https:\/\/patrimoine-laroque-des-alberes.fr\/wp-content\/uploads\/2020\/06\/Castellet-2016-tas-pierre-1_opt-1.jpg 400w, https:\/\/patrimoine-laroque-des-alberes.fr\/wp-content\/uploads\/2020\/06\/Castellet-2016-tas-pierre-1_opt-1-300x169.jpg 300w\" sizes=\"auto, (max-width: 400px) 100vw, 400px\" \/><\/figure><\/div>\n\n\n\n<hr class=\"wp-block-separator has-css-opacity\"\/>\n\n\n\n<div class=\"wp-block-media-text alignwide is-stacked-on-mobile\"><figure class=\"wp-block-media-text__media\"><img loading=\"lazy\" decoding=\"async\" width=\"400\" height=\"192\" src=\"https:\/\/patrimoine-laroque-des-alberes.fr\/wp-content\/uploads\/2020\/06\/Castellet-2019-d\u00e9pierrage_opt.jpg\" alt=\"\" class=\"wp-image-5781 size-full\" srcset=\"https:\/\/patrimoine-laroque-des-alberes.fr\/wp-content\/uploads\/2020\/06\/Castellet-2019-d\u00e9pierrage_opt.jpg 400w, https:\/\/patrimoine-laroque-des-alberes.fr\/wp-content\/uploads\/2020\/06\/Castellet-2019-d\u00e9pierrage_opt-300x144.jpg 300w\" sizes=\"auto, (max-width: 400px) 100vw, 400px\" \/><\/figure><div class=\"wp-block-media-text__content\">\n<p class=\"has-text-align-center has-medium-font-size\"><strong>2019 Epierrage avant la fouille du secteur<\/strong><\/p>\n<\/div><\/div>\n\n\n\n<div class=\"wp-block-media-text alignwide has-media-on-the-right is-stacked-on-mobile\"><div class=\"wp-block-media-text__content\">\n<p class=\"has-text-align-center has-medium-font-size\"><strong>2019 Enfin, d\u00e9couverte du castellet<\/strong><\/p>\n<\/div><figure class=\"wp-block-media-text__media\"><img loading=\"lazy\" decoding=\"async\" width=\"400\" height=\"300\" src=\"https:\/\/patrimoine-laroque-des-alberes.fr\/wp-content\/uploads\/2020\/06\/Castellet-2019-fouille-_opt-1.jpg\" alt=\"\" class=\"wp-image-5782 size-full\" srcset=\"https:\/\/patrimoine-laroque-des-alberes.fr\/wp-content\/uploads\/2020\/06\/Castellet-2019-fouille-_opt-1.jpg 400w, https:\/\/patrimoine-laroque-des-alberes.fr\/wp-content\/uploads\/2020\/06\/Castellet-2019-fouille-_opt-1-300x225.jpg 300w\" sizes=\"auto, (max-width: 400px) 100vw, 400px\" \/><\/figure><\/div>\n\n\n\n<hr class=\"wp-block-separator has-alpha-channel-opacity\"\/>\n\n\n\n<div class=\"wp-block-media-text alignwide is-stacked-on-mobile\" style=\"grid-template-columns:52% auto\"><figure class=\"wp-block-media-text__media\"><img loading=\"lazy\" decoding=\"async\" width=\"350\" height=\"168\" src=\"https:\/\/patrimoine-laroque-des-alberes.fr\/wp-content\/uploads\/2022\/05\/2022-04-08-Fouilles-debroussaillage-1.jpg\" alt=\"\" class=\"wp-image-7369 size-full\" srcset=\"https:\/\/patrimoine-laroque-des-alberes.fr\/wp-content\/uploads\/2022\/05\/2022-04-08-Fouilles-debroussaillage-1.jpg 350w, https:\/\/patrimoine-laroque-des-alberes.fr\/wp-content\/uploads\/2022\/05\/2022-04-08-Fouilles-debroussaillage-1-300x144.jpg 300w\" sizes=\"auto, (max-width: 350px) 100vw, 350px\" \/><\/figure><div class=\"wp-block-media-text__content\">\n<p class=\"has-text-align-center has-medium-font-size\"><strong>2022 Reprise du d\u00e9broussaillage pour reprendre les fouilles<\/strong> <strong>en juin<\/strong><\/p>\n<\/div><\/div>\n\n\n<div class=\"wp-block-image\">\n<figure class=\"alignright size-full is-resized\"><img loading=\"lazy\" decoding=\"async\" width=\"350\" height=\"168\" src=\"https:\/\/patrimoine-laroque-des-alberes.fr\/wp-content\/uploads\/2022\/05\/2022-04-08-Fouilles-debroussaillage-2.jpg\" alt=\"\" class=\"wp-image-7370\" style=\"width:599px;height:288px\" srcset=\"https:\/\/patrimoine-laroque-des-alberes.fr\/wp-content\/uploads\/2022\/05\/2022-04-08-Fouilles-debroussaillage-2.jpg 350w, https:\/\/patrimoine-laroque-des-alberes.fr\/wp-content\/uploads\/2022\/05\/2022-04-08-Fouilles-debroussaillage-2-300x144.jpg 300w\" sizes=\"auto, (max-width: 350px) 100vw, 350px\" \/><\/figure>\n<\/div>\n\n\n<hr class=\"wp-block-separator has-alpha-channel-opacity\"\/>\n\n\n\n<div class=\"wp-block-media-text alignwide is-stacked-on-mobile\" style=\"grid-template-columns:45% auto\"><figure class=\"wp-block-media-text__media\"><img loading=\"lazy\" decoding=\"async\" width=\"400\" height=\"300\" src=\"https:\/\/patrimoine-laroque-des-alberes.fr\/wp-content\/uploads\/2022\/05\/Fouilles-2022-05-salles-opt.jpg\" alt=\"\" class=\"wp-image-7404 size-full\" srcset=\"https:\/\/patrimoine-laroque-des-alberes.fr\/wp-content\/uploads\/2022\/05\/Fouilles-2022-05-salles-opt.jpg 400w, https:\/\/patrimoine-laroque-des-alberes.fr\/wp-content\/uploads\/2022\/05\/Fouilles-2022-05-salles-opt-300x225.jpg 300w\" sizes=\"auto, (max-width: 400px) 100vw, 400px\" \/><\/figure><div class=\"wp-block-media-text__content\">\n<p class=\"has-medium-font-size\"><strong>Mai, revoici nos arch\u00e9ologues et mise au jour de 2 nouvelles salles.<\/strong><\/p>\n<\/div><\/div>\n\n\n\n<div class=\"wp-block-media-text alignwide has-media-on-the-right is-stacked-on-mobile\" style=\"grid-template-columns:auto 42%\"><div class=\"wp-block-media-text__content\">\n<p class=\"has-medium-font-size\"><strong>D\u00e9couverte d&rsquo;un foss\u00e9 d\u00e9fensif.<\/strong><\/p>\n<\/div><figure class=\"wp-block-media-text__media\"><img loading=\"lazy\" decoding=\"async\" width=\"350\" height=\"466\" src=\"https:\/\/patrimoine-laroque-des-alberes.fr\/wp-content\/uploads\/2022\/05\/Fouilles-2022-05-fosse-opt-1.jpg\" alt=\"\" class=\"wp-image-7407 size-full\" srcset=\"https:\/\/patrimoine-laroque-des-alberes.fr\/wp-content\/uploads\/2022\/05\/Fouilles-2022-05-fosse-opt-1.jpg 350w, https:\/\/patrimoine-laroque-des-alberes.fr\/wp-content\/uploads\/2022\/05\/Fouilles-2022-05-fosse-opt-1-225x300.jpg 225w\" sizes=\"auto, (max-width: 350px) 100vw, 350px\" \/><\/figure><\/div>\n\n\n\n<div class=\"wp-block-media-text alignwide is-stacked-on-mobile\"><figure class=\"wp-block-media-text__media\"><img loading=\"lazy\" decoding=\"async\" width=\"350\" height=\"466\" src=\"https:\/\/patrimoine-laroque-des-alberes.fr\/wp-content\/uploads\/2022\/05\/Fouilles-2022-05-equipe-opt-1.jpg\" alt=\"\" class=\"wp-image-7408 size-full\" srcset=\"https:\/\/patrimoine-laroque-des-alberes.fr\/wp-content\/uploads\/2022\/05\/Fouilles-2022-05-equipe-opt-1.jpg 350w, https:\/\/patrimoine-laroque-des-alberes.fr\/wp-content\/uploads\/2022\/05\/Fouilles-2022-05-equipe-opt-1-225x300.jpg 225w\" sizes=\"auto, (max-width: 350px) 100vw, 350px\" \/><\/figure><div class=\"wp-block-media-text__content\">\n<p class=\"has-medium-font-size\"><strong>Et voici l&rsquo;\u00e9quipe qui met en valeur notre patrimoine<\/strong><\/p>\n<\/div><\/div>\n\n\n\n<hr class=\"wp-block-separator has-alpha-channel-opacity\"\/>\n\n\n\n<h3 class=\"wp-block-heading has-text-align-center\">Conclusions d&rsquo;A.Constant sur la campagne de fouilles de 2022<\/h3>\n\n\n<div class=\"wp-block-image\">\n<figure class=\"aligncenter size-large\"><img loading=\"lazy\" decoding=\"async\" width=\"745\" height=\"1024\" src=\"https:\/\/patrimoine-laroque-des-alberes.fr\/wp-content\/uploads\/2023\/01\/article-fouilles-1-745x1024.jpeg\" alt=\"\" class=\"wp-image-7581\" srcset=\"https:\/\/patrimoine-laroque-des-alberes.fr\/wp-content\/uploads\/2023\/01\/article-fouilles-1-745x1024.jpeg 745w, https:\/\/patrimoine-laroque-des-alberes.fr\/wp-content\/uploads\/2023\/01\/article-fouilles-1-218x300.jpeg 218w, https:\/\/patrimoine-laroque-des-alberes.fr\/wp-content\/uploads\/2023\/01\/article-fouilles-1-768x1056.jpeg 768w, https:\/\/patrimoine-laroque-des-alberes.fr\/wp-content\/uploads\/2023\/01\/article-fouilles-1-1117x1536.jpeg 1117w, https:\/\/patrimoine-laroque-des-alberes.fr\/wp-content\/uploads\/2023\/01\/article-fouilles-1-1489x2048.jpeg 1489w, https:\/\/patrimoine-laroque-des-alberes.fr\/wp-content\/uploads\/2023\/01\/article-fouilles-1-scaled.jpeg 1861w\" sizes=\"auto, (max-width: 745px) 100vw, 745px\" \/><\/figure>\n<\/div>\n\n<div class=\"wp-block-image\">\n<figure class=\"aligncenter size-large\"><img loading=\"lazy\" decoding=\"async\" width=\"745\" height=\"1024\" src=\"https:\/\/patrimoine-laroque-des-alberes.fr\/wp-content\/uploads\/2023\/01\/article-fouilles-2.jpeg-745x1024.jpeg\" alt=\"\" class=\"wp-image-7583\" srcset=\"https:\/\/patrimoine-laroque-des-alberes.fr\/wp-content\/uploads\/2023\/01\/article-fouilles-2.jpeg-745x1024.jpeg 745w, https:\/\/patrimoine-laroque-des-alberes.fr\/wp-content\/uploads\/2023\/01\/article-fouilles-2.jpeg-218x300.jpeg 218w, https:\/\/patrimoine-laroque-des-alberes.fr\/wp-content\/uploads\/2023\/01\/article-fouilles-2.jpeg-768x1056.jpeg 768w, https:\/\/patrimoine-laroque-des-alberes.fr\/wp-content\/uploads\/2023\/01\/article-fouilles-2.jpeg-1117x1536.jpeg 1117w, https:\/\/patrimoine-laroque-des-alberes.fr\/wp-content\/uploads\/2023\/01\/article-fouilles-2.jpeg-1489x2048.jpeg 1489w, https:\/\/patrimoine-laroque-des-alberes.fr\/wp-content\/uploads\/2023\/01\/article-fouilles-2.jpeg-scaled.jpeg 1861w\" sizes=\"auto, (max-width: 745px) 100vw, 745px\" \/><\/figure>\n<\/div>\n\n\n<hr class=\"wp-block-separator has-alpha-channel-opacity\"\/>\n\n\n\n<h3 class=\"wp-block-heading\">                        En 2023 les fouilles resteront en repos, donc RV en 2024<\/h3>\n\n\n\n<p><strong>VUES DU SITE EN HELICOPTERE<\/strong><\/p>\n\n\n<div class=\"wp-block-image\">\n<figure class=\"aligncenter size-full\"><img loading=\"lazy\" decoding=\"async\" width=\"700\" height=\"467\" src=\"https:\/\/patrimoine-laroque-des-alberes.fr\/wp-content\/uploads\/2023\/05\/DSC_4452-2.jpg\" alt=\"\" class=\"wp-image-7803\" srcset=\"https:\/\/patrimoine-laroque-des-alberes.fr\/wp-content\/uploads\/2023\/05\/DSC_4452-2.jpg 700w, https:\/\/patrimoine-laroque-des-alberes.fr\/wp-content\/uploads\/2023\/05\/DSC_4452-2-300x200.jpg 300w, https:\/\/patrimoine-laroque-des-alberes.fr\/wp-content\/uploads\/2023\/05\/DSC_4452-2-360x240.jpg 360w\" sizes=\"auto, (max-width: 700px) 100vw, 700px\" \/><\/figure>\n<\/div>\n\n\n<hr class=\"wp-block-separator has-alpha-channel-opacity\"\/>\n\n\n\n<h3 class=\"wp-block-heading\">OUPS 2024 NE NOUS A PAS VU MAIS 2025 NOUS REVOILA<\/h3>\n\n\n\n<div class=\"wp-block-media-text is-stacked-on-mobile\" style=\"grid-template-columns:75% auto\"><figure class=\"wp-block-media-text__media\"><img loading=\"lazy\" decoding=\"async\" width=\"600\" height=\"450\" src=\"https:\/\/patrimoine-laroque-des-alberes.fr\/wp-content\/uploads\/2025\/12\/Castellet-2025.jpg\" alt=\"\" class=\"wp-image-8464 size-full\" srcset=\"https:\/\/patrimoine-laroque-des-alberes.fr\/wp-content\/uploads\/2025\/12\/Castellet-2025.jpg 600w, https:\/\/patrimoine-laroque-des-alberes.fr\/wp-content\/uploads\/2025\/12\/Castellet-2025-300x225.jpg 300w\" sizes=\"auto, (max-width: 600px) 100vw, 600px\" \/><\/figure><div class=\"wp-block-media-text__content\">\n<p class=\"has-text-align-left\"><strong>Nos arch\u00e9ologues ont fait de nouvelles d\u00e9couvertes sous un soleil de plomb<\/strong><\/p>\n<\/div><\/div>\n\n\n\n<div class=\"wp-block-media-text has-media-on-the-right is-stacked-on-mobile\" style=\"grid-template-columns:auto 75%\"><div class=\"wp-block-media-text__content\">\n<p><strong>Le site est b\u00e2ch\u00e9 en fin de journ\u00e9e pour le prot\u00e9ger.<\/strong><\/p>\n<\/div><figure class=\"wp-block-media-text__media\"><img loading=\"lazy\" decoding=\"async\" width=\"600\" height=\"450\" src=\"https:\/\/patrimoine-laroque-des-alberes.fr\/wp-content\/uploads\/2025\/12\/Castellet-2025-1.jpg\" alt=\"\" class=\"wp-image-8465 size-full\" srcset=\"https:\/\/patrimoine-laroque-des-alberes.fr\/wp-content\/uploads\/2025\/12\/Castellet-2025-1.jpg 600w, https:\/\/patrimoine-laroque-des-alberes.fr\/wp-content\/uploads\/2025\/12\/Castellet-2025-1-300x225.jpg 300w\" sizes=\"auto, (max-width: 600px) 100vw, 600px\" \/><\/figure><\/div>\n\n\n\n<hr class=\"wp-block-separator has-alpha-channel-opacity\"\/>\n","protected":false},"excerpt":{"rendered":"<p>Etapes de r\u00e9alisation des fouilles 2013 D\u00e9broussaillage du Castellet 2016 Arrachage des bruy\u00e8res 2019 Epierrage avant la fouille du secteur 2019 Enfin, d\u00e9couverte du castellet 2022 Reprise du d\u00e9broussaillage pour reprendre les fouilles en juin Mai, revoici nos arch\u00e9ologues et mise au jour de 2 nouvelles salles. D\u00e9couverte d&rsquo;un foss\u00e9 [&hellip;]<\/p>\n","protected":false},"author":1,"featured_media":6001,"parent":0,"menu_order":0,"comment_status":"closed","ping_status":"closed","template":"","meta":{"_monsterinsights_skip_tracking":false,"_monsterinsights_sitenote_active":false,"_monsterinsights_sitenote_note":"","_monsterinsights_sitenote_category":0,"footnotes":""},"class_list":["post-5775","page","type-page","status-publish","has-post-thumbnail","hentry"],"_links":{"self":[{"href":"https:\/\/patrimoine-laroque-des-alberes.fr\/index.php?rest_route=\/wp\/v2\/pages\/5775","targetHints":{"allow":["GET"]}}],"collection":[{"href":"https:\/\/patrimoine-laroque-des-alberes.fr\/index.php?rest_route=\/wp\/v2\/pages"}],"about":[{"href":"https:\/\/patrimoine-laroque-des-alberes.fr\/index.php?rest_route=\/wp\/v2\/types\/page"}],"author":[{"embeddable":true,"href":"https:\/\/patrimoine-laroque-des-alberes.fr\/index.php?rest_route=\/wp\/v2\/users\/1"}],"replies":[{"embeddable":true,"href":"https:\/\/patrimoine-laroque-des-alberes.fr\/index.php?rest_route=%2Fwp%2Fv2%2Fcomments&post=5775"}],"version-history":[{"count":20,"href":"https:\/\/patrimoine-laroque-des-alberes.fr\/index.php?rest_route=\/wp\/v2\/pages\/5775\/revisions"}],"predecessor-version":[{"id":8466,"href":"https:\/\/patrimoine-laroque-des-alberes.fr\/index.php?rest_route=\/wp\/v2\/pages\/5775\/revisions\/8466"}],"wp:featuredmedia":[{"embeddable":true,"href":"https:\/\/patrimoine-laroque-des-alberes.fr\/index.php?rest_route=\/wp\/v2\/media\/6001"}],"wp:attachment":[{"href":"https:\/\/patrimoine-laroque-des-alberes.fr\/index.php?rest_route=%2Fwp%2Fv2%2Fmedia&parent=5775"}],"curies":[{"name":"wp","href":"https:\/\/api.w.org\/{rel}","templated":true}]}}