{"id":6304,"date":"2021-01-23T17:54:40","date_gmt":"2021-01-23T17:54:40","guid":{"rendered":"http:\/\/patrimoine-laroque-des-alberes.fr\/?page_id=6304"},"modified":"2024-09-07T16:00:12","modified_gmt":"2024-09-07T16:00:12","slug":"journal-lindependant","status":"publish","type":"page","link":"https:\/\/patrimoine-laroque-des-alberes.fr\/?page_id=6304","title":{"rendered":"Journal L&rsquo;Ind\u00e9pendant"},"content":{"rendered":"\n<figure class=\"wp-block-image alignwide size-large\"><img loading=\"lazy\" decoding=\"async\" width=\"283\" height=\"400\" src=\"https:\/\/patrimoine-laroque-des-alberes.fr\/wp-content\/uploads\/2021\/02\/Indep-175-ans_opt-rotated.jpg\" alt=\"\" class=\"wp-image-6537\" srcset=\"https:\/\/patrimoine-laroque-des-alberes.fr\/wp-content\/uploads\/2021\/02\/Indep-175-ans_opt-rotated.jpg 283w, https:\/\/patrimoine-laroque-des-alberes.fr\/wp-content\/uploads\/2021\/02\/Indep-175-ans_opt-212x300.jpg 212w\" sizes=\"auto, (max-width: 283px) 100vw, 283px\" \/><\/figure>\n\n\n\n<hr class=\"wp-block-separator has-css-opacity\"\/>\n\n\n\n<h2 class=\"wp-block-heading\">2000<\/h2>\n\n\n<div class=\"wp-block-image\">\n<figure class=\"aligncenter size-large is-resized\"><img loading=\"lazy\" decoding=\"async\" width=\"335\" height=\"1024\" src=\"https:\/\/patrimoine-laroque-des-alberes.fr\/wp-content\/uploads\/2021\/01\/Indep-2000_opt-335x1024.jpg\" alt=\"\" class=\"wp-image-6378\" style=\"width:481px;height:1467px\" srcset=\"https:\/\/patrimoine-laroque-des-alberes.fr\/wp-content\/uploads\/2021\/01\/Indep-2000_opt-335x1024.jpg 335w, https:\/\/patrimoine-laroque-des-alberes.fr\/wp-content\/uploads\/2021\/01\/Indep-2000_opt-98x300.jpg 98w, https:\/\/patrimoine-laroque-des-alberes.fr\/wp-content\/uploads\/2021\/01\/Indep-2000_opt.jpg 400w\" sizes=\"auto, (max-width: 335px) 100vw, 335px\" \/><\/figure>\n<\/div>\n\n\n<hr class=\"wp-block-separator has-css-opacity\"\/>\n\n\n\n<h2 class=\"wp-block-heading\"><strong>2000 (page sp\u00e9ciale Laroque<\/strong>)<\/h2>\n\n\n\n<figure class=\"wp-block-image alignwide size-large\"><img loading=\"lazy\" decoding=\"async\" width=\"1024\" height=\"652\" src=\"https:\/\/patrimoine-laroque-des-alberes.fr\/wp-content\/uploads\/2021\/01\/Indep-2000-special-1-1024x652.jpg\" alt=\"\" class=\"wp-image-6388\" srcset=\"https:\/\/patrimoine-laroque-des-alberes.fr\/wp-content\/uploads\/2021\/01\/Indep-2000-special-1-1024x652.jpg 1024w, https:\/\/patrimoine-laroque-des-alberes.fr\/wp-content\/uploads\/2021\/01\/Indep-2000-special-1-300x191.jpg 300w, https:\/\/patrimoine-laroque-des-alberes.fr\/wp-content\/uploads\/2021\/01\/Indep-2000-special-1-768x489.jpg 768w, https:\/\/patrimoine-laroque-des-alberes.fr\/wp-content\/uploads\/2021\/01\/Indep-2000-special-1-1536x978.jpg 1536w, https:\/\/patrimoine-laroque-des-alberes.fr\/wp-content\/uploads\/2021\/01\/Indep-2000-special-1-2048x1304.jpg 2048w\" sizes=\"auto, (max-width: 1024px) 100vw, 1024px\" \/><\/figure>\n\n\n\n<figure class=\"wp-block-image alignwide size-large\"><img loading=\"lazy\" decoding=\"async\" width=\"698\" height=\"400\" src=\"https:\/\/patrimoine-laroque-des-alberes.fr\/wp-content\/uploads\/2021\/01\/Indep-2000-Special-2_opt-rotated.jpg\" alt=\"\" class=\"wp-image-6391\" srcset=\"https:\/\/patrimoine-laroque-des-alberes.fr\/wp-content\/uploads\/2021\/01\/Indep-2000-Special-2_opt-rotated.jpg 698w, https:\/\/patrimoine-laroque-des-alberes.fr\/wp-content\/uploads\/2021\/01\/Indep-2000-Special-2_opt-300x172.jpg 300w\" sizes=\"auto, (max-width: 698px) 100vw, 698px\" \/><\/figure>\n\n\n\n<figure class=\"wp-block-image alignwide size-large\"><img loading=\"lazy\" decoding=\"async\" width=\"705\" height=\"400\" src=\"https:\/\/patrimoine-laroque-des-alberes.fr\/wp-content\/uploads\/2021\/01\/Indep-2000-Special-3_opt-rotated.jpg\" alt=\"\" class=\"wp-image-6392\" srcset=\"https:\/\/patrimoine-laroque-des-alberes.fr\/wp-content\/uploads\/2021\/01\/Indep-2000-Special-3_opt-rotated.jpg 705w, https:\/\/patrimoine-laroque-des-alberes.fr\/wp-content\/uploads\/2021\/01\/Indep-2000-Special-3_opt-300x170.jpg 300w\" sizes=\"auto, (max-width: 705px) 100vw, 705px\" \/><\/figure>\n\n\n\n<hr class=\"wp-block-separator has-css-opacity\"\/>\n\n\n\n<h2 class=\"wp-block-heading\">2004<\/h2>\n\n\n\n<figure class=\"wp-block-image alignwide size-large\"><img loading=\"lazy\" decoding=\"async\" width=\"400\" height=\"403\" src=\"https:\/\/patrimoine-laroque-des-alberes.fr\/wp-content\/uploads\/2021\/01\/Indep-2004_opt.jpg\" alt=\"\" class=\"wp-image-6379\" srcset=\"https:\/\/patrimoine-laroque-des-alberes.fr\/wp-content\/uploads\/2021\/01\/Indep-2004_opt.jpg 400w, https:\/\/patrimoine-laroque-des-alberes.fr\/wp-content\/uploads\/2021\/01\/Indep-2004_opt-298x300.jpg 298w, https:\/\/patrimoine-laroque-des-alberes.fr\/wp-content\/uploads\/2021\/01\/Indep-2004_opt-150x150.jpg 150w\" sizes=\"auto, (max-width: 400px) 100vw, 400px\" \/><\/figure>\n\n\n\n<hr class=\"wp-block-separator has-css-opacity\"\/>\n\n\n\n<h2 class=\"wp-block-heading\">2004<\/h2>\n\n\n\n<figure class=\"wp-block-image alignwide size-large\"><img loading=\"lazy\" decoding=\"async\" width=\"1024\" height=\"666\" src=\"https:\/\/patrimoine-laroque-des-alberes.fr\/wp-content\/uploads\/2021\/01\/ndep-2004-1024x666.jpg\" alt=\"\" class=\"wp-image-6385\" srcset=\"https:\/\/patrimoine-laroque-des-alberes.fr\/wp-content\/uploads\/2021\/01\/ndep-2004-1024x666.jpg 1024w, https:\/\/patrimoine-laroque-des-alberes.fr\/wp-content\/uploads\/2021\/01\/ndep-2004-300x195.jpg 300w, https:\/\/patrimoine-laroque-des-alberes.fr\/wp-content\/uploads\/2021\/01\/ndep-2004-768x499.jpg 768w, https:\/\/patrimoine-laroque-des-alberes.fr\/wp-content\/uploads\/2021\/01\/ndep-2004-1536x999.jpg 1536w, https:\/\/patrimoine-laroque-des-alberes.fr\/wp-content\/uploads\/2021\/01\/ndep-2004-2048x1332.jpg 2048w\" sizes=\"auto, (max-width: 1024px) 100vw, 1024px\" \/><\/figure>\n\n\n\n<hr class=\"wp-block-separator has-css-opacity\"\/>\n\n\n\n<h2 class=\"wp-block-heading\">2007<\/h2>\n\n\n\n<figure class=\"wp-block-image alignwide size-large\"><img loading=\"lazy\" decoding=\"async\" width=\"400\" height=\"454\" src=\"https:\/\/patrimoine-laroque-des-alberes.fr\/wp-content\/uploads\/2021\/01\/Indep-2007-moulin_opt.jpg\" alt=\"\" class=\"wp-image-6348\" srcset=\"https:\/\/patrimoine-laroque-des-alberes.fr\/wp-content\/uploads\/2021\/01\/Indep-2007-moulin_opt.jpg 400w, https:\/\/patrimoine-laroque-des-alberes.fr\/wp-content\/uploads\/2021\/01\/Indep-2007-moulin_opt-264x300.jpg 264w\" sizes=\"auto, (max-width: 400px) 100vw, 400px\" \/><\/figure>\n\n\n\n<hr class=\"wp-block-separator has-css-opacity\"\/>\n\n\n\n<h2 class=\"wp-block-heading\">2011<\/h2>\n\n\n\n<figure class=\"wp-block-image alignwide size-large\"><img loading=\"lazy\" decoding=\"async\" width=\"735\" height=\"1024\" src=\"https:\/\/patrimoine-laroque-des-alberes.fr\/wp-content\/uploads\/2021\/01\/Indep-2011-735x1024.jpg\" alt=\"\" class=\"wp-image-6353\" srcset=\"https:\/\/patrimoine-laroque-des-alberes.fr\/wp-content\/uploads\/2021\/01\/Indep-2011-735x1024.jpg 735w, https:\/\/patrimoine-laroque-des-alberes.fr\/wp-content\/uploads\/2021\/01\/Indep-2011-215x300.jpg 215w, https:\/\/patrimoine-laroque-des-alberes.fr\/wp-content\/uploads\/2021\/01\/Indep-2011-768x1071.jpg 768w, https:\/\/patrimoine-laroque-des-alberes.fr\/wp-content\/uploads\/2021\/01\/Indep-2011-1102x1536.jpg 1102w, https:\/\/patrimoine-laroque-des-alberes.fr\/wp-content\/uploads\/2021\/01\/Indep-2011-1469x2048.jpg 1469w, https:\/\/patrimoine-laroque-des-alberes.fr\/wp-content\/uploads\/2021\/01\/Indep-2011-scaled.jpg 1836w\" sizes=\"auto, (max-width: 735px) 100vw, 735px\" \/><\/figure>\n\n\n\n<hr class=\"wp-block-separator has-css-opacity\"\/>\n\n\n\n<h2 class=\"wp-block-heading\">2012<\/h2>\n\n\n\n<figure class=\"wp-block-image alignwide size-large\"><img loading=\"lazy\" decoding=\"async\" width=\"400\" height=\"387\" src=\"https:\/\/patrimoine-laroque-des-alberes.fr\/wp-content\/uploads\/2021\/01\/Indep-2012-Conference_opt-rotated.jpg\" alt=\"\" class=\"wp-image-6380\" srcset=\"https:\/\/patrimoine-laroque-des-alberes.fr\/wp-content\/uploads\/2021\/01\/Indep-2012-Conference_opt-rotated.jpg 400w, https:\/\/patrimoine-laroque-des-alberes.fr\/wp-content\/uploads\/2021\/01\/Indep-2012-Conference_opt-300x290.jpg 300w\" sizes=\"auto, (max-width: 400px) 100vw, 400px\" \/><\/figure>\n\n\n\n<hr class=\"wp-block-separator has-css-opacity\"\/>\n\n\n\n<h2 class=\"wp-block-heading\">Assembl\u00e9e g\u00e9n\u00e9rale de 2019<\/h2>\n\n\n<div class=\"wp-block-image\">\n<figure class=\"aligncenter size-large is-resized\"><img loading=\"lazy\" decoding=\"async\" width=\"400\" height=\"870\" src=\"https:\/\/patrimoine-laroque-des-alberes.fr\/wp-content\/uploads\/2021\/02\/Indep-2019-01-AG_opt.jpg\" alt=\"\" class=\"wp-image-6428\" style=\"width:404px;height:auto\" srcset=\"https:\/\/patrimoine-laroque-des-alberes.fr\/wp-content\/uploads\/2021\/02\/Indep-2019-01-AG_opt.jpg 400w, https:\/\/patrimoine-laroque-des-alberes.fr\/wp-content\/uploads\/2021\/02\/Indep-2019-01-AG_opt-138x300.jpg 138w\" sizes=\"auto, (max-width: 400px) 100vw, 400px\" \/><\/figure>\n<\/div>\n\n\n<hr class=\"wp-block-separator has-css-opacity\"\/>\n\n\n\n<h2 class=\"wp-block-heading\">                      4 JUIN 2021 JOUR TANT ATTENDU<\/h2>\n\n\n\n<figure class=\"wp-block-image alignwide size-large\"><img loading=\"lazy\" decoding=\"async\" width=\"400\" height=\"420\" src=\"https:\/\/patrimoine-laroque-des-alberes.fr\/wp-content\/uploads\/2021\/07\/article-Independant-juillet-2021_opt-1.jpg\" alt=\"\" class=\"wp-image-6935\" srcset=\"https:\/\/patrimoine-laroque-des-alberes.fr\/wp-content\/uploads\/2021\/07\/article-Independant-juillet-2021_opt-1.jpg 400w, https:\/\/patrimoine-laroque-des-alberes.fr\/wp-content\/uploads\/2021\/07\/article-Independant-juillet-2021_opt-1-286x300.jpg 286w\" sizes=\"auto, (max-width: 400px) 100vw, 400px\" \/><\/figure>\n\n\n\n<hr class=\"wp-block-separator has-alpha-channel-opacity\"\/>\n\n\n\n<h2 class=\"wp-block-heading\">21Mai 2022 L&rsquo;aboutissement de 17 ans de travail.<\/h2>\n\n\n<div class=\"wp-block-image\">\n<figure class=\"aligncenter size-full\"><img loading=\"lazy\" decoding=\"async\" width=\"600\" height=\"800\" src=\"https:\/\/patrimoine-laroque-des-alberes.fr\/wp-content\/uploads\/2022\/06\/2022-05-independant-moulin-opt.jpg\" alt=\"\" class=\"wp-image-7415\" srcset=\"https:\/\/patrimoine-laroque-des-alberes.fr\/wp-content\/uploads\/2022\/06\/2022-05-independant-moulin-opt.jpg 600w, https:\/\/patrimoine-laroque-des-alberes.fr\/wp-content\/uploads\/2022\/06\/2022-05-independant-moulin-opt-225x300.jpg 225w\" sizes=\"auto, (max-width: 600px) 100vw, 600px\" \/><\/figure>\n<\/div>\n\n\n<hr class=\"wp-block-separator has-alpha-channel-opacity\"\/>\n\n\n\n<h2 class=\"wp-block-heading\">Journ\u00e9e du patrimoine 2022<\/h2>\n\n\n<div class=\"wp-block-image\">\n<figure class=\"aligncenter size-full is-resized\"><img loading=\"lazy\" decoding=\"async\" width=\"400\" height=\"545\" src=\"https:\/\/patrimoine-laroque-des-alberes.fr\/wp-content\/uploads\/2022\/10\/Indep-2022-Journee-pat.jpg\" alt=\"\" class=\"wp-image-7492\" style=\"width:526px;height:717px\" srcset=\"https:\/\/patrimoine-laroque-des-alberes.fr\/wp-content\/uploads\/2022\/10\/Indep-2022-Journee-pat.jpg 400w, https:\/\/patrimoine-laroque-des-alberes.fr\/wp-content\/uploads\/2022\/10\/Indep-2022-Journee-pat-220x300.jpg 220w\" sizes=\"auto, (max-width: 400px) 100vw, 400px\" \/><\/figure>\n<\/div>\n\n\n<hr class=\"wp-block-separator has-alpha-channel-opacity\"\/>\n\n\n\n<h2 class=\"wp-block-heading\">Journ\u00e9es europ\u00e9ennes des moulins 20 mai 2023<\/h2>\n\n\n<div class=\"wp-block-image\">\n<figure class=\"aligncenter size-full is-resized\"><img loading=\"lazy\" decoding=\"async\" width=\"447\" height=\"633\" src=\"https:\/\/patrimoine-laroque-des-alberes.fr\/wp-content\/uploads\/2023\/05\/article-independant.jpg\" alt=\"\" class=\"wp-image-7805\" style=\"width:447px;height:633px\" srcset=\"https:\/\/patrimoine-laroque-des-alberes.fr\/wp-content\/uploads\/2023\/05\/article-independant.jpg 447w, https:\/\/patrimoine-laroque-des-alberes.fr\/wp-content\/uploads\/2023\/05\/article-independant-212x300.jpg 212w\" sizes=\"auto, (max-width: 447px) 100vw, 447px\" \/><\/figure>\n<\/div>\n\n\n<hr class=\"wp-block-separator has-alpha-channel-opacity\"\/>\n\n\n\n<h2 class=\"wp-block-heading\">Ind\u00e9pendant du 31\/07\/2024<\/h2>\n\n\n\n<h1 class=\"wp-block-heading\">                    Volont\u00e9 de sauvegarde<\/h1>\n\n\n<div class=\"wp-block-image\">\n<figure class=\"aligncenter size-full\"><img loading=\"lazy\" decoding=\"async\" width=\"449\" height=\"600\" src=\"https:\/\/patrimoine-laroque-des-alberes.fr\/wp-content\/uploads\/2024\/09\/2024-07-Independant.jpg\" alt=\"\" class=\"wp-image-8219\" srcset=\"https:\/\/patrimoine-laroque-des-alberes.fr\/wp-content\/uploads\/2024\/09\/2024-07-Independant.jpg 449w, https:\/\/patrimoine-laroque-des-alberes.fr\/wp-content\/uploads\/2024\/09\/2024-07-Independant-225x300.jpg 225w\" sizes=\"auto, (max-width: 449px) 100vw, 449px\" \/><\/figure>\n<\/div>\n\n\n<p class=\"has-text-align-center\">                                       <strong>Depuis des ann\u00e9es une association forte de 199 adh\u00e9rents est en charge de valoriser, entretenir et mettre en valeur le riche patrimoine de la commune. plusieurs fois par mois, les b\u00e9n\u00e9voles, ils sont 35, se retrouvent sur le terrain pour travailler dans la montagne, l\u00e0 les puits \u00e0 glace, le dolmen, les fours \u00e0 verre et aussi sur le moulin de la Pave qui, aujourd&rsquo;hui,est parfaitement fonctionnel. Chaque lieu poss\u00e8de sa plaque informative qui renvoie, gr\u00e2ce \u00e0 un QR code, sur le site internet de l&rsquo;association pour y trouver tous les d\u00e9tails sur le lieu.<\/strong><\/p>\n\n\n\n<p><\/p>\n","protected":false},"excerpt":{"rendered":"<p>2000 2000 (page sp\u00e9ciale Laroque) 2004 2004 2007 2011 2012 Assembl\u00e9e g\u00e9n\u00e9rale de 2019 4 JUIN 2021 JOUR TANT ATTENDU 21Mai 2022 L&rsquo;aboutissement de 17 ans de travail. Journ\u00e9e du patrimoine 2022 Journ\u00e9es europ\u00e9ennes des moulins 20 mai 2023 Ind\u00e9pendant du 31\/07\/2024 Volont\u00e9 de sauvegarde Depuis des ann\u00e9es une association [&hellip;]<\/p>\n","protected":false},"author":1,"featured_media":6345,"parent":0,"menu_order":0,"comment_status":"closed","ping_status":"closed","template":"","meta":{"_monsterinsights_skip_tracking":false,"_monsterinsights_sitenote_active":false,"_monsterinsights_sitenote_note":"","_monsterinsights_sitenote_category":0,"footnotes":""},"class_list":["post-6304","page","type-page","status-publish","has-post-thumbnail","hentry"],"_links":{"self":[{"href":"https:\/\/patrimoine-laroque-des-alberes.fr\/index.php?rest_route=\/wp\/v2\/pages\/6304","targetHints":{"allow":["GET"]}}],"collection":[{"href":"https:\/\/patrimoine-laroque-des-alberes.fr\/index.php?rest_route=\/wp\/v2\/pages"}],"about":[{"href":"https:\/\/patrimoine-laroque-des-alberes.fr\/index.php?rest_route=\/wp\/v2\/types\/page"}],"author":[{"embeddable":true,"href":"https:\/\/patrimoine-laroque-des-alberes.fr\/index.php?rest_route=\/wp\/v2\/users\/1"}],"replies":[{"embeddable":true,"href":"https:\/\/patrimoine-laroque-des-alberes.fr\/index.php?rest_route=%2Fwp%2Fv2%2Fcomments&post=6304"}],"version-history":[{"count":22,"href":"https:\/\/patrimoine-laroque-des-alberes.fr\/index.php?rest_route=\/wp\/v2\/pages\/6304\/revisions"}],"predecessor-version":[{"id":8222,"href":"https:\/\/patrimoine-laroque-des-alberes.fr\/index.php?rest_route=\/wp\/v2\/pages\/6304\/revisions\/8222"}],"wp:featuredmedia":[{"embeddable":true,"href":"https:\/\/patrimoine-laroque-des-alberes.fr\/index.php?rest_route=\/wp\/v2\/media\/6345"}],"wp:attachment":[{"href":"https:\/\/patrimoine-laroque-des-alberes.fr\/index.php?rest_route=%2Fwp%2Fv2%2Fmedia&parent=6304"}],"curies":[{"name":"wp","href":"https:\/\/api.w.org\/{rel}","templated":true}]}}