{"id":6307,"date":"2021-01-23T17:56:21","date_gmt":"2021-01-23T17:56:21","guid":{"rendered":"http:\/\/patrimoine-laroque-des-alberes.fr\/?page_id=6307"},"modified":"2023-05-31T19:12:14","modified_gmt":"2023-05-31T19:12:14","slug":"autres-organes-de-presse","status":"publish","type":"page","link":"https:\/\/patrimoine-laroque-des-alberes.fr\/?page_id=6307","title":{"rendered":"Autres organes de presse"},"content":{"rendered":"\n<figure class=\"wp-block-image size-large is-resized\"><img loading=\"lazy\" decoding=\"async\" src=\"https:\/\/patrimoine-laroque-des-alberes.fr\/wp-content\/uploads\/2021\/01\/Presse-1998_opt.jpg\" alt=\"\" class=\"wp-image-6360\" width=\"759\" height=\"1250\" srcset=\"https:\/\/patrimoine-laroque-des-alberes.fr\/wp-content\/uploads\/2021\/01\/Presse-1998_opt.jpg 400w, https:\/\/patrimoine-laroque-des-alberes.fr\/wp-content\/uploads\/2021\/01\/Presse-1998_opt-182x300.jpg 182w\" sizes=\"auto, (max-width: 759px) 100vw, 759px\" \/><figcaption class=\"wp-element-caption\"><strong>1998<\/strong><\/figcaption><\/figure>\n\n\n\n<hr class=\"wp-block-separator has-css-opacity\"\/>\n\n\n\n<hr class=\"wp-block-separator has-css-opacity\"\/>\n\n\n\n<hr class=\"wp-block-separator has-css-opacity\"\/>\n\n\n\n<figure class=\"wp-block-image size-large is-resized\"><img loading=\"lazy\" decoding=\"async\" src=\"https:\/\/patrimoine-laroque-des-alberes.fr\/wp-content\/uploads\/2021\/02\/Manel-tour-presse-opt-744x1024.png\" alt=\"\" class=\"wp-image-6599\" width=\"770\" height=\"1059\" srcset=\"https:\/\/patrimoine-laroque-des-alberes.fr\/wp-content\/uploads\/2021\/02\/Manel-tour-presse-opt-744x1024.png 744w, https:\/\/patrimoine-laroque-des-alberes.fr\/wp-content\/uploads\/2021\/02\/Manel-tour-presse-opt-218x300.png 218w, https:\/\/patrimoine-laroque-des-alberes.fr\/wp-content\/uploads\/2021\/02\/Manel-tour-presse-opt-768x1057.png 768w, https:\/\/patrimoine-laroque-des-alberes.fr\/wp-content\/uploads\/2021\/02\/Manel-tour-presse-opt.png 850w\" sizes=\"auto, (max-width: 770px) 100vw, 770px\" \/><figcaption class=\"wp-element-caption\"><strong>2005<\/strong><\/figcaption><\/figure>\n\n\n\n<hr class=\"wp-block-separator has-css-opacity\"\/>\n\n\n\n<hr class=\"wp-block-separator has-css-opacity\"\/>\n\n\n\n<figure class=\"wp-block-image size-large is-resized\"><img loading=\"lazy\" decoding=\"async\" src=\"https:\/\/patrimoine-laroque-des-alberes.fr\/wp-content\/uploads\/2021\/02\/Moilin-renaissance-presse-opt.png\" alt=\"\" class=\"wp-image-6596\" width=\"742\" height=\"1022\" srcset=\"https:\/\/patrimoine-laroque-des-alberes.fr\/wp-content\/uploads\/2021\/02\/Moilin-renaissance-presse-opt.png 400w, https:\/\/patrimoine-laroque-des-alberes.fr\/wp-content\/uploads\/2021\/02\/Moilin-renaissance-presse-opt-218x300.png 218w\" sizes=\"auto, (max-width: 742px) 100vw, 742px\" \/><figcaption class=\"wp-element-caption\"><strong>2006<\/strong><\/figcaption><\/figure>\n\n\n\n<hr class=\"wp-block-separator has-css-opacity\"\/>\n\n\n\n<hr class=\"wp-block-separator has-css-opacity\"\/>\n\n\n<div class=\"wp-block-image\">\n<figure class=\"aligncenter size-large is-resized\"><img loading=\"lazy\" decoding=\"async\" src=\"https:\/\/patrimoine-laroque-des-alberes.fr\/wp-content\/uploads\/2021\/01\/Presse-2011-Fede-moulin_opt-rotated.jpg\" alt=\"\" class=\"wp-image-6361\" width=\"753\" height=\"512\" srcset=\"https:\/\/patrimoine-laroque-des-alberes.fr\/wp-content\/uploads\/2021\/01\/Presse-2011-Fede-moulin_opt-rotated.jpg 587w, https:\/\/patrimoine-laroque-des-alberes.fr\/wp-content\/uploads\/2021\/01\/Presse-2011-Fede-moulin_opt-300x204.jpg 300w\" sizes=\"auto, (max-width: 753px) 100vw, 753px\" \/><figcaption class=\"wp-element-caption\"><strong>2011 Revue de la F\u00e9d\u00e9ration des moulins<\/strong><\/figcaption><\/figure>\n<\/div>\n\n\n<hr class=\"wp-block-separator has-css-opacity\"\/>\n\n\n\n<p><\/p>\n\n\n<p><img loading=\"lazy\" decoding=\"async\" width=\"146\" height=\"146\" src=\"https:\/\/patrimoine-laroque-des-alberes.fr\/wp-content\/uploads\/2023\/05\/word-image-6307-1.png\" class=\"wp-image-7821\" \/><\/p>\n<p><strong>Laroque des Alb\u00e8res : Le moulin de la Pave<\/strong><\/p>\n<p>Edifice en ruine jusqu\u2019en 2006, le moulin de la Pave implant\u00e9 \u00e0 Laroque des<\/p>\n<p>Alb\u00e8res dans le cadre verdoyant d\u2019un chemin de randonn\u00e9e, est aujourd&rsquo;hui<\/p>\n<p>r\u00e9habilit\u00e9 gr\u00e2ce aux travaux des b\u00e9n\u00e9voles de l\u2019Association \u00ab Le Patrimoine de<\/p>\n<p>Laroque\u00bb.<\/p>\n<p><img loading=\"lazy\" decoding=\"async\" src=\"https:\/\/patrimoine-laroque-des-alberes.fr\/wp-content\/uploads\/2023\/05\/word-image-6307-2.jpeg\" class=\"wp-image-7822\" width=\"460\" height=\"261\" srcset=\"https:\/\/patrimoine-laroque-des-alberes.fr\/wp-content\/uploads\/2023\/05\/word-image-6307-2.jpeg 723w, https:\/\/patrimoine-laroque-des-alberes.fr\/wp-content\/uploads\/2023\/05\/word-image-6307-2-300x170.jpeg 300w\" sizes=\"auto, (max-width: 460px) 100vw, 460px\" \/><\/p>\n<p>Le moulin de la Pave<\/p>\n<p>Il a fallu toute la passion des b\u00e9n\u00e9voles de l\u2019association du patrimoine pour<\/p>\n<p>restaurer depuis dix-sept ans, ce moulin \u00e0 farine datant du 14\u00e8me si\u00e8cle ! \u00ab Nous<\/p>\n<p>avons relev\u00e9 un v\u00e9ritable d\u00e9fi avec une volont\u00e9 commune en concertation avec la<\/p>\n<p>mairie pour remettre en \u00e9tat ce moulin \u00ab explique Jean Claude Leclerc le pr\u00e9sident<\/p>\n<p>de l\u2019association. Les abords du moulin ont \u00e9t\u00e9 nettoy\u00e9s avec la mise en place de<\/p>\n<p>nouvelles plantations adapt\u00e9es au climat. La partie haute du moulin, avec le bassin<\/p>\n<p>recevant l\u2019eau du canal d\u2019irrigation du village, a \u00e9t\u00e9 reconstruite pour que la meule<\/p>\n<p>fonctionne \u00e0 nouveau ! En effet, ce moulin \u00e0 farine hydraulique poss\u00e9dait jadis une<\/p>\n<p>roue horizontale \u00e0 la base qui \u00e9tait actionn\u00e9e par l\u2019eau.<\/p>\n<p>L\u2019association a \u00e9galement restaur\u00e9 l\u2019espace de vie du meunier en reconstituant<\/p>\n<p>l\u2019endroit o\u00f9 il dormait, en exposant les outillages et en apposant sur les murs des<\/p>\n<p>photos montrant l\u2019\u00e9tat du moulin en 2005 avant tous les travaux de r\u00e9novation. Du<\/p>\n<p>plancher au toit en passant par les poutres et l\u2019escalier, tout a \u00e9t\u00e9 refait par les b\u00e9n\u00e9voles de l\u2019Association.<\/p>","protected":false},"excerpt":{"rendered":"<p>Laroque des Alb\u00e8res : Le moulin de la Pave Edifice en ruine jusqu\u2019en 2006, le moulin de la Pave implant\u00e9 \u00e0 Laroque des Alb\u00e8res dans le cadre verdoyant d\u2019un chemin de randonn\u00e9e, est aujourd&rsquo;hui r\u00e9habilit\u00e9 gr\u00e2ce aux travaux des b\u00e9n\u00e9voles de l\u2019Association \u00ab Le Patrimoine de Laroque\u00bb. Le moulin de [&hellip;]<\/p>\n","protected":false},"author":1,"featured_media":6358,"parent":0,"menu_order":0,"comment_status":"closed","ping_status":"closed","template":"","meta":{"_monsterinsights_skip_tracking":false,"_monsterinsights_sitenote_active":false,"_monsterinsights_sitenote_note":"","_monsterinsights_sitenote_category":0,"footnotes":""},"class_list":["post-6307","page","type-page","status-publish","has-post-thumbnail","hentry"],"_links":{"self":[{"href":"https:\/\/patrimoine-laroque-des-alberes.fr\/index.php?rest_route=\/wp\/v2\/pages\/6307","targetHints":{"allow":["GET"]}}],"collection":[{"href":"https:\/\/patrimoine-laroque-des-alberes.fr\/index.php?rest_route=\/wp\/v2\/pages"}],"about":[{"href":"https:\/\/patrimoine-laroque-des-alberes.fr\/index.php?rest_route=\/wp\/v2\/types\/page"}],"author":[{"embeddable":true,"href":"https:\/\/patrimoine-laroque-des-alberes.fr\/index.php?rest_route=\/wp\/v2\/users\/1"}],"replies":[{"embeddable":true,"href":"https:\/\/patrimoine-laroque-des-alberes.fr\/index.php?rest_route=%2Fwp%2Fv2%2Fcomments&post=6307"}],"version-history":[{"count":10,"href":"https:\/\/patrimoine-laroque-des-alberes.fr\/index.php?rest_route=\/wp\/v2\/pages\/6307\/revisions"}],"predecessor-version":[{"id":7823,"href":"https:\/\/patrimoine-laroque-des-alberes.fr\/index.php?rest_route=\/wp\/v2\/pages\/6307\/revisions\/7823"}],"wp:featuredmedia":[{"embeddable":true,"href":"https:\/\/patrimoine-laroque-des-alberes.fr\/index.php?rest_route=\/wp\/v2\/media\/6358"}],"wp:attachment":[{"href":"https:\/\/patrimoine-laroque-des-alberes.fr\/index.php?rest_route=%2Fwp%2Fv2%2Fmedia&parent=6307"}],"curies":[{"name":"wp","href":"https:\/\/api.w.org\/{rel}","templated":true}]}}