{"id":6695,"date":"2021-03-11T17:39:58","date_gmt":"2021-03-11T17:39:58","guid":{"rendered":"http:\/\/patrimoine-laroque-des-alberes.fr\/?page_id=6695"},"modified":"2025-04-17T14:29:37","modified_gmt":"2025-04-17T14:29:37","slug":"mas-paco","status":"publish","type":"page","link":"https:\/\/patrimoine-laroque-des-alberes.fr\/?page_id=6695","title":{"rendered":"Mas Paco"},"content":{"rendered":"\n<p style=\"font-size:19px\"><strong>Am\u00e9nagement du site <\/strong>:<\/p>\n\n\n\n<h4 class=\"wp-block-heading alignwide has-text-align-center\">2015<\/h4>\n\n\n\n<figure class=\"wp-block-gallery has-nested-images columns-default is-cropped wp-block-gallery-2 is-layout-flex wp-block-gallery-is-layout-flex\">\n<figure class=\"wp-block-image size-large\"><img loading=\"lazy\" decoding=\"async\" width=\"400\" height=\"300\" data-id=\"6795\" src=\"https:\/\/patrimoine-laroque-des-alberes.fr\/wp-content\/uploads\/2021\/03\/Mas-Paco-2015-defrichage_opt.jpg\" alt=\"\" class=\"wp-image-6795\" srcset=\"https:\/\/patrimoine-laroque-des-alberes.fr\/wp-content\/uploads\/2021\/03\/Mas-Paco-2015-defrichage_opt.jpg 400w, https:\/\/patrimoine-laroque-des-alberes.fr\/wp-content\/uploads\/2021\/03\/Mas-Paco-2015-defrichage_opt-300x225.jpg 300w\" sizes=\"auto, (max-width: 400px) 100vw, 400px\" \/><\/figure>\n\n\n\n<figure class=\"wp-block-image size-large\"><img loading=\"lazy\" decoding=\"async\" width=\"400\" height=\"300\" data-id=\"6796\" src=\"https:\/\/patrimoine-laroque-des-alberes.fr\/wp-content\/uploads\/2021\/03\/Mas-Paco-2015-nettoyage-1_opt.jpg\" alt=\"\" class=\"wp-image-6796\" srcset=\"https:\/\/patrimoine-laroque-des-alberes.fr\/wp-content\/uploads\/2021\/03\/Mas-Paco-2015-nettoyage-1_opt.jpg 400w, https:\/\/patrimoine-laroque-des-alberes.fr\/wp-content\/uploads\/2021\/03\/Mas-Paco-2015-nettoyage-1_opt-300x225.jpg 300w\" sizes=\"auto, (max-width: 400px) 100vw, 400px\" \/><\/figure>\n<figcaption class=\"blocks-gallery-caption wp-element-caption\"><strong>D\u00e9frichage et nettoyage du site avant l&rsquo;installation de l&rsquo;Association<\/strong><\/figcaption><\/figure>\n\n\n\n<hr class=\"wp-block-separator has-css-opacity\"\/>\n\n\n<div class=\"wp-block-image is-resized\">\n<figure class=\"aligncenter size-large\"><img loading=\"lazy\" decoding=\"async\" width=\"400\" height=\"318\" src=\"https:\/\/patrimoine-laroque-des-alberes.fr\/wp-content\/uploads\/2021\/03\/casot-mas-Paco_opt.jpg\" alt=\"\" class=\"wp-image-6777\" srcset=\"https:\/\/patrimoine-laroque-des-alberes.fr\/wp-content\/uploads\/2021\/03\/casot-mas-Paco_opt.jpg 400w, https:\/\/patrimoine-laroque-des-alberes.fr\/wp-content\/uploads\/2021\/03\/casot-mas-Paco_opt-300x239.jpg 300w\" sizes=\"auto, (max-width: 400px) 100vw, 400px\" \/><figcaption class=\"wp-element-caption\"><strong>Restauration du Casot se trouvant \u00e0 l&rsquo;entr\u00e9e de notre site<\/strong><\/figcaption><\/figure>\n<\/div>\n\n\n<hr class=\"wp-block-separator has-css-opacity\"\/>\n\n\n<div class=\"wp-block-image is-resized\">\n<figure class=\"aligncenter size-large\"><img loading=\"lazy\" decoding=\"async\" width=\"400\" height=\"225\" src=\"https:\/\/patrimoine-laroque-des-alberes.fr\/wp-content\/uploads\/2021\/03\/Mas-Paco-bricolage_opt.jpg\" alt=\"\" class=\"wp-image-6789\" srcset=\"https:\/\/patrimoine-laroque-des-alberes.fr\/wp-content\/uploads\/2021\/03\/Mas-Paco-bricolage_opt.jpg 400w, https:\/\/patrimoine-laroque-des-alberes.fr\/wp-content\/uploads\/2021\/03\/Mas-Paco-bricolage_opt-300x169.jpg 300w\" sizes=\"auto, (max-width: 400px) 100vw, 400px\" \/><figcaption class=\"wp-element-caption\"><strong>Entretien annuel du mat\u00e9riel<\/strong><\/figcaption><\/figure>\n<\/div>\n\n\n<hr class=\"wp-block-separator has-css-opacity\"\/>\n\n\n\n<h5 class=\"wp-block-heading has-text-align-center has-medium-font-size\">2021 : On commence l&rsquo;ann\u00e9e en nettoyant le site et en pr\u00e9parant le mat\u00e9riel<\/h5>\n\n\n\n<figure class=\"wp-block-gallery has-nested-images columns-default is-cropped wp-block-gallery-3 is-layout-flex wp-block-gallery-is-layout-flex\">\n<figure class=\"wp-block-image size-large\"><img loading=\"lazy\" decoding=\"async\" width=\"400\" height=\"300\" data-id=\"6329\" src=\"https:\/\/patrimoine-laroque-des-alberes.fr\/wp-content\/uploads\/2021\/01\/Mas-Paco-2021-01-entretien-1_opt.jpg\" alt=\"\" class=\"wp-image-6329\" srcset=\"https:\/\/patrimoine-laroque-des-alberes.fr\/wp-content\/uploads\/2021\/01\/Mas-Paco-2021-01-entretien-1_opt.jpg 400w, https:\/\/patrimoine-laroque-des-alberes.fr\/wp-content\/uploads\/2021\/01\/Mas-Paco-2021-01-entretien-1_opt-300x225.jpg 300w\" sizes=\"auto, (max-width: 400px) 100vw, 400px\" \/><\/figure>\n\n\n\n<figure class=\"wp-block-image size-large\"><img loading=\"lazy\" decoding=\"async\" width=\"400\" height=\"300\" data-id=\"6328\" src=\"https:\/\/patrimoine-laroque-des-alberes.fr\/wp-content\/uploads\/2021\/01\/Mas-paco-2021-01-entretien_opt.jpg\" alt=\"\" class=\"wp-image-6328\" srcset=\"https:\/\/patrimoine-laroque-des-alberes.fr\/wp-content\/uploads\/2021\/01\/Mas-paco-2021-01-entretien_opt.jpg 400w, https:\/\/patrimoine-laroque-des-alberes.fr\/wp-content\/uploads\/2021\/01\/Mas-paco-2021-01-entretien_opt-300x225.jpg 300w\" sizes=\"auto, (max-width: 400px) 100vw, 400px\" \/><\/figure>\n<\/figure>\n\n\n\n<figure class=\"wp-block-gallery has-nested-images columns-default is-cropped wp-block-gallery-4 is-layout-flex wp-block-gallery-is-layout-flex\">\n<figure class=\"wp-block-image size-large\"><img loading=\"lazy\" decoding=\"async\" width=\"400\" height=\"300\" data-id=\"6330\" src=\"https:\/\/patrimoine-laroque-des-alberes.fr\/wp-content\/uploads\/2021\/01\/Mas-Paco-2021-01-Entretien-2_opt.jpg\" alt=\"\" class=\"wp-image-6330\" srcset=\"https:\/\/patrimoine-laroque-des-alberes.fr\/wp-content\/uploads\/2021\/01\/Mas-Paco-2021-01-Entretien-2_opt.jpg 400w, https:\/\/patrimoine-laroque-des-alberes.fr\/wp-content\/uploads\/2021\/01\/Mas-Paco-2021-01-Entretien-2_opt-300x225.jpg 300w\" sizes=\"auto, (max-width: 400px) 100vw, 400px\" \/><\/figure>\n\n\n\n<figure class=\"wp-block-image size-large\"><img loading=\"lazy\" decoding=\"async\" width=\"400\" height=\"300\" data-id=\"6331\" src=\"https:\/\/patrimoine-laroque-des-alberes.fr\/wp-content\/uploads\/2021\/01\/Mas-Paco-2021-01-Entretien-3_opt.jpg\" alt=\"\" class=\"wp-image-6331\" srcset=\"https:\/\/patrimoine-laroque-des-alberes.fr\/wp-content\/uploads\/2021\/01\/Mas-Paco-2021-01-Entretien-3_opt.jpg 400w, https:\/\/patrimoine-laroque-des-alberes.fr\/wp-content\/uploads\/2021\/01\/Mas-Paco-2021-01-Entretien-3_opt-300x225.jpg 300w\" sizes=\"auto, (max-width: 400px) 100vw, 400px\" \/><\/figure>\n<\/figure>\n\n\n\n<hr class=\"wp-block-separator has-css-opacity\"\/>\n\n\n\n<p class=\"has-text-align-center has-medium-font-size\"><strong>2022 : En Janvier finalisation de la r\u00e9fection du mur longeant le bungalow 1<\/strong><\/p>\n\n\n\n<figure class=\"wp-block-gallery has-nested-images columns-default is-cropped wp-block-gallery-5 is-layout-flex wp-block-gallery-is-layout-flex\">\n<figure class=\"wp-block-image size-large\"><img loading=\"lazy\" decoding=\"async\" width=\"400\" height=\"300\" data-id=\"7203\" src=\"https:\/\/patrimoine-laroque-des-alberes.fr\/wp-content\/uploads\/2022\/01\/Mur-Mas-Paco-1_opt.jpg\" alt=\"\" class=\"wp-image-7203\" srcset=\"https:\/\/patrimoine-laroque-des-alberes.fr\/wp-content\/uploads\/2022\/01\/Mur-Mas-Paco-1_opt.jpg 400w, https:\/\/patrimoine-laroque-des-alberes.fr\/wp-content\/uploads\/2022\/01\/Mur-Mas-Paco-1_opt-300x225.jpg 300w\" sizes=\"auto, (max-width: 400px) 100vw, 400px\" \/><\/figure>\n\n\n\n<figure class=\"wp-block-image size-large\"><img loading=\"lazy\" decoding=\"async\" width=\"400\" height=\"300\" data-id=\"7204\" src=\"https:\/\/patrimoine-laroque-des-alberes.fr\/wp-content\/uploads\/2022\/01\/Mur-Mas-Paco-2_opt.jpg\" alt=\"\" class=\"wp-image-7204\" srcset=\"https:\/\/patrimoine-laroque-des-alberes.fr\/wp-content\/uploads\/2022\/01\/Mur-Mas-Paco-2_opt.jpg 400w, https:\/\/patrimoine-laroque-des-alberes.fr\/wp-content\/uploads\/2022\/01\/Mur-Mas-Paco-2_opt-300x225.jpg 300w\" sizes=\"auto, (max-width: 400px) 100vw, 400px\" \/><\/figure>\n<\/figure>\n\n\n\n<figure class=\"wp-block-gallery has-nested-images columns-default is-cropped wp-block-gallery-6 is-layout-flex wp-block-gallery-is-layout-flex\">\n<figure class=\"wp-block-image size-large\"><img loading=\"lazy\" decoding=\"async\" width=\"400\" height=\"300\" data-id=\"7205\" src=\"https:\/\/patrimoine-laroque-des-alberes.fr\/wp-content\/uploads\/2022\/01\/Mur-Mas-Paco-3_opt.jpg\" alt=\"\" class=\"wp-image-7205\" srcset=\"https:\/\/patrimoine-laroque-des-alberes.fr\/wp-content\/uploads\/2022\/01\/Mur-Mas-Paco-3_opt.jpg 400w, https:\/\/patrimoine-laroque-des-alberes.fr\/wp-content\/uploads\/2022\/01\/Mur-Mas-Paco-3_opt-300x225.jpg 300w\" sizes=\"auto, (max-width: 400px) 100vw, 400px\" \/><\/figure>\n\n\n\n<figure class=\"wp-block-image size-large\"><img loading=\"lazy\" decoding=\"async\" width=\"400\" height=\"300\" data-id=\"7206\" src=\"https:\/\/patrimoine-laroque-des-alberes.fr\/wp-content\/uploads\/2022\/01\/Mur-Mas-Paco-4_opt.jpg\" alt=\"\" class=\"wp-image-7206\" srcset=\"https:\/\/patrimoine-laroque-des-alberes.fr\/wp-content\/uploads\/2022\/01\/Mur-Mas-Paco-4_opt.jpg 400w, https:\/\/patrimoine-laroque-des-alberes.fr\/wp-content\/uploads\/2022\/01\/Mur-Mas-Paco-4_opt-300x225.jpg 300w\" sizes=\"auto, (max-width: 400px) 100vw, 400px\" \/><\/figure>\n<\/figure>\n\n\n\n<hr class=\"wp-block-separator has-alpha-channel-opacity\"\/>\n\n\n\n<h4 class=\"wp-block-heading has-text-align-center\">Au fil des mois le Mas Paco ne cesse de s&#8217;embellir<\/h4>\n\n\n\n<figure class=\"wp-block-gallery has-nested-images columns-default is-cropped wp-block-gallery-7 is-layout-flex wp-block-gallery-is-layout-flex\">\n<figure class=\"wp-block-image size-full\"><img loading=\"lazy\" decoding=\"async\" width=\"450\" height=\"216\" data-id=\"7518\" src=\"https:\/\/patrimoine-laroque-des-alberes.fr\/wp-content\/uploads\/2022\/12\/2022-10-07-Patrimoine-10.jpg\" alt=\"\" class=\"wp-image-7518\" srcset=\"https:\/\/patrimoine-laroque-des-alberes.fr\/wp-content\/uploads\/2022\/12\/2022-10-07-Patrimoine-10.jpg 450w, https:\/\/patrimoine-laroque-des-alberes.fr\/wp-content\/uploads\/2022\/12\/2022-10-07-Patrimoine-10-300x144.jpg 300w\" sizes=\"auto, (max-width: 450px) 100vw, 450px\" \/><\/figure>\n\n\n\n<figure class=\"wp-block-image size-full\"><img loading=\"lazy\" decoding=\"async\" width=\"500\" height=\"374\" data-id=\"7520\" src=\"https:\/\/patrimoine-laroque-des-alberes.fr\/wp-content\/uploads\/2022\/12\/20221104_124548.jpg\" alt=\"\" class=\"wp-image-7520\" srcset=\"https:\/\/patrimoine-laroque-des-alberes.fr\/wp-content\/uploads\/2022\/12\/20221104_124548.jpg 500w, https:\/\/patrimoine-laroque-des-alberes.fr\/wp-content\/uploads\/2022\/12\/20221104_124548-300x224.jpg 300w\" sizes=\"auto, (max-width: 500px) 100vw, 500px\" \/><\/figure>\n<\/figure>\n\n\n\n<hr class=\"wp-block-separator has-alpha-channel-opacity\"\/>\n\n\n\n<h2 class=\"wp-block-heading\">                                      BONNE ANNEE 2023<\/h2>\n\n\n<div class=\"wp-block-image is-resized\">\n<figure class=\"aligncenter size-full\"><img loading=\"lazy\" decoding=\"async\" width=\"500\" height=\"374\" src=\"https:\/\/patrimoine-laroque-des-alberes.fr\/wp-content\/uploads\/2023\/01\/Bonne-annee-2023.jpg\" alt=\"\" class=\"wp-image-7570\" srcset=\"https:\/\/patrimoine-laroque-des-alberes.fr\/wp-content\/uploads\/2023\/01\/Bonne-annee-2023.jpg 500w, https:\/\/patrimoine-laroque-des-alberes.fr\/wp-content\/uploads\/2023\/01\/Bonne-annee-2023-300x224.jpg 300w\" sizes=\"auto, (max-width: 500px) 100vw, 500px\" \/><\/figure>\n<\/div>\n\n\n<hr class=\"wp-block-separator has-alpha-channel-opacity\"\/>\n\n\n\n<h4 class=\"wp-block-heading\">D\u00e9but d&rsquo;ann\u00e9e, nouveau d\u00e9fi avec pr\u00e9paration d&rsquo;un nouveau mur et d\u00e9broussaillage qui r\u00e9v\u00e8le       un abri sous roche<\/h4>\n\n\n<div class=\"wp-block-image is-resized\">\n<figure class=\"aligncenter size-full\"><img loading=\"lazy\" decoding=\"async\" width=\"450\" height=\"337\" src=\"https:\/\/patrimoine-laroque-des-alberes.fr\/wp-content\/uploads\/2023\/02\/Mas-paco-2023-02-prepar-mur-1.jpg\" alt=\"\" class=\"wp-image-7688\" srcset=\"https:\/\/patrimoine-laroque-des-alberes.fr\/wp-content\/uploads\/2023\/02\/Mas-paco-2023-02-prepar-mur-1.jpg 450w, https:\/\/patrimoine-laroque-des-alberes.fr\/wp-content\/uploads\/2023\/02\/Mas-paco-2023-02-prepar-mur-1-300x225.jpg 300w\" sizes=\"auto, (max-width: 450px) 100vw, 450px\" \/><\/figure>\n<\/div>\n\n\n<figure class=\"wp-block-gallery has-nested-images columns-default is-cropped wp-block-gallery-8 is-layout-flex wp-block-gallery-is-layout-flex\">\n<figure class=\"wp-block-image size-large\"><img loading=\"lazy\" decoding=\"async\" width=\"450\" height=\"337\" data-id=\"7689\" src=\"https:\/\/patrimoine-laroque-des-alberes.fr\/wp-content\/uploads\/2023\/02\/Mas-paco-2023-02-brulage-1.jpg\" alt=\"\" class=\"wp-image-7689\" srcset=\"https:\/\/patrimoine-laroque-des-alberes.fr\/wp-content\/uploads\/2023\/02\/Mas-paco-2023-02-brulage-1.jpg 450w, https:\/\/patrimoine-laroque-des-alberes.fr\/wp-content\/uploads\/2023\/02\/Mas-paco-2023-02-brulage-1-300x225.jpg 300w\" sizes=\"auto, (max-width: 450px) 100vw, 450px\" \/><\/figure>\n\n\n\n<figure class=\"wp-block-image size-large\"><img loading=\"lazy\" decoding=\"async\" width=\"450\" height=\"337\" data-id=\"7690\" src=\"https:\/\/patrimoine-laroque-des-alberes.fr\/wp-content\/uploads\/2023\/02\/Mas-paco-2023-02-abri-sous-roche-1.jpg\" alt=\"\" class=\"wp-image-7690\" srcset=\"https:\/\/patrimoine-laroque-des-alberes.fr\/wp-content\/uploads\/2023\/02\/Mas-paco-2023-02-abri-sous-roche-1.jpg 450w, https:\/\/patrimoine-laroque-des-alberes.fr\/wp-content\/uploads\/2023\/02\/Mas-paco-2023-02-abri-sous-roche-1-300x225.jpg 300w\" sizes=\"auto, (max-width: 450px) 100vw, 450px\" \/><\/figure>\n<\/figure>\n\n\n\n<hr class=\"wp-block-separator has-alpha-channel-opacity\"\/>\n\n\n\n<h3 class=\"wp-block-heading\">Ces Dames continuent le d\u00e9broussaillage du c\u00f4t\u00e9 rivi\u00e8re et c\u00f4t\u00e9 rue. Vues avant et apr\u00e8s<\/h3>\n\n\n\n<figure class=\"wp-block-gallery has-nested-images columns-default is-cropped wp-block-gallery-9 is-layout-flex wp-block-gallery-is-layout-flex\">\n<figure class=\"wp-block-image size-large\"><img loading=\"lazy\" decoding=\"async\" width=\"800\" height=\"600\" data-id=\"7905\" src=\"https:\/\/patrimoine-laroque-des-alberes.fr\/wp-content\/uploads\/2023\/11\/Debroussaillage-rocher-avant.jpg\" alt=\"\" class=\"wp-image-7905\" srcset=\"https:\/\/patrimoine-laroque-des-alberes.fr\/wp-content\/uploads\/2023\/11\/Debroussaillage-rocher-avant.jpg 800w, https:\/\/patrimoine-laroque-des-alberes.fr\/wp-content\/uploads\/2023\/11\/Debroussaillage-rocher-avant-300x225.jpg 300w, https:\/\/patrimoine-laroque-des-alberes.fr\/wp-content\/uploads\/2023\/11\/Debroussaillage-rocher-avant-768x576.jpg 768w\" sizes=\"auto, (max-width: 800px) 100vw, 800px\" \/><\/figure>\n\n\n\n<figure class=\"wp-block-image size-large\"><img loading=\"lazy\" decoding=\"async\" width=\"800\" height=\"600\" data-id=\"7904\" src=\"https:\/\/patrimoine-laroque-des-alberes.fr\/wp-content\/uploads\/2023\/11\/Debroussaillage-rocher-apres.jpg\" alt=\"\" class=\"wp-image-7904\" srcset=\"https:\/\/patrimoine-laroque-des-alberes.fr\/wp-content\/uploads\/2023\/11\/Debroussaillage-rocher-apres.jpg 800w, https:\/\/patrimoine-laroque-des-alberes.fr\/wp-content\/uploads\/2023\/11\/Debroussaillage-rocher-apres-300x225.jpg 300w, https:\/\/patrimoine-laroque-des-alberes.fr\/wp-content\/uploads\/2023\/11\/Debroussaillage-rocher-apres-768x576.jpg 768w\" sizes=\"auto, (max-width: 800px) 100vw, 800px\" \/><\/figure>\n<\/figure>\n\n\n\n<figure class=\"wp-block-gallery has-nested-images columns-default is-cropped wp-block-gallery-10 is-layout-flex wp-block-gallery-is-layout-flex\">\n<figure class=\"wp-block-image size-large\"><img loading=\"lazy\" decoding=\"async\" width=\"800\" height=\"600\" data-id=\"7909\" src=\"https:\/\/patrimoine-laroque-des-alberes.fr\/wp-content\/uploads\/2023\/11\/Debroussaillage-rue-avant.jpg\" alt=\"\" class=\"wp-image-7909\" srcset=\"https:\/\/patrimoine-laroque-des-alberes.fr\/wp-content\/uploads\/2023\/11\/Debroussaillage-rue-avant.jpg 800w, https:\/\/patrimoine-laroque-des-alberes.fr\/wp-content\/uploads\/2023\/11\/Debroussaillage-rue-avant-300x225.jpg 300w, https:\/\/patrimoine-laroque-des-alberes.fr\/wp-content\/uploads\/2023\/11\/Debroussaillage-rue-avant-768x576.jpg 768w\" sizes=\"auto, (max-width: 800px) 100vw, 800px\" \/><\/figure>\n\n\n\n<figure class=\"wp-block-image size-large\"><img loading=\"lazy\" decoding=\"async\" width=\"800\" height=\"600\" data-id=\"7908\" src=\"https:\/\/patrimoine-laroque-des-alberes.fr\/wp-content\/uploads\/2023\/11\/Debroussaillage-rue-apres.jpg\" alt=\"\" class=\"wp-image-7908\" srcset=\"https:\/\/patrimoine-laroque-des-alberes.fr\/wp-content\/uploads\/2023\/11\/Debroussaillage-rue-apres.jpg 800w, https:\/\/patrimoine-laroque-des-alberes.fr\/wp-content\/uploads\/2023\/11\/Debroussaillage-rue-apres-300x225.jpg 300w, https:\/\/patrimoine-laroque-des-alberes.fr\/wp-content\/uploads\/2023\/11\/Debroussaillage-rue-apres-768x576.jpg 768w\" sizes=\"auto, (max-width: 800px) 100vw, 800px\" \/><\/figure>\n<\/figure>\n\n\n\n<h3 class=\"wp-block-heading\">Et les hommes ont termin\u00e9 le mur avec son escalier montant aux fouilles<\/h3>\n\n\n\n<figure class=\"wp-block-gallery has-nested-images columns-default is-cropped wp-block-gallery-11 is-layout-flex wp-block-gallery-is-layout-flex\">\n<figure class=\"wp-block-image size-large\"><img loading=\"lazy\" decoding=\"async\" width=\"600\" height=\"291\" data-id=\"7916\" src=\"https:\/\/patrimoine-laroque-des-alberes.fr\/wp-content\/uploads\/2023\/11\/Mur-derriere-bureau.jpg\" alt=\"\" class=\"wp-image-7916\" srcset=\"https:\/\/patrimoine-laroque-des-alberes.fr\/wp-content\/uploads\/2023\/11\/Mur-derriere-bureau.jpg 600w, https:\/\/patrimoine-laroque-des-alberes.fr\/wp-content\/uploads\/2023\/11\/Mur-derriere-bureau-300x146.jpg 300w\" sizes=\"auto, (max-width: 600px) 100vw, 600px\" \/><\/figure>\n\n\n\n<figure class=\"wp-block-image size-large\"><img loading=\"lazy\" decoding=\"async\" width=\"388\" height=\"800\" data-id=\"7913\" src=\"https:\/\/patrimoine-laroque-des-alberes.fr\/wp-content\/uploads\/2023\/11\/Mur-arriere-bureau-escalier.jpg\" alt=\"\" class=\"wp-image-7913\" srcset=\"https:\/\/patrimoine-laroque-des-alberes.fr\/wp-content\/uploads\/2023\/11\/Mur-arriere-bureau-escalier.jpg 388w, https:\/\/patrimoine-laroque-des-alberes.fr\/wp-content\/uploads\/2023\/11\/Mur-arriere-bureau-escalier-146x300.jpg 146w\" sizes=\"auto, (max-width: 388px) 100vw, 388px\" \/><\/figure>\n<\/figure>\n\n\n\n<hr class=\"wp-block-separator has-alpha-channel-opacity\"\/>\n\n\n\n<h2 class=\"wp-block-heading has-text-align-center\"><strong>DEJA 2024<\/strong><\/h2>\n\n\n\n<h3 class=\"wp-block-heading\">On affute les outils pour bien entamer l&rsquo;ann\u00e9e<\/h3>\n\n\n<div class=\"wp-block-image\">\n<figure class=\"aligncenter size-full\"><img loading=\"lazy\" decoding=\"async\" width=\"700\" height=\"525\" src=\"https:\/\/patrimoine-laroque-des-alberes.fr\/wp-content\/uploads\/2024\/03\/2024-01-affutage-outils.jpg\" alt=\"\" class=\"wp-image-8000\" srcset=\"https:\/\/patrimoine-laroque-des-alberes.fr\/wp-content\/uploads\/2024\/03\/2024-01-affutage-outils.jpg 700w, https:\/\/patrimoine-laroque-des-alberes.fr\/wp-content\/uploads\/2024\/03\/2024-01-affutage-outils-300x225.jpg 300w\" sizes=\"auto, (max-width: 700px) 100vw, 700px\" \/><\/figure>\n<\/div>\n\n\n<h3 class=\"wp-block-heading\">Et les travailleuses ont repris le d\u00e9broussaillage<\/h3>\n\n\n\n<figure class=\"wp-block-gallery has-nested-images columns-default is-cropped wp-block-gallery-12 is-layout-flex wp-block-gallery-is-layout-flex\">\n<figure class=\"wp-block-image size-large\"><img loading=\"lazy\" decoding=\"async\" width=\"800\" height=\"600\" data-id=\"8004\" src=\"https:\/\/patrimoine-laroque-des-alberes.fr\/wp-content\/uploads\/2024\/03\/2024-02-3-et-4-travailleuse.jpg\" alt=\"\" class=\"wp-image-8004\" srcset=\"https:\/\/patrimoine-laroque-des-alberes.fr\/wp-content\/uploads\/2024\/03\/2024-02-3-et-4-travailleuse.jpg 800w, https:\/\/patrimoine-laroque-des-alberes.fr\/wp-content\/uploads\/2024\/03\/2024-02-3-et-4-travailleuse-300x225.jpg 300w, https:\/\/patrimoine-laroque-des-alberes.fr\/wp-content\/uploads\/2024\/03\/2024-02-3-et-4-travailleuse-768x576.jpg 768w\" sizes=\"auto, (max-width: 800px) 100vw, 800px\" \/><\/figure>\n\n\n\n<figure class=\"wp-block-image size-large\"><img loading=\"lazy\" decoding=\"async\" width=\"800\" height=\"600\" data-id=\"8003\" src=\"https:\/\/patrimoine-laroque-des-alberes.fr\/wp-content\/uploads\/2024\/03\/2024-02-2eme-travailleuse.jpg\" alt=\"\" class=\"wp-image-8003\" srcset=\"https:\/\/patrimoine-laroque-des-alberes.fr\/wp-content\/uploads\/2024\/03\/2024-02-2eme-travailleuse.jpg 800w, https:\/\/patrimoine-laroque-des-alberes.fr\/wp-content\/uploads\/2024\/03\/2024-02-2eme-travailleuse-300x225.jpg 300w, https:\/\/patrimoine-laroque-des-alberes.fr\/wp-content\/uploads\/2024\/03\/2024-02-2eme-travailleuse-768x576.jpg 768w\" sizes=\"auto, (max-width: 800px) 100vw, 800px\" \/><\/figure>\n\n\n\n<figure class=\"wp-block-image size-large\"><img loading=\"lazy\" decoding=\"async\" width=\"800\" height=\"600\" data-id=\"8002\" src=\"https:\/\/patrimoine-laroque-des-alberes.fr\/wp-content\/uploads\/2024\/03\/2024-02-1-travailleuse.jpg\" alt=\"\" class=\"wp-image-8002\" srcset=\"https:\/\/patrimoine-laroque-des-alberes.fr\/wp-content\/uploads\/2024\/03\/2024-02-1-travailleuse.jpg 800w, https:\/\/patrimoine-laroque-des-alberes.fr\/wp-content\/uploads\/2024\/03\/2024-02-1-travailleuse-300x225.jpg 300w, https:\/\/patrimoine-laroque-des-alberes.fr\/wp-content\/uploads\/2024\/03\/2024-02-1-travailleuse-768x576.jpg 768w\" sizes=\"auto, (max-width: 800px) 100vw, 800px\" \/><\/figure>\n<\/figure>\n\n\n\n<h3 class=\"wp-block-heading\">Il manque la 5\u00e8me travailleuse ?? Elle est toujours derri\u00e8re son appareil photo ??<\/h3>\n\n\n<div class=\"wp-block-image\">\n<figure class=\"aligncenter size-large is-resized\"><img loading=\"lazy\" decoding=\"async\" width=\"824\" height=\"1024\" src=\"https:\/\/patrimoine-laroque-des-alberes.fr\/wp-content\/uploads\/2024\/04\/Jocelyne-824x1024.jpg\" alt=\"\" class=\"wp-image-8125\" style=\"width:245px;height:auto\" srcset=\"https:\/\/patrimoine-laroque-des-alberes.fr\/wp-content\/uploads\/2024\/04\/Jocelyne-824x1024.jpg 824w, https:\/\/patrimoine-laroque-des-alberes.fr\/wp-content\/uploads\/2024\/04\/Jocelyne-242x300.jpg 242w, https:\/\/patrimoine-laroque-des-alberes.fr\/wp-content\/uploads\/2024\/04\/Jocelyne-768x954.jpg 768w, https:\/\/patrimoine-laroque-des-alberes.fr\/wp-content\/uploads\/2024\/04\/Jocelyne-1237x1536.jpg 1237w, https:\/\/patrimoine-laroque-des-alberes.fr\/wp-content\/uploads\/2024\/04\/Jocelyne.jpg 1268w\" sizes=\"auto, (max-width: 824px) 100vw, 824px\" \/><figcaption class=\"wp-element-caption\">La voici<\/figcaption><\/figure>\n<\/div>\n\n\n<hr class=\"wp-block-separator has-alpha-channel-opacity\"\/>\n\n\n\n<h3 class=\"wp-block-heading\">En juin, \u00e7\u00e0 repousse, mais ces dames sont l\u00e0 pour la chasse aux herbes envahissantes.<\/h3>\n\n\n\n<figure class=\"wp-block-gallery has-nested-images columns-default is-cropped wp-block-gallery-13 is-layout-flex wp-block-gallery-is-layout-flex\">\n<figure class=\"wp-block-image size-large\"><img loading=\"lazy\" decoding=\"async\" width=\"600\" height=\"449\" data-id=\"8205\" src=\"https:\/\/patrimoine-laroque-des-alberes.fr\/wp-content\/uploads\/2024\/09\/2024-06-debroussaillage-fouilles.jpg\" alt=\"\" class=\"wp-image-8205\" srcset=\"https:\/\/patrimoine-laroque-des-alberes.fr\/wp-content\/uploads\/2024\/09\/2024-06-debroussaillage-fouilles.jpg 600w, https:\/\/patrimoine-laroque-des-alberes.fr\/wp-content\/uploads\/2024\/09\/2024-06-debroussaillage-fouilles-300x225.jpg 300w\" sizes=\"auto, (max-width: 600px) 100vw, 600px\" \/><\/figure>\n\n\n\n<figure class=\"wp-block-image size-large\"><img loading=\"lazy\" decoding=\"async\" width=\"600\" height=\"449\" data-id=\"8204\" src=\"https:\/\/patrimoine-laroque-des-alberes.fr\/wp-content\/uploads\/2024\/09\/2024-06-debroussaillage.jpg\" alt=\"\" class=\"wp-image-8204\" srcset=\"https:\/\/patrimoine-laroque-des-alberes.fr\/wp-content\/uploads\/2024\/09\/2024-06-debroussaillage.jpg 600w, https:\/\/patrimoine-laroque-des-alberes.fr\/wp-content\/uploads\/2024\/09\/2024-06-debroussaillage-300x225.jpg 300w\" sizes=\"auto, (max-width: 600px) 100vw, 600px\" \/><\/figure>\n<\/figure>\n\n\n\n<hr class=\"wp-block-separator has-alpha-channel-opacity\"\/>\n\n\n\n<h2 class=\"wp-block-heading\">                             2025 L&rsquo;herbe pousse toujours<\/h2>\n\n\n<div class=\"wp-block-image\">\n<figure class=\"aligncenter size-full is-resized\"><img loading=\"lazy\" decoding=\"async\" width=\"600\" height=\"450\" src=\"https:\/\/patrimoine-laroque-des-alberes.fr\/wp-content\/uploads\/2025\/04\/20240906_095251.jpg\" alt=\"\" class=\"wp-image-8374\" style=\"width:448px;height:auto\" srcset=\"https:\/\/patrimoine-laroque-des-alberes.fr\/wp-content\/uploads\/2025\/04\/20240906_095251.jpg 600w, https:\/\/patrimoine-laroque-des-alberes.fr\/wp-content\/uploads\/2025\/04\/20240906_095251-300x225.jpg 300w\" sizes=\"auto, (max-width: 600px) 100vw, 600px\" \/><\/figure>\n<\/div>","protected":false},"excerpt":{"rendered":"<p>Am\u00e9nagement du site : 2015 2021 : On commence l&rsquo;ann\u00e9e en nettoyant le site et en pr\u00e9parant le mat\u00e9riel 2022 : En Janvier finalisation de la r\u00e9fection du mur longeant le bungalow 1 Au fil des mois le Mas Paco ne cesse de s&#8217;embellir BONNE ANNEE 2023 D\u00e9but d&rsquo;ann\u00e9e, nouveau [&hellip;]<\/p>\n","protected":false},"author":1,"featured_media":4983,"parent":0,"menu_order":0,"comment_status":"closed","ping_status":"closed","template":"","meta":{"_monsterinsights_skip_tracking":false,"_monsterinsights_sitenote_active":false,"_monsterinsights_sitenote_note":"","_monsterinsights_sitenote_category":0,"footnotes":""},"class_list":["post-6695","page","type-page","status-publish","has-post-thumbnail","hentry"],"_links":{"self":[{"href":"https:\/\/patrimoine-laroque-des-alberes.fr\/index.php?rest_route=\/wp\/v2\/pages\/6695","targetHints":{"allow":["GET"]}}],"collection":[{"href":"https:\/\/patrimoine-laroque-des-alberes.fr\/index.php?rest_route=\/wp\/v2\/pages"}],"about":[{"href":"https:\/\/patrimoine-laroque-des-alberes.fr\/index.php?rest_route=\/wp\/v2\/types\/page"}],"author":[{"embeddable":true,"href":"https:\/\/patrimoine-laroque-des-alberes.fr\/index.php?rest_route=\/wp\/v2\/users\/1"}],"replies":[{"embeddable":true,"href":"https:\/\/patrimoine-laroque-des-alberes.fr\/index.php?rest_route=%2Fwp%2Fv2%2Fcomments&post=6695"}],"version-history":[{"count":29,"href":"https:\/\/patrimoine-laroque-des-alberes.fr\/index.php?rest_route=\/wp\/v2\/pages\/6695\/revisions"}],"predecessor-version":[{"id":8377,"href":"https:\/\/patrimoine-laroque-des-alberes.fr\/index.php?rest_route=\/wp\/v2\/pages\/6695\/revisions\/8377"}],"wp:featuredmedia":[{"embeddable":true,"href":"https:\/\/patrimoine-laroque-des-alberes.fr\/index.php?rest_route=\/wp\/v2\/media\/4983"}],"wp:attachment":[{"href":"https:\/\/patrimoine-laroque-des-alberes.fr\/index.php?rest_route=%2Fwp%2Fv2%2Fmedia&parent=6695"}],"curies":[{"name":"wp","href":"https:\/\/api.w.org\/{rel}","templated":true}]}}