{"id":7594,"date":"2023-02-05T18:03:11","date_gmt":"2023-02-05T18:03:11","guid":{"rendered":"http:\/\/patrimoine-laroque-des-alberes.fr\/?page_id=7594"},"modified":"2023-04-29T18:06:58","modified_gmt":"2023-04-29T18:06:58","slug":"rapports-dassemblee-generale","status":"publish","type":"page","link":"https:\/\/patrimoine-laroque-des-alberes.fr\/?page_id=7594","title":{"rendered":"Rapports d&rsquo;Assembl\u00e9e g\u00e9n\u00e9rale"},"content":{"rendered":"\n<h2 class=\"wp-block-heading\">21 JANVIER 2023<\/h2>\n\n\n<div class=\"wp-block-image\">\n<figure class=\"aligncenter size-full\"><img loading=\"lazy\" decoding=\"async\" width=\"550\" height=\"412\" src=\"https:\/\/patrimoine-laroque-des-alberes.fr\/wp-content\/uploads\/2023\/02\/AG-2023-salle1.jpg\" alt=\"\" class=\"wp-image-7630\" srcset=\"https:\/\/patrimoine-laroque-des-alberes.fr\/wp-content\/uploads\/2023\/02\/AG-2023-salle1.jpg 550w, https:\/\/patrimoine-laroque-des-alberes.fr\/wp-content\/uploads\/2023\/02\/AG-2023-salle1-300x225.jpg 300w\" sizes=\"auto, (max-width: 550px) 100vw, 550px\" \/><\/figure>\n<\/div>\n\n\n<div class=\"wp-block-file\"><a id=\"wp-block-file--media-23f65196-eb24-49f7-89d5-a3cde802fa64\" href=\"https:\/\/patrimoine-laroque-des-alberes.fr\/wp-content\/uploads\/2023\/02\/AG-2023-01-21.docx\">AG-2023-01-21<\/a><a href=\"https:\/\/patrimoine-laroque-des-alberes.fr\/wp-content\/uploads\/2023\/02\/AG-2023-01-21.docx\" class=\"wp-block-file__button wp-element-button\" download aria-describedby=\"wp-block-file--media-23f65196-eb24-49f7-89d5-a3cde802fa64\">T\u00e9l\u00e9charger<\/a><\/div>\n\n\n\n<hr class=\"wp-block-separator has-alpha-channel-opacity\"\/>\n\n\n\n<h2 class=\"wp-block-heading\">15 JANVIER 2022<\/h2>\n\n\n<div class=\"wp-block-image\">\n<figure class=\"aligncenter size-full is-resized\"><img loading=\"lazy\" decoding=\"async\" src=\"https:\/\/patrimoine-laroque-des-alberes.fr\/wp-content\/uploads\/2023\/02\/AG-salle-2021.jpg\" alt=\"\" class=\"wp-image-7704\" width=\"543\" height=\"407\" srcset=\"https:\/\/patrimoine-laroque-des-alberes.fr\/wp-content\/uploads\/2023\/02\/AG-salle-2021.jpg 600w, https:\/\/patrimoine-laroque-des-alberes.fr\/wp-content\/uploads\/2023\/02\/AG-salle-2021-300x225.jpg 300w\" sizes=\"auto, (max-width: 543px) 100vw, 543px\" \/><\/figure>\n<\/div>\n\n\n<div class=\"wp-block-file\"><a id=\"wp-block-file--media-7ff9eb22-7db0-496c-8737-6778300e149d\" href=\"https:\/\/patrimoine-laroque-des-alberes.fr\/wp-content\/uploads\/2023\/02\/AG-2022-01-15.docx\">AG-2022-01-15<\/a><a href=\"https:\/\/patrimoine-laroque-des-alberes.fr\/wp-content\/uploads\/2023\/02\/AG-2022-01-15.docx\" class=\"wp-block-file__button wp-element-button\" download aria-describedby=\"wp-block-file--media-7ff9eb22-7db0-496c-8737-6778300e149d\">T\u00e9l\u00e9charger<\/a><\/div>\n\n\n\n<hr class=\"wp-block-separator has-alpha-channel-opacity\"\/>\n\n\n\n<h2 class=\"wp-block-heading\">19 JUIN 2021<\/h2>\n\n\n<div class=\"wp-block-image\">\n<figure class=\"aligncenter size-full is-resized\"><img loading=\"lazy\" decoding=\"async\" src=\"https:\/\/patrimoine-laroque-des-alberes.fr\/wp-content\/uploads\/2023\/02\/AG-2021-06-19-salle.jpg\" alt=\"\" class=\"wp-image-7708\" width=\"562\" height=\"259\" srcset=\"https:\/\/patrimoine-laroque-des-alberes.fr\/wp-content\/uploads\/2023\/02\/AG-2021-06-19-salle.jpg 800w, https:\/\/patrimoine-laroque-des-alberes.fr\/wp-content\/uploads\/2023\/02\/AG-2021-06-19-salle-300x138.jpg 300w, https:\/\/patrimoine-laroque-des-alberes.fr\/wp-content\/uploads\/2023\/02\/AG-2021-06-19-salle-768x354.jpg 768w\" sizes=\"auto, (max-width: 562px) 100vw, 562px\" \/><\/figure>\n<\/div>\n\n\n<div class=\"wp-block-file\"><a id=\"wp-block-file--media-ceac2c1d-363b-4a46-b0b5-4a860e35d8a6\" href=\"https:\/\/patrimoine-laroque-des-alberes.fr\/wp-content\/uploads\/2023\/02\/AG-2021-06-16.docx\">AG-2021-06-16<\/a><a href=\"https:\/\/patrimoine-laroque-des-alberes.fr\/wp-content\/uploads\/2023\/02\/AG-2021-06-16.docx\" class=\"wp-block-file__button wp-element-button\" download aria-describedby=\"wp-block-file--media-ceac2c1d-363b-4a46-b0b5-4a860e35d8a6\">T\u00e9l\u00e9charger<\/a><\/div>\n\n\n\n<hr class=\"wp-block-separator has-alpha-channel-opacity\"\/>\n","protected":false},"excerpt":{"rendered":"<p>21 JANVIER 2023 15 JANVIER 2022 19 JUIN 2021<\/p>\n","protected":false},"author":1,"featured_media":7664,"parent":0,"menu_order":0,"comment_status":"closed","ping_status":"closed","template":"","meta":{"_monsterinsights_skip_tracking":false,"_monsterinsights_sitenote_active":false,"_monsterinsights_sitenote_note":"","_monsterinsights_sitenote_category":0,"footnotes":""},"class_list":["post-7594","page","type-page","status-publish","has-post-thumbnail","hentry"],"_links":{"self":[{"href":"https:\/\/patrimoine-laroque-des-alberes.fr\/index.php?rest_route=\/wp\/v2\/pages\/7594","targetHints":{"allow":["GET"]}}],"collection":[{"href":"https:\/\/patrimoine-laroque-des-alberes.fr\/index.php?rest_route=\/wp\/v2\/pages"}],"about":[{"href":"https:\/\/patrimoine-laroque-des-alberes.fr\/index.php?rest_route=\/wp\/v2\/types\/page"}],"author":[{"embeddable":true,"href":"https:\/\/patrimoine-laroque-des-alberes.fr\/index.php?rest_route=\/wp\/v2\/users\/1"}],"replies":[{"embeddable":true,"href":"https:\/\/patrimoine-laroque-des-alberes.fr\/index.php?rest_route=%2Fwp%2Fv2%2Fcomments&post=7594"}],"version-history":[{"count":13,"href":"https:\/\/patrimoine-laroque-des-alberes.fr\/index.php?rest_route=\/wp\/v2\/pages\/7594\/revisions"}],"predecessor-version":[{"id":7772,"href":"https:\/\/patrimoine-laroque-des-alberes.fr\/index.php?rest_route=\/wp\/v2\/pages\/7594\/revisions\/7772"}],"wp:featuredmedia":[{"embeddable":true,"href":"https:\/\/patrimoine-laroque-des-alberes.fr\/index.php?rest_route=\/wp\/v2\/media\/7664"}],"wp:attachment":[{"href":"https:\/\/patrimoine-laroque-des-alberes.fr\/index.php?rest_route=%2Fwp%2Fv2%2Fmedia&parent=7594"}],"curies":[{"name":"wp","href":"https:\/\/api.w.org\/{rel}","templated":true}]}}