{"id":7633,"date":"2023-02-06T10:19:25","date_gmt":"2023-02-06T10:19:25","guid":{"rendered":"http:\/\/patrimoine-laroque-des-alberes.fr\/?page_id=7633"},"modified":"2024-01-13T16:14:21","modified_gmt":"2024-01-13T16:14:21","slug":"autres","status":"publish","type":"page","link":"https:\/\/patrimoine-laroque-des-alberes.fr\/?page_id=7633","title":{"rendered":"AUTRES"},"content":{"rendered":"\n<h2 class=\"wp-block-heading\">2023<\/h2>\n\n\n\n<p>Plantation d&rsquo;une haie v\u00e9g\u00e9tale, avec les enfants de plusieurs classes primaires de l&rsquo;\u00e9cole communale. Cette haie, le long de la piste cyclable permettra aux cyclistes de rouler \u00e0 l&rsquo;ombre.<\/p>\n\n\n\n<figure class=\"wp-block-gallery has-nested-images columns-default is-cropped wp-block-gallery-2 is-layout-flex wp-block-gallery-is-layout-flex\">\n<figure class=\"wp-block-image size-large\"><img loading=\"lazy\" decoding=\"async\" width=\"500\" height=\"375\" data-id=\"7636\" src=\"https:\/\/patrimoine-laroque-des-alberes.fr\/wp-content\/uploads\/2023\/02\/20230127_095535.jpg\" alt=\"\" class=\"wp-image-7636\" srcset=\"https:\/\/patrimoine-laroque-des-alberes.fr\/wp-content\/uploads\/2023\/02\/20230127_095535.jpg 500w, https:\/\/patrimoine-laroque-des-alberes.fr\/wp-content\/uploads\/2023\/02\/20230127_095535-300x225.jpg 300w\" sizes=\"auto, (max-width: 500px) 100vw, 500px\" \/><\/figure>\n\n\n\n<figure class=\"wp-block-image size-large\"><img loading=\"lazy\" decoding=\"async\" width=\"500\" height=\"375\" data-id=\"7637\" src=\"https:\/\/patrimoine-laroque-des-alberes.fr\/wp-content\/uploads\/2023\/02\/20230127_095513.jpg\" alt=\"\" class=\"wp-image-7637\" srcset=\"https:\/\/patrimoine-laroque-des-alberes.fr\/wp-content\/uploads\/2023\/02\/20230127_095513.jpg 500w, https:\/\/patrimoine-laroque-des-alberes.fr\/wp-content\/uploads\/2023\/02\/20230127_095513-300x225.jpg 300w\" sizes=\"auto, (max-width: 500px) 100vw, 500px\" \/><\/figure>\n<\/figure>\n","protected":false},"excerpt":{"rendered":"<p>2023 Plantation d&rsquo;une haie v\u00e9g\u00e9tale, avec les enfants de plusieurs classes primaires de l&rsquo;\u00e9cole communale. Cette haie, le long de la piste cyclable permettra aux cyclistes de rouler \u00e0 l&rsquo;ombre.<\/p>\n","protected":false},"author":1,"featured_media":0,"parent":0,"menu_order":0,"comment_status":"closed","ping_status":"closed","template":"","meta":{"_monsterinsights_skip_tracking":false,"_monsterinsights_sitenote_active":false,"_monsterinsights_sitenote_note":"","_monsterinsights_sitenote_category":0,"footnotes":""},"class_list":["post-7633","page","type-page","status-publish","hentry"],"_links":{"self":[{"href":"https:\/\/patrimoine-laroque-des-alberes.fr\/index.php?rest_route=\/wp\/v2\/pages\/7633","targetHints":{"allow":["GET"]}}],"collection":[{"href":"https:\/\/patrimoine-laroque-des-alberes.fr\/index.php?rest_route=\/wp\/v2\/pages"}],"about":[{"href":"https:\/\/patrimoine-laroque-des-alberes.fr\/index.php?rest_route=\/wp\/v2\/types\/page"}],"author":[{"embeddable":true,"href":"https:\/\/patrimoine-laroque-des-alberes.fr\/index.php?rest_route=\/wp\/v2\/users\/1"}],"replies":[{"embeddable":true,"href":"https:\/\/patrimoine-laroque-des-alberes.fr\/index.php?rest_route=%2Fwp%2Fv2%2Fcomments&post=7633"}],"version-history":[{"count":2,"href":"https:\/\/patrimoine-laroque-des-alberes.fr\/index.php?rest_route=\/wp\/v2\/pages\/7633\/revisions"}],"predecessor-version":[{"id":7944,"href":"https:\/\/patrimoine-laroque-des-alberes.fr\/index.php?rest_route=\/wp\/v2\/pages\/7633\/revisions\/7944"}],"wp:attachment":[{"href":"https:\/\/patrimoine-laroque-des-alberes.fr\/index.php?rest_route=%2Fwp%2Fv2%2Fmedia&parent=7633"}],"curies":[{"name":"wp","href":"https:\/\/api.w.org\/{rel}","templated":true}]}}