{"id":7722,"date":"2023-03-25T10:59:35","date_gmt":"2023-03-25T10:59:35","guid":{"rendered":"https:\/\/patrimoine-laroque-des-alberes.fr\/?page_id=7722"},"modified":"2023-04-07T16:29:10","modified_gmt":"2023-04-07T16:29:10","slug":"pierre-soulages-le-maitre-du-noir","status":"publish","type":"page","link":"https:\/\/patrimoine-laroque-des-alberes.fr\/?page_id=7722","title":{"rendered":"Pierre Soulages, le Ma\u00eetre du Noir"},"content":{"rendered":"\n<p><strong>Salle Cami Clos Laroque-des-Alb\u00e8res<\/strong>     Samedi 18 Mars 2023<\/p>\n\n\n\n<hr class=\"wp-block-separator has-alpha-channel-opacity\"\/>\n\n\n\n<h3 class=\"wp-block-heading\">PIERRE SOULAGES, LE MA\u00ceTRE DE L&rsquo;OUTRENOIR<\/h3>\n\n\n\n<p>&nbsp;&nbsp;&nbsp;&nbsp;&nbsp;&nbsp;&nbsp;&nbsp;&nbsp;&nbsp;&nbsp;&nbsp;&nbsp;&nbsp;&nbsp;&nbsp;&nbsp;&nbsp;&nbsp;&nbsp;&nbsp;&nbsp;&nbsp;&nbsp;&nbsp;&nbsp;&nbsp;&nbsp;&nbsp;&nbsp;&nbsp;&nbsp;&nbsp;&nbsp; \u00ab <em>C&rsquo;est ce que je fais <\/em><em>qui m&rsquo;apprend ce que je cherche. <\/em>\u00bb<\/p>\n\n\n\n<p><strong>Pauline raconte l&rsquo;art<\/strong><\/p>\n\n\n\n<p>Guide-conf\u00e9renci\u00e8re<\/p>\n\n\n\n<hr class=\"wp-block-separator has-alpha-channel-opacity\"\/>\n\n\n\n<h2 class=\"wp-block-heading\">                                Citations <strong>de Pierre Soulages<\/strong><\/h2>\n\n\n\n<p class=\"has-text-align-center\">\u00ab <em>Je trouve fascinant que les hommes<\/em> <em>soient descendus dans les endroits les plus sombres, <\/em>dans le noir total de la grotte, pour y peindre avec\u2026 du noir.<\/p>\n\n\n\n<p class=\"has-text-align-center\"><em>La couleur noire est une couleur d\u2019origine.<\/em><\/p>\n\n\n\n<p class=\"has-text-align-center\"><em>Et aussi de notre origine.<\/em><\/p>\n\n\n\n<p class=\"has-text-align-center\"><em>Avant de na\u00eetre, avant de \u00a0\u00bbvoir le jour\u00a0\u00bb , <\/em>nous sommes tous dans le noir. \u00bb<\/p>\n\n\n\n<p class=\"has-text-align-center\">\u00ab <em>Ce que je voulais s\u00e9rieusement faire avec mon encre noire, <\/em>c\u2019\u00e9tait rendre le blanc du papier plus blanc,<\/p>\n\n\n\n<p class=\"has-text-align-center\"><em>plus lumineux, comme la neige. <\/em>\u00bb<\/p>\n\n\n\n<p class=\"has-text-align-center\">\u00ab <em>La peinture est avant tout <\/em>une exp\u00e9rience po\u00e9tique. \u00bb<\/p>\n\n\n\n<p class=\"has-text-align-center\">\u00ab <em>Mon instrument n\u2019est pas le noir <\/em>mais la lumi\u00e8re r\u00e9fl\u00e9chie par le noir. \u00bb<\/p>\n\n\n\n<h4 class=\"wp-block-heading has-text-align-center\">                                            \u00ab Le noir a des possibilit\u00e9s insoup\u00e7onn\u00e9es et,                                               attentif \u00e0 ce que j\u2019ignore, je vais \u00e0 leur rencontre. \u00bb<\/h4>\n\n\n\n<p class=\"has-text-align-center\">\u00ab <em>La r\u00e9alit\u00e9 d&rsquo;une \u0153uvre,c&rsquo;est le triple rapport qui s&rsquo;\u00e9tablit entre<\/em> <em>la chose qu&rsquo;elle est, le peintre qui l&rsquo;a produite <\/em>et celui qui la regarde. \u00bb<\/p>\n\n\n\n<p class=\"has-text-align-center\">\u00ab <em>Peindre tel que je peins m\u2019enracine chaque fois davantage <\/em>dans le monde que je vis. \u00bb<\/p>\n\n\n\n<hr class=\"wp-block-separator has-alpha-channel-opacity\"\/>\n\n\n\n<h2 class=\"wp-block-heading\">Emmanuelle Stein, <strong>\u00e0 propos de Pierre Soulages (11 Mai 1967)<\/strong><\/h2>\n\n\n\n<p class=\"has-text-align-center\">\u00ab <em>Soulages vou\u00e9 au noir, certes, que ne l&rsquo;a-t-on r\u00e9p\u00e9t\u00e9,<\/em> tant a surpris ce retour r\u00e9volutionnaire \u00e0 une couleur <em>qu&rsquo;on avait rarement su faire chanter aussi magnifiquement <\/em>depuis la grande p\u00e9riode de l&rsquo;\u00e9cole hollandaise.<\/p>\n\n\n\n<p class=\"has-text-align-center\"><em>Mais quel noir ? Il en a cent.<\/em><\/p>\n\n\n\n<p class=\"has-text-align-center\"><em>Mat, luisant, onctueux, lisse ou rugueux, froid ou chaleureux,il emprunte aussi bien \u00e0 l&rsquo;\u00e9corce de l&rsquo;arbre qu&rsquo;\u00e0 la suie, au goudron, <\/em>\u00e0 la tourbe qu&rsquo;\u00e0 l&rsquo;humus, au bois calcin\u00e9 des vieilles poutres. \u00bb<\/p>\n\n\n\n<hr class=\"wp-block-separator has-alpha-channel-opacity\"\/>\n\n\n\n<h2 class=\"wp-block-heading\">Fabrice Midal,  entretien avec Pierre Soulages <strong>(2009)<\/strong><\/h2>\n\n\n\n<p class=\"has-text-align-center\">\u00ab <em>Je suis toujours un peu g\u00ean\u00e9<\/em> <em>par les peintres qui se disent abstraits <\/em>et qui dessinent des formes g\u00e9om\u00e9triques.<\/p>\n\n\n\n<p class=\"has-text-align-center\"><em>On y reconna\u00eet l\u00e0 un rond, l\u00e0 un triangle.<\/em><\/p>\n\n\n\n<p class=\"has-text-align-center\"><em>Je me suis engag\u00e9, pour ma part, <\/em>dans une abstraction radicale.<\/p>\n\n\n\n<p class=\"has-text-align-center\"><em>Pour cette raison, il m&rsquo;a toujours sembl\u00e9 \u00e9trange <\/em>de donner un titre \u00e0 un tableau abstrait.<\/p>\n\n\n\n<p class=\"has-text-align-center\"><em>Mes tableaux n&rsquo;expriment rien<\/em><\/p>\n\n\n\n<p class=\"has-text-align-center\"><em>mes \u00e9tats d&rsquo;\u00e2mes ne me semblent pas devoir \u00eatre montr\u00e9 \u2014 <\/em>et je ne repr\u00e9sente rien.<\/p>\n\n\n\n<p class=\"has-text-align-center\"><em>Mes titres sont neutres.<\/em><\/p>\n\n\n\n<p class=\"has-text-align-center\"><em>Ils donnent la dimension et la date <\/em>o\u00f9 le tableau a \u00e9t\u00e9 achev\u00e9. \u00bb<\/p>\n\n\n\n<hr class=\"wp-block-separator has-alpha-channel-opacity\"\/>\n\n\n\n<h2 class=\"wp-block-heading\">Christian Bobin, <strong>\u00e0 propos de Pierre Soulages<\/strong><\/h2>\n\n\n\n<p class=\"has-text-align-center\">\u00ab <em>Ce qui me bouleverse, dans son travail, <\/em>c\u2019est qu\u2019il est all\u00e9 tr\u00e8s loin.<\/p>\n\n\n\n<p class=\"has-text-align-center\"><em>Je ne dis pas que c\u2019est volontaire chez lui.<\/em><\/p>\n\n\n\n<p class=\"has-text-align-center\"><em>Pierre Soulages est le serviteur, non pas du noir, <\/em>mais d\u2019une extr\u00e9mit\u00e9 de la pens\u00e9e.<\/p>\n\n\n\n<p class=\"has-text-align-center\"><em>C\u2019est un penseur et un po\u00e8te, <\/em>autant sinon davantage qu\u2019un peintre.<\/p>\n\n\n\n<p class=\"has-text-align-center\"><em>C\u2019est la vibration de ces trois ordres <\/em>qui me touche dans son travail.<\/p>\n\n\n\n<p class=\"has-text-align-center\"><em>La pens\u00e9e, le po\u00e8me et la mati\u00e8re argileuse, glaireuse, <\/em>la lave noire qu\u2019il triture.<\/p>\n\n\n\n<p class=\"has-text-align-center\"><em>Mat\u00e9riellement, il a affaire avec<\/em> <em>ce dont on ne veut plus entendre parler, <\/em>avec une sorte de boue, de glu. \u00bb<\/p>\n\n\n\n<hr class=\"wp-block-separator has-alpha-channel-opacity\"\/>\n\n\n\n<p><strong>LOMBRE, LA<em> <\/em>LUMIERE DU NOIR (2020)<\/strong><\/p>\n\n\n\n<p class=\"has-text-align-center\"><strong>Le v\u00e9ritable outil, il est pas, il est pas dans l&rsquo;travail. C&rsquo;est la lumi\u00e8re qui est l&rsquo;outil<\/strong><\/p>\n\n\n\n<p class=\"has-text-align-center\"><strong>Parce que c&rsquo;est toujours ce qui se passe sous l&rsquo;\u00e9toile Qui me dirige<\/strong><\/p>\n\n\n\n<p class=\"has-text-align-center\">Traverser la lumi\u00e8re \u00e0 travers l&rsquo;horizon<\/p>\n\n\n\n<p class=\"has-text-align-center\">Aimer le silence et ne pas craindre ces discussions Se servir du noir<\/p>\n\n\n\n<p><strong>C&rsquo;est une lumi\u00e8re secr\u00e8te<\/strong><\/p>\n\n\n\n<p><strong>Une lumi\u00e8re qui n&rsquo;est pas \u00e9vidente<\/strong><\/p>\n\n\n\n<p><strong>C&rsquo;est c&rsquo;que je fais qui m&rsquo;apprend c&rsquo;que je cherche C&rsquo;est c&rsquo;que je fais qui m&rsquo;apprend c&rsquo;que je cherche<\/strong><\/p>\n\n\n\n<p><strong>J&rsquo;aime les d\u00e9serts, j&rsquo;aime les \u00e9tendues nues C&rsquo;sont des choses qui&#8230;<\/strong><\/p>\n\n\n\n<p><strong>Comme j&rsquo;aime le silence Comme j&rsquo;aime le silence<\/strong><\/p>\n\n\n\n<h1 class=\"wp-block-heading\">Merci<\/h1>\n\n\n\n<p><strong>pour votre lecture !<\/strong><\/p>\n\n\n\n<div data-wp-interactive=\"core\/file\" class=\"wp-block-file\"><object data-wp-bind--hidden=\"!state.hasPdfPreview\" hidden class=\"wp-block-file__embed\" data=\"https:\/\/patrimoine-laroque-des-alberes.fr\/wp-content\/uploads\/2023\/03\/Pierre-Soulages-citations-et-extraits-2023.pdf\" type=\"application\/pdf\" style=\"width:100%;height:600px\" aria-label=\"Contenu embarqu\u00e9 &lt;strong&gt;&lt;mark&gt;Pierre Soulages - citations et extraits (2023)&lt;\/mark&gt;&lt;\/strong&gt;.\"><\/object><a id=\"wp-block-file--media-0fff7dbe-8895-45ac-96b9-0409edc409b4\" href=\"https:\/\/patrimoine-laroque-des-alberes.fr\/wp-content\/uploads\/2023\/03\/Pierre-Soulages-citations-et-extraits-2023.pdf\"><strong><mark>Pierre Soulages &#8211; citations et extraits (2023)<\/mark><\/strong><\/a><a href=\"https:\/\/patrimoine-laroque-des-alberes.fr\/wp-content\/uploads\/2023\/03\/Pierre-Soulages-citations-et-extraits-2023.pdf\" class=\"wp-block-file__button wp-element-button\" download aria-describedby=\"wp-block-file--media-0fff7dbe-8895-45ac-96b9-0409edc409b4\">T\u00e9l\u00e9charger<\/a><\/div>\n","protected":false},"excerpt":{"rendered":"<p>Salle Cami Clos Laroque-des-Alb\u00e8res Samedi 18 Mars 2023 PIERRE SOULAGES, LE MA\u00ceTRE DE L&rsquo;OUTRENOIR &nbsp;&nbsp;&nbsp;&nbsp;&nbsp;&nbsp;&nbsp;&nbsp;&nbsp;&nbsp;&nbsp;&nbsp;&nbsp;&nbsp;&nbsp;&nbsp;&nbsp;&nbsp;&nbsp;&nbsp;&nbsp;&nbsp;&nbsp;&nbsp;&nbsp;&nbsp;&nbsp;&nbsp;&nbsp;&nbsp;&nbsp;&nbsp;&nbsp;&nbsp; \u00ab C&rsquo;est ce que je fais qui m&rsquo;apprend ce que je cherche. \u00bb Pauline raconte l&rsquo;art Guide-conf\u00e9renci\u00e8re Citations de Pierre Soulages \u00ab Je trouve fascinant que les hommes soient descendus dans les endroits les plus [&hellip;]<\/p>\n","protected":false},"author":1,"featured_media":7744,"parent":0,"menu_order":0,"comment_status":"closed","ping_status":"closed","template":"","meta":{"_monsterinsights_skip_tracking":false,"_monsterinsights_sitenote_active":false,"_monsterinsights_sitenote_note":"","_monsterinsights_sitenote_category":0,"footnotes":""},"class_list":["post-7722","page","type-page","status-publish","has-post-thumbnail","hentry"],"_links":{"self":[{"href":"https:\/\/patrimoine-laroque-des-alberes.fr\/index.php?rest_route=\/wp\/v2\/pages\/7722","targetHints":{"allow":["GET"]}}],"collection":[{"href":"https:\/\/patrimoine-laroque-des-alberes.fr\/index.php?rest_route=\/wp\/v2\/pages"}],"about":[{"href":"https:\/\/patrimoine-laroque-des-alberes.fr\/index.php?rest_route=\/wp\/v2\/types\/page"}],"author":[{"embeddable":true,"href":"https:\/\/patrimoine-laroque-des-alberes.fr\/index.php?rest_route=\/wp\/v2\/users\/1"}],"replies":[{"embeddable":true,"href":"https:\/\/patrimoine-laroque-des-alberes.fr\/index.php?rest_route=%2Fwp%2Fv2%2Fcomments&post=7722"}],"version-history":[{"count":8,"href":"https:\/\/patrimoine-laroque-des-alberes.fr\/index.php?rest_route=\/wp\/v2\/pages\/7722\/revisions"}],"predecessor-version":[{"id":7749,"href":"https:\/\/patrimoine-laroque-des-alberes.fr\/index.php?rest_route=\/wp\/v2\/pages\/7722\/revisions\/7749"}],"wp:featuredmedia":[{"embeddable":true,"href":"https:\/\/patrimoine-laroque-des-alberes.fr\/index.php?rest_route=\/wp\/v2\/media\/7744"}],"wp:attachment":[{"href":"https:\/\/patrimoine-laroque-des-alberes.fr\/index.php?rest_route=%2Fwp%2Fv2%2Fmedia&parent=7722"}],"curies":[{"name":"wp","href":"https:\/\/api.w.org\/{rel}","templated":true}]}}